{"id":99,"date":"2022-08-16T11:49:57","date_gmt":"2022-08-16T11:49:57","guid":{"rendered":"https:\/\/herbalkilokontrol.com.tr\/?post_type=product&#038;p=99"},"modified":"2026-03-26T11:47:48","modified_gmt":"2026-03-26T08:47:48","slug":"herbalife-corba","status":"publish","type":"product","link":"https:\/\/herbalkilokontrol.com.tr\/index.php\/product\/herbalife-corba\/","title":{"rendered":"\u200b\u200bForm\u00fcl 1 \u00d6\u011f\u00fcn Yerine Ge\u00e7en Mantar Aromal\u0131 \u00c7orba\u200b"},"content":{"rendered":"","protected":false},"excerpt":{"rendered":"<p>Ak\u015fam yeme\u011fi i\u00e7in akl\u0131n\u0131za yeni bir fikir gelmiyor mu? \u00d6\u011fle yeme\u011fi i\u00e7in bir kurtar\u0131c\u0131 m\u0131 ar\u0131yorsunuz? \u00d6yleyse, arad\u0131\u011f\u0131n\u0131z \u015fey Form\u00fcl 1 \u00d6\u011f\u00fcn Yerine Ge\u00e7en \u00c7orba olabilir.<\/p>\n<p>Mantar aromas\u0131n\u0131n yo\u011fun, ho\u015f ve ipeksi aromas\u0131yla dama\u011f\u0131n\u0131z\u0131 \u015fenlendirin. Form\u00fcl1 \u00d6\u011f\u00fcn Yerine Ge\u00e7en \u00c7orba; mantar aromas\u0131 e\u015fli\u011finde y\u00fcksek protein, vitaminler, mineraller ve lif kar\u0131\u015f\u0131m\u0131 i\u00e7erir ve ilave \u015feker i\u00e7ermez.<\/p>\n","protected":false},"featured_media":647,"comment_status":"open","ping_status":"closed","template":"","meta":{"om_disable_all_campaigns":false,"_monsterinsights_skip_tracking":false,"_monsterinsights_sitenote_active":false,"_monsterinsights_sitenote_note":"","_monsterinsights_sitenote_category":0},"product_brand":[],"product_cat":[25,92,22,18,91,94],"product_tag":[184,185],"class_list":{"0":"post-99","1":"product","2":"type-product","3":"status-publish","4":"has-post-thumbnail","6":"product_cat-araogun","7":"product_cat-kilo-kontrol","8":"product_cat-beslenme","9":"product_cat-tum-urunler","10":"product_cat-vegans","11":"product_cat-vejeteryan","12":"product_tag-corba","13":"product_tag-hazir-corba","15":"first","16":"instock","17":"sale","18":"taxable","19":"shipping-taxable","20":"purchasable","21":"product-type-simple"},"aioseo_notices":[],"_links":{"self":[{"href":"https:\/\/herbalkilokontrol.com.tr\/index.php\/wp-json\/wp\/v2\/product\/99"}],"collection":[{"href":"https:\/\/herbalkilokontrol.com.tr\/index.php\/wp-json\/wp\/v2\/product"}],"about":[{"href":"https:\/\/herbalkilokontrol.com.tr\/index.php\/wp-json\/wp\/v2\/types\/product"}],"replies":[{"embeddable":true,"href":"https:\/\/herbalkilokontrol.com.tr\/index.php\/wp-json\/wp\/v2\/comments?post=99"}],"wp:featuredmedia":[{"embeddable":true,"href":"https:\/\/herbalkilokontrol.com.tr\/index.php\/wp-json\/wp\/v2\/media\/647"}],"wp:attachment":[{"href":"https:\/\/herbalkilokontrol.com.tr\/index.php\/wp-json\/wp\/v2\/media?parent=99"}],"wp:term":[{"taxonomy":"product_brand","embeddable":true,"href":"https:\/\/herbalkilokontrol.com.tr\/index.php\/wp-json\/wp\/v2\/product_brand?post=99"},{"taxonomy":"product_cat","embeddable":true,"href":"https:\/\/herbalkilokontrol.com.tr\/index.php\/wp-json\/wp\/v2\/product_cat?post=99"},{"taxonomy":"product_tag","embeddable":true,"href":"https:\/\/herbalkilokontrol.com.tr\/index.php\/wp-json\/wp\/v2\/product_tag?post=99"}],"curies":[{"name":"wp","href":"https:\/\/api.w.org\/{rel}","templated":true}]}}