{"id":944,"date":"2024-02-01T13:42:59","date_gmt":"2024-02-01T10:42:59","guid":{"rendered":"https:\/\/herbalkilokontrol.com.tr\/?post_type=product&#038;p=944"},"modified":"2026-01-16T10:37:08","modified_gmt":"2026-01-16T07:37:08","slug":"herbalife-skin-koruyucu-etkili-nemlendirici-spf-30herbalife-skin-besleyici-gece-kremi-kopya","status":"publish","type":"product","link":"https:\/\/herbalkilokontrol.com.tr\/index.php\/product\/herbalife-skin-koruyucu-etkili-nemlendirici-spf-30herbalife-skin-besleyici-gece-kremi-kopya\/","title":{"rendered":"Herbalife SKIN Koruyucu Etkili Nemlendirici SPF 30\u200b"},"content":{"rendered":"","protected":false},"excerpt":{"rendered":"<p>Koruyucu Etkili Nemlendirici SPF 30 ile cilt bak\u0131m\u0131 ve g\u00fcne\u015f korumas\u0131n\u0131n m\u00fckemmel kar\u0131\u015f\u0131m\u0131n\u0131 deneyimleyin.<\/p>\n<p>Cildinizi zararl\u0131 UV \u0131\u015f\u0131nlar\u0131ndan korurken nemlendirme sa\u011flamak i\u00e7in \u00fcretilen bu \u00e7ok ama\u00e7l\u0131 nemlendirici, g\u00fcnl\u00fck rutininize mutlaka eklemeniz gereken bir \u00fcr\u00fcnd\u00fcr. Vitaminler,\u00a0<em>Aloe vera<\/em>\u00a0ve macadamia f\u0131nd\u0131\u011f\u0131 ya\u011f\u0131ndan olu\u015fan cilt dostu bir kar\u0131\u015f\u0131mla form\u00fcle edilen Koruyucu Etkili Nemlendirici SPF 30, cildinizi p\u00fcr\u00fczs\u00fcz ve yumu\u015fak hissettirirken g\u00fcne\u015fin zararl\u0131 \u0131\u015f\u0131nlar\u0131na kar\u015f\u0131 geni\u015f spektrumlu UVA\/UVB korumas\u0131 sa\u011flar.<\/p>\n<p>Koruyucu Etkili Nemlendirici SPF 30 g\u00fcnl\u00fck kullan\u0131m i\u00e7in tasarlanm\u0131\u015ft\u0131r ve cilt bak\u0131m rejiminize sorunsuz bir \u015fekilde uyum sa\u011flar. Ya\u011fl\u0131 bir kal\u0131nt\u0131 b\u0131rakmadan h\u0131zla emilmesi i\u00e7in tasarlanan bu uzun \u00f6m\u00fcrl\u00fc nemlendirici, cilt bak\u0131m\u0131 ve makyaj rutininizi tamamlayan hafif ve nefes alabilen bir kapat\u0131c\u0131l\u0131k sa\u011flar.<\/p>\n","protected":false},"featured_media":1001,"comment_status":"open","ping_status":"closed","template":"","meta":{"om_disable_all_campaigns":false,"_monsterinsights_skip_tracking":false,"_monsterinsights_sitenote_active":false,"_monsterinsights_sitenote_note":"","_monsterinsights_sitenote_category":0},"product_brand":[],"product_cat":[27,104,18],"product_tag":[167,232,231,233,242,165,236,243],"class_list":{"0":"post-944","1":"product","2":"type-product","3":"status-publish","4":"has-post-thumbnail","6":"product_cat-kisiselbakim","7":"product_cat-skin-serisi","8":"product_cat-tum-urunler","9":"product_tag-antioksidan","10":"product_tag-b3-vitamin","11":"product_tag-e-vitamin","12":"product_tag-goz-jeli","13":"product_tag-gunes-koruyucu","14":"product_tag-herbalife","15":"product_tag-skin-serisi","16":"product_tag-spf30","18":"first","19":"outofstock","20":"sale","21":"taxable","22":"shipping-taxable","23":"purchasable","24":"product-type-simple"},"aioseo_notices":[],"_links":{"self":[{"href":"https:\/\/herbalkilokontrol.com.tr\/index.php\/wp-json\/wp\/v2\/product\/944"}],"collection":[{"href":"https:\/\/herbalkilokontrol.com.tr\/index.php\/wp-json\/wp\/v2\/product"}],"about":[{"href":"https:\/\/herbalkilokontrol.com.tr\/index.php\/wp-json\/wp\/v2\/types\/product"}],"replies":[{"embeddable":true,"href":"https:\/\/herbalkilokontrol.com.tr\/index.php\/wp-json\/wp\/v2\/comments?post=944"}],"wp:featuredmedia":[{"embeddable":true,"href":"https:\/\/herbalkilokontrol.com.tr\/index.php\/wp-json\/wp\/v2\/media\/1001"}],"wp:attachment":[{"href":"https:\/\/herbalkilokontrol.com.tr\/index.php\/wp-json\/wp\/v2\/media?parent=944"}],"wp:term":[{"taxonomy":"product_brand","embeddable":true,"href":"https:\/\/herbalkilokontrol.com.tr\/index.php\/wp-json\/wp\/v2\/product_brand?post=944"},{"taxonomy":"product_cat","embeddable":true,"href":"https:\/\/herbalkilokontrol.com.tr\/index.php\/wp-json\/wp\/v2\/product_cat?post=944"},{"taxonomy":"product_tag","embeddable":true,"href":"https:\/\/herbalkilokontrol.com.tr\/index.php\/wp-json\/wp\/v2\/product_tag?post=944"}],"curies":[{"name":"wp","href":"https:\/\/api.w.org\/{rel}","templated":true}]}}