{"id":942,"date":"2024-02-01T13:38:31","date_gmt":"2024-02-01T10:38:31","guid":{"rendered":"https:\/\/herbalkilokontrol.com.tr\/?post_type=product&#038;p=942"},"modified":"2026-03-26T10:35:13","modified_gmt":"2026-03-26T07:35:13","slug":"herbalife-skin-besleyici-gece-kremi","status":"publish","type":"product","link":"https:\/\/herbalkilokontrol.com.tr\/index.php\/product\/herbalife-skin-besleyici-gece-kremi\/","title":{"rendered":"\u200b\u200bHerbalife SKIN Besleyici Gece Kremi\u200b"},"content":{"rendered":"","protected":false},"excerpt":{"rendered":"<p>Besleyici Gece Kremi ile uyurken cildinizi besleyin.<\/p>\n<p>Besleyici Gece Kremi ile cildinizin gece boyunca toparlanmas\u0131na yard\u0131mc\u0131 olun.\u00a0<em>Aloe vera<\/em>, antioksidan vitaminler ve botanik \u00f6zlerin g\u00fc\u00e7l\u00fc bir kar\u0131\u015f\u0131m\u0131yla haz\u0131rlanan bu l\u00fcks krem, geceleri cilde \u00e7ok ihtiya\u00e7 duydu\u011fu nemi sa\u011flamaya yard\u0131mc\u0131 olmak i\u00e7in tasarlanm\u0131\u015ft\u0131r.<\/p>\n<p>Cildiniz ister kuru, ister ya\u011fl\u0131 ya da ikisinin aras\u0131nda bir yerde olsun, Besleyici Gece Kremi farkl\u0131 cilt ihtiya\u00e7lar\u0131n\u0131 kar\u015f\u0131lamak \u00fczere tasarlanm\u0131\u015ft\u0131r. Bu gece kremi, uyguland\u0131ktan sonra cildinizde emilen zengin ancak ya\u011fs\u0131z bir dokuya sahiptir. Besleyici Gece Kremi ile gece cilt bak\u0131m rutininizi geli\u015ftirin.<\/p>\n","protected":false},"featured_media":943,"comment_status":"open","ping_status":"closed","template":"","meta":{"om_disable_all_campaigns":false,"_monsterinsights_skip_tracking":false,"_monsterinsights_sitenote_active":false,"_monsterinsights_sitenote_note":"","_monsterinsights_sitenote_category":0},"product_brand":[],"product_cat":[18,27,104],"product_tag":[167,232,235,231,234,233,237,236],"class_list":{"0":"post-942","1":"product","2":"type-product","3":"status-publish","4":"has-post-thumbnail","6":"product_cat-tum-urunler","7":"product_cat-kisiselbakim","8":"product_cat-skin-serisi","9":"product_tag-antioksidan","10":"product_tag-b3-vitamin","11":"product_tag-besleyici-gece-kremi","12":"product_tag-e-vitamin","13":"product_tag-gece-kremi","14":"product_tag-goz-jeli","15":"product_tag-herbalife-aloe-serisi","16":"product_tag-skin-serisi","18":"first","19":"instock","20":"sale","21":"taxable","22":"shipping-taxable","23":"purchasable","24":"product-type-simple"},"aioseo_notices":[],"_links":{"self":[{"href":"https:\/\/herbalkilokontrol.com.tr\/index.php\/wp-json\/wp\/v2\/product\/942"}],"collection":[{"href":"https:\/\/herbalkilokontrol.com.tr\/index.php\/wp-json\/wp\/v2\/product"}],"about":[{"href":"https:\/\/herbalkilokontrol.com.tr\/index.php\/wp-json\/wp\/v2\/types\/product"}],"replies":[{"embeddable":true,"href":"https:\/\/herbalkilokontrol.com.tr\/index.php\/wp-json\/wp\/v2\/comments?post=942"}],"wp:featuredmedia":[{"embeddable":true,"href":"https:\/\/herbalkilokontrol.com.tr\/index.php\/wp-json\/wp\/v2\/media\/943"}],"wp:attachment":[{"href":"https:\/\/herbalkilokontrol.com.tr\/index.php\/wp-json\/wp\/v2\/media?parent=942"}],"wp:term":[{"taxonomy":"product_brand","embeddable":true,"href":"https:\/\/herbalkilokontrol.com.tr\/index.php\/wp-json\/wp\/v2\/product_brand?post=942"},{"taxonomy":"product_cat","embeddable":true,"href":"https:\/\/herbalkilokontrol.com.tr\/index.php\/wp-json\/wp\/v2\/product_cat?post=942"},{"taxonomy":"product_tag","embeddable":true,"href":"https:\/\/herbalkilokontrol.com.tr\/index.php\/wp-json\/wp\/v2\/product_tag?post=942"}],"curies":[{"name":"wp","href":"https:\/\/api.w.org\/{rel}","templated":true}]}}