{"id":941,"date":"2024-02-01T13:35:23","date_gmt":"2024-02-01T10:35:23","guid":{"rendered":"https:\/\/herbalkilokontrol.com.tr\/?post_type=product&#038;p=941"},"modified":"2026-03-26T10:35:33","modified_gmt":"2026-03-26T07:35:33","slug":"herbalife-skin-nane-ozlu-arindirici-kil-maskesi","status":"publish","type":"product","link":"https:\/\/herbalkilokontrol.com.tr\/index.php\/product\/herbalife-skin-nane-ozlu-arindirici-kil-maskesi\/","title":{"rendered":"\u200b\u200bHerbalife SKIN Nane \u00d6zl\u00fc Ar\u0131nd\u0131r\u0131c\u0131 Kil Maskesi\u200b"},"content":{"rendered":"","protected":false},"excerpt":{"rendered":"<p>Nane \u00d6zl\u00fc Ar\u0131nd\u0131r\u0131c\u0131 Kil Maskesi ile cilt bak\u0131m rutininizi geli\u015ftirin.<\/p>\n<p>Bu l\u00fcks, zengin ve kremsi bentonit kili maskesi cildinizi temizler ve ar\u0131nd\u0131r\u0131r, kirleri \u00e7eker ve fazla ya\u011f\u0131 emer. Nane ve biberiye ile zenginle\u015ftirilmi\u015f Nane \u00d6zl\u00fc Ar\u0131nd\u0131r\u0131c\u0131 Kil Maskesi cildinizi daha yumu\u015fak ve p\u00fcr\u00fczs\u00fcz hissettirmek i\u00e7in tasarlanm\u0131\u015ft\u0131r.<\/p>\n<p>Haftada bir ila \u00fc\u00e7 kez kullan\u0131n ve cilt dokusunun iyile\u015fti\u011fini ve naneden gelen ferahl\u0131k hissini an\u0131nda ya\u015fay\u0131n. Kendinize en iyi ki\u015fisel bak\u0131m rit\u00fcelini uygulay\u0131n ve Nane \u00d6zl\u00fc Ar\u0131nd\u0131r\u0131c\u0131 Kil Maskesi ile spa benzeri bir bak\u0131m\u0131 evinizin konforuna ta\u015f\u0131y\u0131n.<\/p>\n","protected":false},"featured_media":1002,"comment_status":"open","ping_status":"closed","template":"","meta":{"om_disable_all_campaigns":false,"_monsterinsights_skip_tracking":false,"_monsterinsights_sitenote_active":false,"_monsterinsights_sitenote_note":"","_monsterinsights_sitenote_category":0},"product_brand":[],"product_cat":[27,104,18],"product_tag":[167,232,231,233,165,245,244],"class_list":{"0":"post-941","1":"product","2":"type-product","3":"status-publish","4":"has-post-thumbnail","6":"product_cat-kisiselbakim","7":"product_cat-skin-serisi","8":"product_cat-tum-urunler","9":"product_tag-antioksidan","10":"product_tag-b3-vitamin","11":"product_tag-e-vitamin","12":"product_tag-goz-jeli","13":"product_tag-herbalife","14":"product_tag-kil-maskesi","15":"product_tag-maske","17":"first","18":"instock","19":"sale","20":"taxable","21":"shipping-taxable","22":"purchasable","23":"product-type-simple"},"aioseo_notices":[],"_links":{"self":[{"href":"https:\/\/herbalkilokontrol.com.tr\/index.php\/wp-json\/wp\/v2\/product\/941"}],"collection":[{"href":"https:\/\/herbalkilokontrol.com.tr\/index.php\/wp-json\/wp\/v2\/product"}],"about":[{"href":"https:\/\/herbalkilokontrol.com.tr\/index.php\/wp-json\/wp\/v2\/types\/product"}],"replies":[{"embeddable":true,"href":"https:\/\/herbalkilokontrol.com.tr\/index.php\/wp-json\/wp\/v2\/comments?post=941"}],"wp:featuredmedia":[{"embeddable":true,"href":"https:\/\/herbalkilokontrol.com.tr\/index.php\/wp-json\/wp\/v2\/media\/1002"}],"wp:attachment":[{"href":"https:\/\/herbalkilokontrol.com.tr\/index.php\/wp-json\/wp\/v2\/media?parent=941"}],"wp:term":[{"taxonomy":"product_brand","embeddable":true,"href":"https:\/\/herbalkilokontrol.com.tr\/index.php\/wp-json\/wp\/v2\/product_brand?post=941"},{"taxonomy":"product_cat","embeddable":true,"href":"https:\/\/herbalkilokontrol.com.tr\/index.php\/wp-json\/wp\/v2\/product_cat?post=941"},{"taxonomy":"product_tag","embeddable":true,"href":"https:\/\/herbalkilokontrol.com.tr\/index.php\/wp-json\/wp\/v2\/product_tag?post=941"}],"curies":[{"name":"wp","href":"https:\/\/api.w.org\/{rel}","templated":true}]}}