{"id":938,"date":"2024-02-01T13:23:51","date_gmt":"2024-02-01T10:23:51","guid":{"rendered":"https:\/\/herbalkilokontrol.com.tr\/?post_type=product&#038;p=938"},"modified":"2026-03-26T10:41:22","modified_gmt":"2026-03-26T07:41:22","slug":"herbalife-skin-nemlendirici-goz-kremi","status":"publish","type":"product","link":"https:\/\/herbalkilokontrol.com.tr\/index.php\/product\/herbalife-skin-nemlendirici-goz-kremi\/","title":{"rendered":"Herbalife SKIN Nemlendirici G\u00f6z Kremi\u200b"},"content":{"rendered":"","protected":false},"excerpt":{"rendered":"<p>G\u00f6zlerinizin etraf\u0131ndaki hassas b\u00f6lgeye Nemlendirici G\u00f6z Kremi ile ekstra bak\u0131m yap\u0131n.<\/p>\n<p>Bu hafif g\u00f6z kremi ile g\u00f6z \u00e7evrenizdeki hassas cildi yumu\u015fat\u0131n ve p\u00fcr\u00fczs\u00fczle\u015ftirin. Nemlendirici G\u00f6z Kremi, B3 Vitamini, antioksidan C ve E vitaminleri ve yat\u0131\u015ft\u0131r\u0131c\u0131\u00a0<em>Aloe vera<\/em>\u00a0ile ustal\u0131kla form\u00fcle edilmi\u015ftir. Bu nazik form\u00fcl, \u00f6zellikle g\u00f6z altlar\u0131n\u0131z i\u00e7in \u00f6zenle \u00fcretilmi\u015ftir, b\u00f6ylece tahri\u015f konusunda endi\u015felenmenize gerek kalmaz.<\/p>\n<p>Nemlendirici G\u00f6z Kremi g\u00fcnl\u00fck olarak kullan\u0131labilir, t\u00fcm cilt tipleri i\u00e7in uygundur ve g\u00fcvenlik a\u00e7\u0131s\u0131ndan oftalmologlar taraf\u0131ndan test edilmi\u015ftir. En iyi sonu\u00e7lar i\u00e7in, Nemlendirici G\u00f6z Kremi\u2019ni yatmadan \u00f6nce, ak\u015fam cilt bak\u0131m rutininizin bir par\u00e7as\u0131 olarak kullan\u0131n.<\/p>\n","protected":false},"featured_media":1006,"comment_status":"open","ping_status":"closed","template":"","meta":{"om_disable_all_campaigns":false,"_monsterinsights_skip_tracking":false,"_monsterinsights_sitenote_active":false,"_monsterinsights_sitenote_note":"","_monsterinsights_sitenote_category":0},"product_brand":[],"product_cat":[27,104,18],"product_tag":[167,232,231,233,248,165,236],"class_list":{"0":"post-938","1":"product","2":"type-product","3":"status-publish","4":"has-post-thumbnail","6":"product_cat-kisiselbakim","7":"product_cat-skin-serisi","8":"product_cat-tum-urunler","9":"product_tag-antioksidan","10":"product_tag-b3-vitamin","11":"product_tag-e-vitamin","12":"product_tag-goz-jeli","13":"product_tag-goz-kremi","14":"product_tag-herbalife","15":"product_tag-skin-serisi","17":"first","18":"instock","19":"sale","20":"taxable","21":"shipping-taxable","22":"purchasable","23":"product-type-simple"},"aioseo_notices":[],"_links":{"self":[{"href":"https:\/\/herbalkilokontrol.com.tr\/index.php\/wp-json\/wp\/v2\/product\/938"}],"collection":[{"href":"https:\/\/herbalkilokontrol.com.tr\/index.php\/wp-json\/wp\/v2\/product"}],"about":[{"href":"https:\/\/herbalkilokontrol.com.tr\/index.php\/wp-json\/wp\/v2\/types\/product"}],"replies":[{"embeddable":true,"href":"https:\/\/herbalkilokontrol.com.tr\/index.php\/wp-json\/wp\/v2\/comments?post=938"}],"wp:featuredmedia":[{"embeddable":true,"href":"https:\/\/herbalkilokontrol.com.tr\/index.php\/wp-json\/wp\/v2\/media\/1006"}],"wp:attachment":[{"href":"https:\/\/herbalkilokontrol.com.tr\/index.php\/wp-json\/wp\/v2\/media?parent=938"}],"wp:term":[{"taxonomy":"product_brand","embeddable":true,"href":"https:\/\/herbalkilokontrol.com.tr\/index.php\/wp-json\/wp\/v2\/product_brand?post=938"},{"taxonomy":"product_cat","embeddable":true,"href":"https:\/\/herbalkilokontrol.com.tr\/index.php\/wp-json\/wp\/v2\/product_cat?post=938"},{"taxonomy":"product_tag","embeddable":true,"href":"https:\/\/herbalkilokontrol.com.tr\/index.php\/wp-json\/wp\/v2\/product_tag?post=938"}],"curies":[{"name":"wp","href":"https:\/\/api.w.org\/{rel}","templated":true}]}}