{"id":936,"date":"2024-02-01T13:11:25","date_gmt":"2024-02-01T10:11:25","guid":{"rendered":"https:\/\/herbalkilokontrol.com.tr\/?post_type=product&#038;p=936"},"modified":"2026-03-26T10:41:19","modified_gmt":"2026-03-26T07:41:19","slug":"herbalife-skin-sikilastirici-goz-jeli","status":"publish","type":"product","link":"https:\/\/herbalkilokontrol.com.tr\/index.php\/product\/herbalife-skin-sikilastirici-goz-jeli\/","title":{"rendered":"\u200b\u200bHerbalife SKIN S\u0131k\u0131la\u015ft\u0131r\u0131c\u0131 G\u00f6z Jeli\u200b"},"content":{"rendered":"","protected":false},"excerpt":{"rendered":"<p>S\u0131k\u0131la\u015ft\u0131r\u0131c\u0131 G\u00f6z Jeli ile g\u00f6z \u00e7evrenizdeki hassas cilde ekstra bak\u0131m yap\u0131n.<\/p>\n<p>Bu hafif g\u00f6z jeli ile g\u00f6zlerinizin etraf\u0131ndaki hassas b\u00f6lgeyi hedefleyin. S\u0131k\u0131la\u015ft\u0131r\u0131c\u0131 G\u00f6z Jeli, B3 Vitamini, antioksidan C ve E vitaminleri, yat\u0131\u015ft\u0131r\u0131c\u0131\u00a0<em>Aloe vera\u00a0<\/em>ve canland\u0131r\u0131c\u0131 salatal\u0131k \u00f6z\u00fc ile ustal\u0131kla form\u00fcle edilmi\u015f ferahlat\u0131c\u0131 bir jeldir.<\/p>\n","protected":false},"featured_media":937,"comment_status":"open","ping_status":"closed","template":"","meta":{"om_disable_all_campaigns":false,"_monsterinsights_skip_tracking":false,"_monsterinsights_sitenote_active":false,"_monsterinsights_sitenote_note":"","_monsterinsights_sitenote_category":0},"product_brand":[],"product_cat":[27,104],"product_tag":[167,232,231,233,165,236],"class_list":{"0":"post-936","1":"product","2":"type-product","3":"status-publish","4":"has-post-thumbnail","6":"product_cat-kisiselbakim","7":"product_cat-skin-serisi","8":"product_tag-antioksidan","9":"product_tag-b3-vitamin","10":"product_tag-e-vitamin","11":"product_tag-goz-jeli","12":"product_tag-herbalife","13":"product_tag-skin-serisi","15":"first","16":"instock","17":"sale","18":"taxable","19":"shipping-taxable","20":"purchasable","21":"product-type-simple"},"aioseo_notices":[],"_links":{"self":[{"href":"https:\/\/herbalkilokontrol.com.tr\/index.php\/wp-json\/wp\/v2\/product\/936"}],"collection":[{"href":"https:\/\/herbalkilokontrol.com.tr\/index.php\/wp-json\/wp\/v2\/product"}],"about":[{"href":"https:\/\/herbalkilokontrol.com.tr\/index.php\/wp-json\/wp\/v2\/types\/product"}],"replies":[{"embeddable":true,"href":"https:\/\/herbalkilokontrol.com.tr\/index.php\/wp-json\/wp\/v2\/comments?post=936"}],"wp:featuredmedia":[{"embeddable":true,"href":"https:\/\/herbalkilokontrol.com.tr\/index.php\/wp-json\/wp\/v2\/media\/937"}],"wp:attachment":[{"href":"https:\/\/herbalkilokontrol.com.tr\/index.php\/wp-json\/wp\/v2\/media?parent=936"}],"wp:term":[{"taxonomy":"product_brand","embeddable":true,"href":"https:\/\/herbalkilokontrol.com.tr\/index.php\/wp-json\/wp\/v2\/product_brand?post=936"},{"taxonomy":"product_cat","embeddable":true,"href":"https:\/\/herbalkilokontrol.com.tr\/index.php\/wp-json\/wp\/v2\/product_cat?post=936"},{"taxonomy":"product_tag","embeddable":true,"href":"https:\/\/herbalkilokontrol.com.tr\/index.php\/wp-json\/wp\/v2\/product_tag?post=936"}],"curies":[{"name":"wp","href":"https:\/\/api.w.org\/{rel}","templated":true}]}}