{"id":916,"date":"2024-01-31T14:26:40","date_gmt":"2024-01-31T11:26:40","guid":{"rendered":"https:\/\/herbalkilokontrol.com.tr\/?post_type=product&#038;p=916"},"modified":"2026-03-26T10:42:35","modified_gmt":"2026-03-26T07:42:35","slug":"odem-attirici-set","status":"publish","type":"product","link":"https:\/\/herbalkilokontrol.com.tr\/index.php\/product\/odem-attirici-set\/","title":{"rendered":"\u00d6dem Att\u0131r\u0131c\u0131 Set"},"content":{"rendered":"","protected":false},"excerpt":{"rendered":"<p><strong>PAKET \u0130\u00c7ER\u0130\u011e\u0130<\/strong><\/p>\n<p><strong>1. 100 gr \u00c7ay ( 1 Adet )<\/strong><\/p>\n<p><strong>2.Aloe<\/strong><strong>( 1 Adet )<\/strong><\/p>\n<p>\u00dcr\u00fcn Aromalar\u0131n\u0131 De\u011fi\u015ftirmek \u0130sterseniz L\u00fctfen Whatsapp Kanal\u0131yla \u0130leti\u015fime Ge\u00e7in.<\/p>\n<p>\u00fcr\u00fcn Kullan\u0131m\u0131 Ki\u015fiye \u00d6zeldir, fiziksel Duruma, g\u00fcnl\u00fck Aktiviteye Ve Beslenme Durumuna G\u00f6re De\u011fi\u015fiklik G\u00f6sterir.<br \/>\nSize En Uygun Kullan\u0131m Program\u0131n\u0131 \u00d6\u011frenmek Ve \u00dccretsiz Dan\u0131\u015fmanl\u0131k \u0130\u00e7in Bizimle Mutlaka \u0130leti\u015fime Ge\u00e7in\u2026.<\/p>\n","protected":false},"featured_media":917,"comment_status":"open","ping_status":"closed","template":"","meta":{"om_disable_all_campaigns":false,"_monsterinsights_skip_tracking":false,"_monsterinsights_sitenote_active":false,"_monsterinsights_sitenote_note":"","_monsterinsights_sitenote_category":0},"product_brand":[],"product_cat":[28,111,106,93,112,120,108],"product_tag":[],"class_list":{"0":"post-916","1":"product","2":"type-product","3":"status-publish","4":"has-post-thumbnail","6":"product_cat-avantaj","7":"product_cat-erkekler-set","8":"product_cat-hedefe-yonelik-destek","9":"product_cat-icecekler","10":"product_cat-kadin-set","11":"product_cat-kilo-verme","12":"product_cat-performans","14":"first","15":"instock","16":"sale","17":"taxable","18":"shipping-taxable","19":"purchasable","20":"product-type-variable"},"aioseo_notices":[],"_links":{"self":[{"href":"https:\/\/herbalkilokontrol.com.tr\/index.php\/wp-json\/wp\/v2\/product\/916"}],"collection":[{"href":"https:\/\/herbalkilokontrol.com.tr\/index.php\/wp-json\/wp\/v2\/product"}],"about":[{"href":"https:\/\/herbalkilokontrol.com.tr\/index.php\/wp-json\/wp\/v2\/types\/product"}],"replies":[{"embeddable":true,"href":"https:\/\/herbalkilokontrol.com.tr\/index.php\/wp-json\/wp\/v2\/comments?post=916"}],"wp:featuredmedia":[{"embeddable":true,"href":"https:\/\/herbalkilokontrol.com.tr\/index.php\/wp-json\/wp\/v2\/media\/917"}],"wp:attachment":[{"href":"https:\/\/herbalkilokontrol.com.tr\/index.php\/wp-json\/wp\/v2\/media?parent=916"}],"wp:term":[{"taxonomy":"product_brand","embeddable":true,"href":"https:\/\/herbalkilokontrol.com.tr\/index.php\/wp-json\/wp\/v2\/product_brand?post=916"},{"taxonomy":"product_cat","embeddable":true,"href":"https:\/\/herbalkilokontrol.com.tr\/index.php\/wp-json\/wp\/v2\/product_cat?post=916"},{"taxonomy":"product_tag","embeddable":true,"href":"https:\/\/herbalkilokontrol.com.tr\/index.php\/wp-json\/wp\/v2\/product_tag?post=916"}],"curies":[{"name":"wp","href":"https:\/\/api.w.org\/{rel}","templated":true}]}}