{"id":901,"date":"2024-01-31T14:08:43","date_gmt":"2024-01-31T11:08:43","guid":{"rendered":"https:\/\/herbalkilokontrol.com.tr\/?post_type=product&#038;p=901"},"modified":"2026-03-26T11:01:14","modified_gmt":"2026-03-26T08:01:14","slug":"baslangic-seti","status":"publish","type":"product","link":"https:\/\/herbalkilokontrol.com.tr\/index.php\/product\/baslangic-seti\/","title":{"rendered":"Ba\u015flang\u0131\u00e7 Seti"},"content":{"rendered":"","protected":false},"excerpt":{"rendered":"<p><strong>PAKET \u0130\u00c7ER\u0130\u011e\u0130<\/strong><\/p>\n<p><strong>1.Shake\u00a0 ( 1 Adet )<\/strong><\/p>\n<p><strong>2.<\/strong>\u200b\u200b<strong>Herbal Aloe\u00a0<\/strong><strong>( 1 Adet )<\/strong><\/p>\n<p>\u00dcr\u00fcn Aromalar\u0131n\u0131 De\u011fi\u015ftirmek \u0130sterseniz L\u00fctfen Whatsapp Kanal\u0131yla \u0130leti\u015fime Ge\u00e7in.<\/p>\n<p>\u00fcr\u00fcn Kullan\u0131m\u0131 Ki\u015fiye \u00d6zeldir, fiziksel Duruma, g\u00fcnl\u00fck Aktiviteye Ve Beslenme Durumuna G\u00f6re De\u011fi\u015fiklik G\u00f6sterir.<br \/>\nSize En Uygun Kullan\u0131m Program\u0131n\u0131 \u00d6\u011frenmek Ve \u00dccretsiz Dan\u0131\u015fmanl\u0131k \u0130\u00e7in Bizimle Mutlaka \u0130leti\u015fime Ge\u00e7in\u2026.<\/p>\n","protected":false},"featured_media":903,"comment_status":"open","ping_status":"closed","template":"","meta":{"om_disable_all_campaigns":false,"_monsterinsights_skip_tracking":false,"_monsterinsights_sitenote_active":false,"_monsterinsights_sitenote_note":"","_monsterinsights_sitenote_category":0},"product_brand":[],"product_cat":[28,111,112,119,120],"product_tag":[38,69,67,124],"class_list":{"0":"post-901","1":"product","2":"type-product","3":"status-publish","4":"has-post-thumbnail","6":"product_cat-avantaj","7":"product_cat-erkekler-set","8":"product_cat-kadin-set","9":"product_cat-kilo-alma","10":"product_cat-kilo-verme","11":"product_tag-accessories","12":"product_tag-audio","13":"product_tag-earphones","14":"product_tag-template_product","16":"first","17":"instock","18":"sale","19":"taxable","20":"shipping-taxable","21":"purchasable","22":"product-type-variable"},"aioseo_notices":[],"_links":{"self":[{"href":"https:\/\/herbalkilokontrol.com.tr\/index.php\/wp-json\/wp\/v2\/product\/901"}],"collection":[{"href":"https:\/\/herbalkilokontrol.com.tr\/index.php\/wp-json\/wp\/v2\/product"}],"about":[{"href":"https:\/\/herbalkilokontrol.com.tr\/index.php\/wp-json\/wp\/v2\/types\/product"}],"replies":[{"embeddable":true,"href":"https:\/\/herbalkilokontrol.com.tr\/index.php\/wp-json\/wp\/v2\/comments?post=901"}],"wp:featuredmedia":[{"embeddable":true,"href":"https:\/\/herbalkilokontrol.com.tr\/index.php\/wp-json\/wp\/v2\/media\/903"}],"wp:attachment":[{"href":"https:\/\/herbalkilokontrol.com.tr\/index.php\/wp-json\/wp\/v2\/media?parent=901"}],"wp:term":[{"taxonomy":"product_brand","embeddable":true,"href":"https:\/\/herbalkilokontrol.com.tr\/index.php\/wp-json\/wp\/v2\/product_brand?post=901"},{"taxonomy":"product_cat","embeddable":true,"href":"https:\/\/herbalkilokontrol.com.tr\/index.php\/wp-json\/wp\/v2\/product_cat?post=901"},{"taxonomy":"product_tag","embeddable":true,"href":"https:\/\/herbalkilokontrol.com.tr\/index.php\/wp-json\/wp\/v2\/product_tag?post=901"}],"curies":[{"name":"wp","href":"https:\/\/api.w.org\/{rel}","templated":true}]}}