{"id":804,"date":"2024-01-31T11:22:21","date_gmt":"2024-01-31T08:22:21","guid":{"rendered":"https:\/\/herbalkilokontrol.com.tr\/?post_type=product&#038;p=804"},"modified":"2026-01-16T10:52:04","modified_gmt":"2026-01-16T07:52:04","slug":"herbalife-skin-parlaklik-veren-gunluk-nemlendirici","status":"publish","type":"product","link":"https:\/\/herbalkilokontrol.com.tr\/index.php\/product\/herbalife-skin-parlaklik-veren-gunluk-nemlendirici\/","title":{"rendered":"\u200b\u200bHerbalife SKIN Parlakl\u0131k Veren G\u00fcnl\u00fck Nemlendirici\u200b"},"content":{"rendered":"","protected":false},"excerpt":{"rendered":"<p>Parlakl\u0131k Veren G\u00fcnl\u00fck Nemlendirici ile g\u00fcnl\u00fck cilt bak\u0131m rutininizi h\u0131zland\u0131r\u0131n.<\/p>\n<p>Vitaminler,\u00a0<em>Aloe vera<\/em>\u00a0ve macadamia f\u0131nd\u0131\u011f\u0131 ya\u011f\u0131n\u0131n cilt dostu kar\u0131\u015f\u0131m\u0131yla ustal\u0131kla form\u00fcle edilen bu \u00e7ok ama\u00e7l\u0131 nemlendirici y\u00fcz kremi cildinizi beslemek ve nemlendirmek i\u00e7indir.<\/p>\n","protected":false},"featured_media":1009,"comment_status":"open","ping_status":"closed","template":"","meta":{"om_disable_all_campaigns":false,"_monsterinsights_skip_tracking":false,"_monsterinsights_sitenote_active":false,"_monsterinsights_sitenote_note":"","_monsterinsights_sitenote_category":0},"product_brand":[],"product_cat":[18,27,104],"product_tag":[251,249,165,250,236,174],"class_list":{"0":"post-804","1":"product","2":"type-product","3":"status-publish","4":"has-post-thumbnail","6":"product_cat-tum-urunler","7":"product_cat-kisiselbakim","8":"product_cat-skin-serisi","9":"product_tag-cilt","10":"product_tag-gunluk-nemlendirici","11":"product_tag-herbalife","12":"product_tag-isilti","13":"product_tag-skin-serisi","14":"product_tag-vitamin","16":"first","17":"instock","18":"sale","19":"taxable","20":"shipping-taxable","21":"purchasable","22":"product-type-simple"},"aioseo_notices":[],"_links":{"self":[{"href":"https:\/\/herbalkilokontrol.com.tr\/index.php\/wp-json\/wp\/v2\/product\/804"}],"collection":[{"href":"https:\/\/herbalkilokontrol.com.tr\/index.php\/wp-json\/wp\/v2\/product"}],"about":[{"href":"https:\/\/herbalkilokontrol.com.tr\/index.php\/wp-json\/wp\/v2\/types\/product"}],"replies":[{"embeddable":true,"href":"https:\/\/herbalkilokontrol.com.tr\/index.php\/wp-json\/wp\/v2\/comments?post=804"}],"wp:featuredmedia":[{"embeddable":true,"href":"https:\/\/herbalkilokontrol.com.tr\/index.php\/wp-json\/wp\/v2\/media\/1009"}],"wp:attachment":[{"href":"https:\/\/herbalkilokontrol.com.tr\/index.php\/wp-json\/wp\/v2\/media?parent=804"}],"wp:term":[{"taxonomy":"product_brand","embeddable":true,"href":"https:\/\/herbalkilokontrol.com.tr\/index.php\/wp-json\/wp\/v2\/product_brand?post=804"},{"taxonomy":"product_cat","embeddable":true,"href":"https:\/\/herbalkilokontrol.com.tr\/index.php\/wp-json\/wp\/v2\/product_cat?post=804"},{"taxonomy":"product_tag","embeddable":true,"href":"https:\/\/herbalkilokontrol.com.tr\/index.php\/wp-json\/wp\/v2\/product_tag?post=804"}],"curies":[{"name":"wp","href":"https:\/\/api.w.org\/{rel}","templated":true}]}}