{"id":800,"date":"2024-01-31T11:12:41","date_gmt":"2024-01-31T08:12:41","guid":{"rendered":"https:\/\/herbalkilokontrol.com.tr\/?post_type=product&#038;p=800"},"modified":"2026-01-16T10:54:08","modified_gmt":"2026-01-16T07:54:08","slug":"herbalife-skin-canlandirici-bitki-ozlu-tonik","status":"publish","type":"product","link":"https:\/\/herbalkilokontrol.com.tr\/index.php\/product\/herbalife-skin-canlandirici-bitki-ozlu-tonik\/","title":{"rendered":"\u200b\u200bHerbalife SKIN Canland\u0131r\u0131c\u0131 Bitki \u00d6zl\u00fc Tonik\u200b"},"content":{"rendered":"","protected":false},"excerpt":{"rendered":"<p>Canland\u0131r\u0131c\u0131 Bitki \u00d6zl\u00fc Tonik ile cildinizi nemlendirin ve yumu\u015fat\u0131n.<\/p>\n<p>Canland\u0131r\u0131c\u0131 Bitki \u00d6zl\u00fc Tonik,\u00a0<em>Aloe vera<\/em>\u00a0ve B3, C ve E vitaminleri de dahil olmak \u00fczere besleyici bir i\u00e7erik kar\u0131\u015f\u0131m\u0131 ile form\u00fcle edilmi\u015ftir. Canland\u0131r\u0131c\u0131 mandalina narenciye kokusuna sahip bu yat\u0131\u015ft\u0131r\u0131c\u0131 alkols\u00fcz y\u00fcz toni\u011fi, tahri\u015fe neden olmadan yorgun g\u00f6r\u00fcnen cildi nazik\u00e7e yumu\u015fatmak, nemlendirmek ve tazelemek i\u00e7in tasarlanm\u0131\u015ft\u0131r.<\/p>\n<p>Canland\u0131r\u0131c\u0131 Bitki \u00d6zl\u00fc Tonik t\u00fcm cilt tipleri i\u00e7in uygundur ve cildinizin serumu, g\u00fcnl\u00fck nemlendiriciyi veya gece kremini daha iyi almas\u0131 ve emmesi i\u00e7in haz\u0131rlanmas\u0131na yard\u0131mc\u0131 olmak \u00fczere g\u00fcn boyunca kullan\u0131labilir.<\/p>\n","protected":false},"featured_media":801,"comment_status":"open","ping_status":"closed","template":"","meta":{"om_disable_all_campaigns":false,"_monsterinsights_skip_tracking":false,"_monsterinsights_sitenote_active":false,"_monsterinsights_sitenote_note":"","_monsterinsights_sitenote_category":0},"product_brand":[],"product_cat":[27,104,18],"product_tag":[239,240,165,236,238,174],"class_list":{"0":"post-800","1":"product","2":"type-product","3":"status-publish","4":"has-post-thumbnail","6":"product_cat-kisiselbakim","7":"product_cat-skin-serisi","8":"product_cat-tum-urunler","9":"product_tag-bakim","10":"product_tag-canlandirici-tonik","11":"product_tag-herbalife","12":"product_tag-skin-serisi","13":"product_tag-tonik","14":"product_tag-vitamin","16":"first","17":"instock","18":"sale","19":"taxable","20":"shipping-taxable","21":"purchasable","22":"product-type-simple"},"aioseo_notices":[],"_links":{"self":[{"href":"https:\/\/herbalkilokontrol.com.tr\/index.php\/wp-json\/wp\/v2\/product\/800"}],"collection":[{"href":"https:\/\/herbalkilokontrol.com.tr\/index.php\/wp-json\/wp\/v2\/product"}],"about":[{"href":"https:\/\/herbalkilokontrol.com.tr\/index.php\/wp-json\/wp\/v2\/types\/product"}],"replies":[{"embeddable":true,"href":"https:\/\/herbalkilokontrol.com.tr\/index.php\/wp-json\/wp\/v2\/comments?post=800"}],"wp:featuredmedia":[{"embeddable":true,"href":"https:\/\/herbalkilokontrol.com.tr\/index.php\/wp-json\/wp\/v2\/media\/801"}],"wp:attachment":[{"href":"https:\/\/herbalkilokontrol.com.tr\/index.php\/wp-json\/wp\/v2\/media?parent=800"}],"wp:term":[{"taxonomy":"product_brand","embeddable":true,"href":"https:\/\/herbalkilokontrol.com.tr\/index.php\/wp-json\/wp\/v2\/product_brand?post=800"},{"taxonomy":"product_cat","embeddable":true,"href":"https:\/\/herbalkilokontrol.com.tr\/index.php\/wp-json\/wp\/v2\/product_cat?post=800"},{"taxonomy":"product_tag","embeddable":true,"href":"https:\/\/herbalkilokontrol.com.tr\/index.php\/wp-json\/wp\/v2\/product_tag?post=800"}],"curies":[{"name":"wp","href":"https:\/\/api.w.org\/{rel}","templated":true}]}}