{"id":80,"date":"2022-08-16T09:19:18","date_gmt":"2022-08-16T09:19:18","guid":{"rendered":"https:\/\/herbalkilokontrol.com.tr\/?post_type=product&#038;p=80"},"modified":"2026-03-26T11:47:18","modified_gmt":"2026-03-26T08:47:18","slug":"formul-2-erkekler-icin-vitamin-ve-mineral-kompleks-60-tablet","status":"publish","type":"product","link":"https:\/\/herbalkilokontrol.com.tr\/index.php\/product\/formul-2-erkekler-icin-vitamin-ve-mineral-kompleks-60-tablet\/","title":{"rendered":"FORM\u00dcL 2- ERKEKLER \u0130\u00c7\u0130N V\u0130TAM\u0130N VE M\u0130NERAL KOMPLEKS 60 TABLET"},"content":{"rendered":"","protected":false},"excerpt":{"rendered":"<div class=\"wrapper flex flex-col items-start pb-14 md:pt-6 lg:pt-5 lg:flex-row px-4 md:pb-6 md:px-10 lg:px-0 lg:py-5 lg:pb-8 relative\">\n<div class=\"w-full lg:w-[39.236%] lg:pt-[45px] lg:pr-[6.555%] lg:pl-[4.416%] left-0 lg:relative\">\n<div class=\"pt-8 lg:py-0 xl:py-0\">\n<div class=\"sticky top-8 pdp-variants\">\n<p class=\"caption mt-8\">Bilim destekli beslenme \u00fcr\u00fcnlerimiz yaln\u0131zca Herbalife Ba\u011f\u0131ms\u0131z Distrib\u00fct\u00f6rleri arac\u0131l\u0131\u011f\u0131yla temin edilebilir. Bu \u00fcr\u00fcn herhangi bir hastal\u0131\u011f\u0131 te\u015fhis etmek, tedavi etmek, iyile\u015ftirmek veya \u00f6nlemek i\u00e7in tasarlanmam\u0131\u015ft\u0131r.<\/p>\n<\/div>\n<\/div>\n<\/div>\n<\/div>\n","protected":false},"featured_media":989,"comment_status":"open","ping_status":"closed","template":"","meta":{"om_disable_all_campaigns":false,"_monsterinsights_skip_tracking":false,"_monsterinsights_sitenote_active":false,"_monsterinsights_sitenote_note":"","_monsterinsights_sitenote_category":0},"product_brand":[],"product_cat":[18,26],"product_tag":[175,176,172,173,174],"class_list":{"0":"post-80","1":"product","2":"type-product","3":"status-publish","4":"has-post-thumbnail","6":"product_cat-tum-urunler","7":"product_cat-vitaminler","8":"product_tag-b12","9":"product_tag-b6","10":"product_tag-erkekler-ozel","11":"product_tag-set","12":"product_tag-vitamin","14":"first","15":"instock","16":"sale","17":"taxable","18":"shipping-taxable","19":"purchasable","20":"product-type-simple"},"aioseo_notices":[],"_links":{"self":[{"href":"https:\/\/herbalkilokontrol.com.tr\/index.php\/wp-json\/wp\/v2\/product\/80"}],"collection":[{"href":"https:\/\/herbalkilokontrol.com.tr\/index.php\/wp-json\/wp\/v2\/product"}],"about":[{"href":"https:\/\/herbalkilokontrol.com.tr\/index.php\/wp-json\/wp\/v2\/types\/product"}],"replies":[{"embeddable":true,"href":"https:\/\/herbalkilokontrol.com.tr\/index.php\/wp-json\/wp\/v2\/comments?post=80"}],"wp:featuredmedia":[{"embeddable":true,"href":"https:\/\/herbalkilokontrol.com.tr\/index.php\/wp-json\/wp\/v2\/media\/989"}],"wp:attachment":[{"href":"https:\/\/herbalkilokontrol.com.tr\/index.php\/wp-json\/wp\/v2\/media?parent=80"}],"wp:term":[{"taxonomy":"product_brand","embeddable":true,"href":"https:\/\/herbalkilokontrol.com.tr\/index.php\/wp-json\/wp\/v2\/product_brand?post=80"},{"taxonomy":"product_cat","embeddable":true,"href":"https:\/\/herbalkilokontrol.com.tr\/index.php\/wp-json\/wp\/v2\/product_cat?post=80"},{"taxonomy":"product_tag","embeddable":true,"href":"https:\/\/herbalkilokontrol.com.tr\/index.php\/wp-json\/wp\/v2\/product_tag?post=80"}],"curies":[{"name":"wp","href":"https:\/\/api.w.org\/{rel}","templated":true}]}}