{"id":799,"date":"2024-01-31T11:11:08","date_gmt":"2024-01-31T08:11:08","guid":{"rendered":"https:\/\/herbalkilokontrol.com.tr\/?post_type=product&#038;p=799"},"modified":"2026-01-16T10:54:32","modified_gmt":"2026-01-16T07:54:32","slug":"herbalife-skin-narenciye-ozlu-parlatici-yuz-temizleme-jeli","status":"publish","type":"product","link":"https:\/\/herbalkilokontrol.com.tr\/index.php\/product\/herbalife-skin-narenciye-ozlu-parlatici-yuz-temizleme-jeli\/","title":{"rendered":"\u200b\u200bHerbalife SKIN Narenciye \u00d6zl\u00fc Parlat\u0131c\u0131 Y\u00fcz Temizleme Jeli\u200b"},"content":{"rendered":"","protected":false},"excerpt":{"rendered":"<p>Narenciye \u00d6zl\u00fc Parlat\u0131c\u0131 Y\u00fcz Temizleme Jeli ile cildinize biraz sevgi g\u00f6sterin.<\/p>\n<p>Narenciye \u00d6zl\u00fc Parlat\u0131c\u0131 Y\u00fcz Temizleme Jeli, B3 Vitamini, antioksidan C ve E vitaminleri ve\u00a0<em>Aloe vera<\/em>\u00a0ile form\u00fcle edilmi\u015ftir. Bu canland\u0131r\u0131c\u0131 temizleyici ilave paraben veya s\u00fclfat i\u00e7ermez, g\u00fcnl\u00fck olarak kullan\u0131labilir ve yumu\u015fak bir k\u00f6p\u00fc\u011fe sahiptir. Narenciye \u00d6zl\u00fc Parlat\u0131c\u0131 Y\u00fcz Temizleme Jeli, sulu portakallar\u0131n ve lezzetli greyfurtun ferahlat\u0131c\u0131 notalar\u0131yla zarif bir kokuya sahiptir.<\/p>\n","protected":false},"featured_media":1004,"comment_status":"open","ping_status":"closed","template":"","meta":{"om_disable_all_campaigns":false,"_monsterinsights_skip_tracking":false,"_monsterinsights_sitenote_active":false,"_monsterinsights_sitenote_note":"","_monsterinsights_sitenote_category":0},"product_brand":[],"product_cat":[18,27,104],"product_tag":[165,247,236,246],"class_list":{"0":"post-799","1":"product","2":"type-product","3":"status-publish","4":"has-post-thumbnail","6":"product_cat-tum-urunler","7":"product_cat-kisiselbakim","8":"product_cat-skin-serisi","9":"product_tag-herbalife","10":"product_tag-narenciye-ozlu-temizleyici","11":"product_tag-skin-serisi","12":"product_tag-temizleyici","14":"first","15":"instock","16":"sale","17":"taxable","18":"shipping-taxable","19":"purchasable","20":"product-type-simple"},"aioseo_notices":[],"_links":{"self":[{"href":"https:\/\/herbalkilokontrol.com.tr\/index.php\/wp-json\/wp\/v2\/product\/799"}],"collection":[{"href":"https:\/\/herbalkilokontrol.com.tr\/index.php\/wp-json\/wp\/v2\/product"}],"about":[{"href":"https:\/\/herbalkilokontrol.com.tr\/index.php\/wp-json\/wp\/v2\/types\/product"}],"replies":[{"embeddable":true,"href":"https:\/\/herbalkilokontrol.com.tr\/index.php\/wp-json\/wp\/v2\/comments?post=799"}],"wp:featuredmedia":[{"embeddable":true,"href":"https:\/\/herbalkilokontrol.com.tr\/index.php\/wp-json\/wp\/v2\/media\/1004"}],"wp:attachment":[{"href":"https:\/\/herbalkilokontrol.com.tr\/index.php\/wp-json\/wp\/v2\/media?parent=799"}],"wp:term":[{"taxonomy":"product_brand","embeddable":true,"href":"https:\/\/herbalkilokontrol.com.tr\/index.php\/wp-json\/wp\/v2\/product_brand?post=799"},{"taxonomy":"product_cat","embeddable":true,"href":"https:\/\/herbalkilokontrol.com.tr\/index.php\/wp-json\/wp\/v2\/product_cat?post=799"},{"taxonomy":"product_tag","embeddable":true,"href":"https:\/\/herbalkilokontrol.com.tr\/index.php\/wp-json\/wp\/v2\/product_tag?post=799"}],"curies":[{"name":"wp","href":"https:\/\/api.w.org\/{rel}","templated":true}]}}