{"id":795,"date":"2024-01-31T10:59:10","date_gmt":"2024-01-31T07:59:10","guid":{"rendered":"https:\/\/herbalkilokontrol.com.tr\/?post_type=product&#038;p=795"},"modified":"2026-01-16T10:55:03","modified_gmt":"2026-01-16T07:55:03","slug":"herbalife24-cr7-drive","status":"publish","type":"product","link":"https:\/\/herbalkilokontrol.com.tr\/index.php\/product\/herbalife24-cr7-drive\/","title":{"rendered":"Herbalife24\u00ae CR7 Drive"},"content":{"rendered":"","protected":false},"excerpt":{"rendered":"<p>CR7 Drive ile antrenman s\u0131ras\u0131nda s\u0131v\u0131 al\u0131m\u0131 seviyenizi koruyun.<\/p>\n<p>CR7 Drive, Cristiano Ronaldo ile ortakla\u015fa olarak spor beslenme uzmanlar\u0131 taraf\u0131ndan geli\u015ftirilmi\u015ftir. \u00d6zel karbonhidrat-elektrolit form\u00fcl\u00fc ile CR7 Drive su emilimini art\u0131rmaya yard\u0131mc\u0131 olur* ve dayan\u0131kl\u0131l\u0131k performans\u0131n\u0131 s\u00fcrd\u00fcrmeye yard\u0131mc\u0131 oldu\u011fu kan\u0131tlanm\u0131\u015ft\u0131r.**<\/p>\n","protected":false},"featured_media":796,"comment_status":"open","ping_status":"closed","template":"","meta":{"om_disable_all_campaigns":false,"_monsterinsights_skip_tracking":false,"_monsterinsights_sitenote_active":false,"_monsterinsights_sitenote_note":"","_monsterinsights_sitenote_category":0},"product_brand":[],"product_cat":[106,108,110,109,30],"product_tag":[],"class_list":{"0":"post-795","1":"product","2":"type-product","3":"status-publish","4":"has-post-thumbnail","6":"product_cat-hedefe-yonelik-destek","7":"product_cat-performans","8":"product_cat-spor-esnasinda","9":"product_cat-spor-sonrasinda","10":"product_cat-sporcu-urunleri","12":"first","13":"instock","14":"sale","15":"taxable","16":"shipping-taxable","17":"purchasable","18":"product-type-simple"},"aioseo_notices":[],"_links":{"self":[{"href":"https:\/\/herbalkilokontrol.com.tr\/index.php\/wp-json\/wp\/v2\/product\/795"}],"collection":[{"href":"https:\/\/herbalkilokontrol.com.tr\/index.php\/wp-json\/wp\/v2\/product"}],"about":[{"href":"https:\/\/herbalkilokontrol.com.tr\/index.php\/wp-json\/wp\/v2\/types\/product"}],"replies":[{"embeddable":true,"href":"https:\/\/herbalkilokontrol.com.tr\/index.php\/wp-json\/wp\/v2\/comments?post=795"}],"wp:featuredmedia":[{"embeddable":true,"href":"https:\/\/herbalkilokontrol.com.tr\/index.php\/wp-json\/wp\/v2\/media\/796"}],"wp:attachment":[{"href":"https:\/\/herbalkilokontrol.com.tr\/index.php\/wp-json\/wp\/v2\/media?parent=795"}],"wp:term":[{"taxonomy":"product_brand","embeddable":true,"href":"https:\/\/herbalkilokontrol.com.tr\/index.php\/wp-json\/wp\/v2\/product_brand?post=795"},{"taxonomy":"product_cat","embeddable":true,"href":"https:\/\/herbalkilokontrol.com.tr\/index.php\/wp-json\/wp\/v2\/product_cat?post=795"},{"taxonomy":"product_tag","embeddable":true,"href":"https:\/\/herbalkilokontrol.com.tr\/index.php\/wp-json\/wp\/v2\/product_tag?post=795"}],"curies":[{"name":"wp","href":"https:\/\/api.w.org\/{rel}","templated":true}]}}