{"id":793,"date":"2024-01-31T10:55:21","date_gmt":"2024-01-31T07:55:21","guid":{"rendered":"https:\/\/herbalkilokontrol.com.tr\/?post_type=product&#038;p=793"},"modified":"2026-03-26T11:33:52","modified_gmt":"2026-03-26T08:33:52","slug":"herbalife24-rb-promax","status":"publish","type":"product","link":"https:\/\/herbalkilokontrol.com.tr\/index.php\/product\/herbalife24-rb-promax\/","title":{"rendered":"\u200b\u200bHerbalife24\u00ae RB ProMax\u200b"},"content":{"rendered":"","protected":false},"excerpt":{"rendered":"<p>Antrenman sonras\u0131 toparlanman\u0131z\u0131* RB ProMax ile destekleyin.<\/p>\n<p>RB ProMax, sporcular i\u00e7in \u00f6zel olarak geli\u015ftirilmi\u015f bir antrenman sonras\u0131 toparlanma* i\u00e7ece\u011fidir. Eklenmi\u015f L-glutamin ve Dall\u0131 Zincirli Amino Asitler (BCAA) ile form\u00fcle edilen bu proteinle zenginle\u015ftirilmi\u015f sporcu shake\u2019i, anaerobik egzersizden sonra toparlanman\u0131za* yard\u0131mc\u0131 olmak i\u00e7in tasarlanm\u0131\u015ft\u0131r.<\/p>\n","protected":false},"featured_media":794,"comment_status":"open","ping_status":"closed","template":"","meta":{"om_disable_all_campaigns":false,"_monsterinsights_skip_tracking":false,"_monsterinsights_sitenote_active":false,"_monsterinsights_sitenote_note":"","_monsterinsights_sitenote_category":0},"product_brand":[],"product_cat":[106,108,110,109,30],"product_tag":[],"class_list":{"0":"post-793","1":"product","2":"type-product","3":"status-publish","4":"has-post-thumbnail","6":"product_cat-hedefe-yonelik-destek","7":"product_cat-performans","8":"product_cat-spor-esnasinda","9":"product_cat-spor-sonrasinda","10":"product_cat-sporcu-urunleri","12":"first","13":"instock","14":"sale","15":"taxable","16":"shipping-taxable","17":"purchasable","18":"product-type-simple"},"aioseo_notices":[],"_links":{"self":[{"href":"https:\/\/herbalkilokontrol.com.tr\/index.php\/wp-json\/wp\/v2\/product\/793"}],"collection":[{"href":"https:\/\/herbalkilokontrol.com.tr\/index.php\/wp-json\/wp\/v2\/product"}],"about":[{"href":"https:\/\/herbalkilokontrol.com.tr\/index.php\/wp-json\/wp\/v2\/types\/product"}],"replies":[{"embeddable":true,"href":"https:\/\/herbalkilokontrol.com.tr\/index.php\/wp-json\/wp\/v2\/comments?post=793"}],"wp:featuredmedia":[{"embeddable":true,"href":"https:\/\/herbalkilokontrol.com.tr\/index.php\/wp-json\/wp\/v2\/media\/794"}],"wp:attachment":[{"href":"https:\/\/herbalkilokontrol.com.tr\/index.php\/wp-json\/wp\/v2\/media?parent=793"}],"wp:term":[{"taxonomy":"product_brand","embeddable":true,"href":"https:\/\/herbalkilokontrol.com.tr\/index.php\/wp-json\/wp\/v2\/product_brand?post=793"},{"taxonomy":"product_cat","embeddable":true,"href":"https:\/\/herbalkilokontrol.com.tr\/index.php\/wp-json\/wp\/v2\/product_cat?post=793"},{"taxonomy":"product_tag","embeddable":true,"href":"https:\/\/herbalkilokontrol.com.tr\/index.php\/wp-json\/wp\/v2\/product_tag?post=793"}],"curies":[{"name":"wp","href":"https:\/\/api.w.org\/{rel}","templated":true}]}}