{"id":781,"date":"2024-01-31T04:53:29","date_gmt":"2024-01-31T01:53:29","guid":{"rendered":"https:\/\/herbalkilokontrol.com.tr\/?post_type=product&#038;p=781"},"modified":"2026-03-26T11:34:53","modified_gmt":"2026-03-26T08:34:53","slug":"protein-cips-barbeku-aromali","status":"publish","type":"product","link":"https:\/\/herbalkilokontrol.com.tr\/index.php\/product\/protein-cips-barbeku-aromali\/","title":{"rendered":"\u200b\u200bProtein Cips\u200b Barbek\u00fc Aromal\u0131"},"content":{"rendered":"","protected":false},"excerpt":{"rendered":"<p>Protein Cipsler ile at\u0131\u015ft\u0131rmal\u0131k oyununuzu h\u0131zland\u0131r\u0131n. K\u0131zart\u0131lmadan f\u0131r\u0131nlanan bu proteinli at\u0131\u015ft\u0131rmal\u0131k, kar\u015f\u0131 konulmaz \u00e7\u0131t\u0131rl\u0131\u011f\u0131 bezelye proteini ile birle\u015ftirir.<\/p>\n<p>Protein Cipsler, tatmin edici bir \u00e7\u0131t\u0131rl\u0131k i\u00e7in \u0131s\u0131 ile f\u0131r\u0131nlan\u0131r ve her paketi lezzet ile patlar, y\u00fcksek protein i\u00e7erir ve ayr\u0131ca glutensizdir.<\/p>\n<p>\u0130ster film izleyin, ister i\u015f g\u00fcn\u00fcn\u00fcze g\u00fc\u00e7 kat\u0131n, Protein Cipsler m\u00fckemmel bir at\u0131\u015ft\u0131rmal\u0131k arkada\u015f\u0131d\u0131r. Lezzeti ve \u00e7\u0131t\u0131rt\u0131s\u0131 b\u00fcy\u00fck olan bu cipsler, ihtiya\u00e7 duyabilece\u011finiz her an size protein deste\u011fi sa\u011flamak i\u00e7in tasarlanm\u0131\u015ft\u0131r.<\/p>\n","protected":false},"featured_media":778,"comment_status":"open","ping_status":"closed","template":"","meta":{"om_disable_all_campaigns":false,"_monsterinsights_skip_tracking":false,"_monsterinsights_sitenote_active":false,"_monsterinsights_sitenote_note":"","_monsterinsights_sitenote_category":0},"product_brand":[],"product_cat":[25],"product_tag":[],"class_list":{"0":"post-781","1":"product","2":"type-product","3":"status-publish","4":"has-post-thumbnail","6":"product_cat-araogun","8":"first","9":"instock","10":"sale","11":"taxable","12":"shipping-taxable","13":"purchasable","14":"product-type-simple"},"aioseo_notices":[],"_links":{"self":[{"href":"https:\/\/herbalkilokontrol.com.tr\/index.php\/wp-json\/wp\/v2\/product\/781"}],"collection":[{"href":"https:\/\/herbalkilokontrol.com.tr\/index.php\/wp-json\/wp\/v2\/product"}],"about":[{"href":"https:\/\/herbalkilokontrol.com.tr\/index.php\/wp-json\/wp\/v2\/types\/product"}],"replies":[{"embeddable":true,"href":"https:\/\/herbalkilokontrol.com.tr\/index.php\/wp-json\/wp\/v2\/comments?post=781"}],"wp:featuredmedia":[{"embeddable":true,"href":"https:\/\/herbalkilokontrol.com.tr\/index.php\/wp-json\/wp\/v2\/media\/778"}],"wp:attachment":[{"href":"https:\/\/herbalkilokontrol.com.tr\/index.php\/wp-json\/wp\/v2\/media?parent=781"}],"wp:term":[{"taxonomy":"product_brand","embeddable":true,"href":"https:\/\/herbalkilokontrol.com.tr\/index.php\/wp-json\/wp\/v2\/product_brand?post=781"},{"taxonomy":"product_cat","embeddable":true,"href":"https:\/\/herbalkilokontrol.com.tr\/index.php\/wp-json\/wp\/v2\/product_cat?post=781"},{"taxonomy":"product_tag","embeddable":true,"href":"https:\/\/herbalkilokontrol.com.tr\/index.php\/wp-json\/wp\/v2\/product_tag?post=781"}],"curies":[{"name":"wp","href":"https:\/\/api.w.org\/{rel}","templated":true}]}}