{"id":775,"date":"2024-01-31T04:35:06","date_gmt":"2024-01-31T01:35:06","guid":{"rendered":"https:\/\/herbalkilokontrol.com.tr\/?post_type=product&#038;p=775"},"modified":"2026-03-26T11:35:15","modified_gmt":"2026-03-26T08:35:15","slug":"niteworks","status":"publish","type":"product","link":"https:\/\/herbalkilokontrol.com.tr\/index.php\/product\/niteworks\/","title":{"rendered":"Niteworks\u00ae"},"content":{"rendered":"","protected":false},"excerpt":{"rendered":"<p>Niteworks\u00ae ile gece beslenmesinin faydalar\u0131n\u0131 ortaya \u00e7\u0131kar\u0131n.<\/p>\n<p>L-arginin, L-sitr\u00fclin ve Folik asit ile bilimsel olarak form\u00fcle edilen Niteworks\u00ae, h\u00fccreleri oksidatif stresten korumaya yard\u0131mc\u0131 olan C ve E vitaminlerinin bir kar\u0131\u015f\u0131m\u0131n\u0131 da i\u00e7eren gece i\u00e7in bir takviye edici g\u0131dad\u0131r.<\/p>\n<p>Ferahlat\u0131c\u0131 bir narenciye aromas\u0131yla form\u00fcle edilen bu e\u015fsiz toz takviye, sade veya maden suyuna veya meyve suyuna kar\u0131\u015ft\u0131r\u0131labilir. Niteworks\u00ae&#8217;\u00fc ak\u015fam rutininize kolayl\u0131kla dahil edin. Yatmadan \u00f6nce suyunuza ekleyin ve siz dinlenirken amino asitlerin \u00e7al\u0131\u015fmas\u0131na izin verin.<\/p>\n","protected":false},"featured_media":776,"comment_status":"open","ping_status":"closed","template":"","meta":{"om_disable_all_campaigns":false,"_monsterinsights_skip_tracking":false,"_monsterinsights_sitenote_active":false,"_monsterinsights_sitenote_note":"","_monsterinsights_sitenote_category":0},"product_brand":[],"product_cat":[93,122,101,22,18,26],"product_tag":[262,222,263],"class_list":{"0":"post-775","1":"product","2":"type-product","3":"status-publish","4":"has-post-thumbnail","6":"product_cat-icecekler","7":"product_cat-icecekler-caylar","8":"product_cat-takviye-edici-gidalar","9":"product_cat-beslenme","10":"product_cat-tum-urunler","11":"product_cat-vitaminler","12":"product_tag-niteworks","13":"product_tag-omega-3","14":"product_tag-uyku","16":"first","17":"instock","18":"sale","19":"taxable","20":"shipping-taxable","21":"purchasable","22":"product-type-simple"},"aioseo_notices":[],"_links":{"self":[{"href":"https:\/\/herbalkilokontrol.com.tr\/index.php\/wp-json\/wp\/v2\/product\/775"}],"collection":[{"href":"https:\/\/herbalkilokontrol.com.tr\/index.php\/wp-json\/wp\/v2\/product"}],"about":[{"href":"https:\/\/herbalkilokontrol.com.tr\/index.php\/wp-json\/wp\/v2\/types\/product"}],"replies":[{"embeddable":true,"href":"https:\/\/herbalkilokontrol.com.tr\/index.php\/wp-json\/wp\/v2\/comments?post=775"}],"wp:featuredmedia":[{"embeddable":true,"href":"https:\/\/herbalkilokontrol.com.tr\/index.php\/wp-json\/wp\/v2\/media\/776"}],"wp:attachment":[{"href":"https:\/\/herbalkilokontrol.com.tr\/index.php\/wp-json\/wp\/v2\/media?parent=775"}],"wp:term":[{"taxonomy":"product_brand","embeddable":true,"href":"https:\/\/herbalkilokontrol.com.tr\/index.php\/wp-json\/wp\/v2\/product_brand?post=775"},{"taxonomy":"product_cat","embeddable":true,"href":"https:\/\/herbalkilokontrol.com.tr\/index.php\/wp-json\/wp\/v2\/product_cat?post=775"},{"taxonomy":"product_tag","embeddable":true,"href":"https:\/\/herbalkilokontrol.com.tr\/index.php\/wp-json\/wp\/v2\/product_tag?post=775"}],"curies":[{"name":"wp","href":"https:\/\/api.w.org\/{rel}","templated":true}]}}