{"id":773,"date":"2024-01-31T04:28:38","date_gmt":"2024-01-31T01:28:38","guid":{"rendered":"https:\/\/herbalkilokontrol.com.tr\/?post_type=product&#038;p=773"},"modified":"2026-03-26T11:35:35","modified_gmt":"2026-03-26T08:35:35","slug":"herbalifeline-max","status":"publish","type":"product","link":"https:\/\/herbalkilokontrol.com.tr\/index.php\/product\/herbalifeline-max\/","title":{"rendered":"Herbalifeline\u00ae Max"},"content":{"rendered":"","protected":false},"excerpt":{"rendered":"<p>S\u00fcrd\u00fcr\u00fclebilir kaynakl\u0131 bal\u0131k ya\u011flar\u0131 ile form\u00fcle edilmi\u015f Herbalifeline\u00ae Max ile omega-3 ya\u011f asitlerinin faydalar\u0131n\u0131 ortaya \u00e7\u0131kar\u0131n.*<\/p>\n<p>Bu g\u00fcnl\u00fck takviye edici g\u0131da, taze bir tat vermek i\u00e7in kekik ve nane esansiyel ya\u011flar\u0131 ile \u00f6zenle haz\u0131rlanm\u0131\u015f kullan\u0131\u015fl\u0131 vejetaryen jel kaps\u00fcllerde gelir.<\/p>\n","protected":false},"featured_media":774,"comment_status":"open","ping_status":"closed","template":"","meta":{"om_disable_all_campaigns":false,"_monsterinsights_skip_tracking":false,"_monsterinsights_sitenote_active":false,"_monsterinsights_sitenote_note":"","_monsterinsights_sitenote_category":0},"product_brand":[],"product_cat":[25,101,22,26],"product_tag":[222],"class_list":{"0":"post-773","1":"product","2":"type-product","3":"status-publish","4":"has-post-thumbnail","6":"product_cat-araogun","7":"product_cat-takviye-edici-gidalar","8":"product_cat-beslenme","9":"product_cat-vitaminler","10":"product_tag-omega-3","12":"first","13":"instock","14":"sale","15":"taxable","16":"shipping-taxable","17":"purchasable","18":"product-type-simple"},"aioseo_notices":[],"_links":{"self":[{"href":"https:\/\/herbalkilokontrol.com.tr\/index.php\/wp-json\/wp\/v2\/product\/773"}],"collection":[{"href":"https:\/\/herbalkilokontrol.com.tr\/index.php\/wp-json\/wp\/v2\/product"}],"about":[{"href":"https:\/\/herbalkilokontrol.com.tr\/index.php\/wp-json\/wp\/v2\/types\/product"}],"replies":[{"embeddable":true,"href":"https:\/\/herbalkilokontrol.com.tr\/index.php\/wp-json\/wp\/v2\/comments?post=773"}],"wp:featuredmedia":[{"embeddable":true,"href":"https:\/\/herbalkilokontrol.com.tr\/index.php\/wp-json\/wp\/v2\/media\/774"}],"wp:attachment":[{"href":"https:\/\/herbalkilokontrol.com.tr\/index.php\/wp-json\/wp\/v2\/media?parent=773"}],"wp:term":[{"taxonomy":"product_brand","embeddable":true,"href":"https:\/\/herbalkilokontrol.com.tr\/index.php\/wp-json\/wp\/v2\/product_brand?post=773"},{"taxonomy":"product_cat","embeddable":true,"href":"https:\/\/herbalkilokontrol.com.tr\/index.php\/wp-json\/wp\/v2\/product_cat?post=773"},{"taxonomy":"product_tag","embeddable":true,"href":"https:\/\/herbalkilokontrol.com.tr\/index.php\/wp-json\/wp\/v2\/product_tag?post=773"}],"curies":[{"name":"wp","href":"https:\/\/api.w.org\/{rel}","templated":true}]}}