{"id":767,"date":"2024-01-31T03:58:00","date_gmt":"2024-01-31T00:58:00","guid":{"rendered":"https:\/\/herbalkilokontrol.com.tr\/?post_type=product&#038;p=767"},"modified":"2026-03-26T11:37:14","modified_gmt":"2026-03-26T08:37:14","slug":"heartwell-vanilya-aromali","status":"publish","type":"product","link":"https:\/\/herbalkilokontrol.com.tr\/index.php\/product\/heartwell-vanilya-aromali\/","title":{"rendered":"\u200b\u200bHeartwell\u2122\u200b Vanilya Aromal\u0131"},"content":{"rendered":"","protected":false},"excerpt":{"rendered":"<p>G\u00fcnl\u00fck beslenmenizi a\u015fa\u011f\u0131dakilerle geli\u015ftirin Heartwell\u2122 lif oran\u0131 y\u00fcksek ve protein kayna\u011f\u0131 olan besleyici bir kar\u0131\u015f\u0131md\u0131r.<\/p>\n<p>Bu \u015fekersiz, vanilya aromal\u0131 tozun iki \u00f6l\u00e7\u00fc ka\u015f\u0131\u011f\u0131, 3 gram\u0131 tescilli OatWell\u00ae yulaf beta-glukan i\u00e7eri\u011finden gelen beta-glukanlar olmak \u00fczere 6 gram lif sa\u011flar.<\/p>\n","protected":false},"featured_media":768,"comment_status":"open","ping_status":"closed","template":"","meta":{"om_disable_all_campaigns":false,"_monsterinsights_skip_tracking":false,"_monsterinsights_sitenote_active":false,"_monsterinsights_sitenote_note":"","_monsterinsights_sitenote_category":0},"product_brand":[],"product_cat":[18,122,22,92,25,26,101],"product_tag":[220],"class_list":{"0":"post-767","1":"product","2":"type-product","3":"status-publish","4":"has-post-thumbnail","6":"product_cat-tum-urunler","7":"product_cat-icecekler-caylar","8":"product_cat-beslenme","9":"product_cat-kilo-kontrol","10":"product_cat-araogun","11":"product_cat-vitaminler","12":"product_cat-takviye-edici-gidalar","13":"product_tag-elma","15":"first","16":"instock","17":"sale","18":"taxable","19":"shipping-taxable","20":"purchasable","21":"product-type-simple"},"aioseo_notices":[],"_links":{"self":[{"href":"https:\/\/herbalkilokontrol.com.tr\/index.php\/wp-json\/wp\/v2\/product\/767"}],"collection":[{"href":"https:\/\/herbalkilokontrol.com.tr\/index.php\/wp-json\/wp\/v2\/product"}],"about":[{"href":"https:\/\/herbalkilokontrol.com.tr\/index.php\/wp-json\/wp\/v2\/types\/product"}],"replies":[{"embeddable":true,"href":"https:\/\/herbalkilokontrol.com.tr\/index.php\/wp-json\/wp\/v2\/comments?post=767"}],"wp:featuredmedia":[{"embeddable":true,"href":"https:\/\/herbalkilokontrol.com.tr\/index.php\/wp-json\/wp\/v2\/media\/768"}],"wp:attachment":[{"href":"https:\/\/herbalkilokontrol.com.tr\/index.php\/wp-json\/wp\/v2\/media?parent=767"}],"wp:term":[{"taxonomy":"product_brand","embeddable":true,"href":"https:\/\/herbalkilokontrol.com.tr\/index.php\/wp-json\/wp\/v2\/product_brand?post=767"},{"taxonomy":"product_cat","embeddable":true,"href":"https:\/\/herbalkilokontrol.com.tr\/index.php\/wp-json\/wp\/v2\/product_cat?post=767"},{"taxonomy":"product_tag","embeddable":true,"href":"https:\/\/herbalkilokontrol.com.tr\/index.php\/wp-json\/wp\/v2\/product_tag?post=767"}],"curies":[{"name":"wp","href":"https:\/\/api.w.org\/{rel}","templated":true}]}}