{"id":750,"date":"2024-01-31T03:17:27","date_gmt":"2024-01-31T00:17:27","guid":{"rendered":"https:\/\/herbalkilokontrol.com.tr\/?post_type=product&#038;p=750"},"modified":"2026-03-26T11:43:05","modified_gmt":"2026-03-26T08:43:05","slug":"herbalife-cay-ve-bitki-ekstreli-limon-aromali-50-g-icecek-tozu","status":"publish","type":"product","link":"https:\/\/herbalkilokontrol.com.tr\/index.php\/product\/herbalife-cay-ve-bitki-ekstreli-limon-aromali-50-g-icecek-tozu\/","title":{"rendered":"Herbalife \u00c7ay ve Bitki Ekstreli Limon Aromal\u0131 50 g \u0130\u00e7ecek Tozu"},"content":{"rendered":"","protected":false},"excerpt":{"rendered":"<div class=\"wrapper flex flex-col items-start pb-14 md:pt-6 lg:pt-5 lg:flex-row px-4 md:pb-6 md:px-10 lg:px-0 lg:py-5 lg:pb-8 relative\">\n<div class=\"w-full lg:w-[39.236%] lg:pt-[45px] lg:pr-[6.555%] lg:pl-[4.416%] left-0 lg:relative\">\n<div class=\"pt-8 lg:py-0 xl:py-0\">\n<div class=\"sticky top-8 pdp-variants\">\n<p class=\"caption mt-8\">Bilim destekli beslenme \u00fcr\u00fcnlerimiz yaln\u0131zca Herbalife Ba\u011f\u0131ms\u0131z Distrib\u00fct\u00f6rleri arac\u0131l\u0131\u011f\u0131yla temin edilebilir. Bu \u00fcr\u00fcn herhangi bir hastal\u0131\u011f\u0131 te\u015fhis etmek, tedavi etmek, iyile\u015ftirmek veya \u00f6nlemek i\u00e7in tasarlanmam\u0131\u015ft\u0131r.<\/p>\n<\/div>\n<\/div>\n<\/div>\n<\/div>\n<div id=\"sticky-referece\"><\/div>\n<div id=\"pdp-product-tabs\" class=\"py-14 lg:pb-28\">\n<div class=\"wrapper\">\n<div class=\"hidden lg:block\">\n<div class=\"w-full relative\" data-testid=\"tabs\">\n<div class=\"flex justify-between w-full hl-component relative\">\n<div id=\"tabsList\" class=\"flex lg:grid gap-x-4 overflow-x-auto lg:grid-cols-4 scrollbar-hidden w-full\" role=\"tablist\" data-testid=\"tabsList\">\n<div class=\"flex items-center justify-between\"><\/div>\n<\/div>\n<\/div>\n<\/div>\n<\/div>\n<\/div>\n<\/div>\n","protected":false},"featured_media":741,"comment_status":"open","ping_status":"closed","template":"","meta":{"om_disable_all_campaigns":false,"_monsterinsights_skip_tracking":false,"_monsterinsights_sitenote_active":false,"_monsterinsights_sitenote_note":"","_monsterinsights_sitenote_category":0},"product_brand":[],"product_cat":[93,122,92,22,18],"product_tag":[162,161,163,183,217],"class_list":{"0":"post-750","1":"product","2":"type-product","3":"status-publish","4":"has-post-thumbnail","6":"product_cat-icecekler","7":"product_cat-icecekler-caylar","8":"product_cat-kilo-kontrol","9":"product_cat-beslenme","10":"product_cat-tum-urunler","11":"product_tag-aromali-cay","12":"product_tag-bitkisel-cay","13":"product_tag-konsantre-cay","14":"product_tag-limon","15":"product_tag-seftali","17":"first","18":"instock","19":"sale","20":"taxable","21":"shipping-taxable","22":"purchasable","23":"product-type-simple"},"aioseo_notices":[],"_links":{"self":[{"href":"https:\/\/herbalkilokontrol.com.tr\/index.php\/wp-json\/wp\/v2\/product\/750"}],"collection":[{"href":"https:\/\/herbalkilokontrol.com.tr\/index.php\/wp-json\/wp\/v2\/product"}],"about":[{"href":"https:\/\/herbalkilokontrol.com.tr\/index.php\/wp-json\/wp\/v2\/types\/product"}],"replies":[{"embeddable":true,"href":"https:\/\/herbalkilokontrol.com.tr\/index.php\/wp-json\/wp\/v2\/comments?post=750"}],"wp:featuredmedia":[{"embeddable":true,"href":"https:\/\/herbalkilokontrol.com.tr\/index.php\/wp-json\/wp\/v2\/media\/741"}],"wp:attachment":[{"href":"https:\/\/herbalkilokontrol.com.tr\/index.php\/wp-json\/wp\/v2\/media?parent=750"}],"wp:term":[{"taxonomy":"product_brand","embeddable":true,"href":"https:\/\/herbalkilokontrol.com.tr\/index.php\/wp-json\/wp\/v2\/product_brand?post=750"},{"taxonomy":"product_cat","embeddable":true,"href":"https:\/\/herbalkilokontrol.com.tr\/index.php\/wp-json\/wp\/v2\/product_cat?post=750"},{"taxonomy":"product_tag","embeddable":true,"href":"https:\/\/herbalkilokontrol.com.tr\/index.php\/wp-json\/wp\/v2\/product_tag?post=750"}],"curies":[{"name":"wp","href":"https:\/\/api.w.org\/{rel}","templated":true}]}}