{"id":732,"date":"2024-01-31T02:16:18","date_gmt":"2024-01-30T23:16:18","guid":{"rendered":"https:\/\/herbalkilokontrol.com.tr\/?post_type=product&#038;p=732"},"modified":"2026-03-26T11:44:42","modified_gmt":"2026-03-26T08:44:42","slug":"vitamin-ve-mineral-kompleks-kadinlar-icin","status":"publish","type":"product","link":"https:\/\/herbalkilokontrol.com.tr\/index.php\/product\/vitamin-ve-mineral-kompleks-kadinlar-icin\/","title":{"rendered":"Vitamin ve Mineral Kompleks Kad\u0131nlar \u0130\u00e7in\u200b"},"content":{"rendered":"","protected":false},"excerpt":{"rendered":"<div class=\"wrapper flex flex-col items-start pb-14 md:pt-6 lg:pt-5 lg:flex-row px-4 md:pb-6 md:px-10 lg:px-0 lg:py-5 lg:pb-8 relative\">\n<div class=\"w-full lg:w-[39.236%] lg:pt-[45px] lg:pr-[6.555%] lg:pl-[4.416%] left-0 lg:relative\">\n<div class=\"pt-8 lg:py-0 xl:py-0\">\n<div class=\"sticky top-8 pdp-variants\">\n<p class=\"caption mt-8\">Kad\u0131nlar i\u00e7in Form\u00fcl 2 Vitamin ve Mineral Kompleks, kad\u0131nlar\u0131n benzersiz beslenme ihtiya\u00e7lar\u0131na g\u00f6re \u00f6zel olarak geli\u015ftirilmi\u015f bir takviye edici g\u0131dad\u0131r.<\/p>\n<\/div>\n<\/div>\n<\/div>\n<\/div>\n","protected":false},"featured_media":574,"comment_status":"open","ping_status":"closed","template":"","meta":{"om_disable_all_campaigns":false,"_monsterinsights_skip_tracking":false,"_monsterinsights_sitenote_active":false,"_monsterinsights_sitenote_note":"","_monsterinsights_sitenote_category":0},"product_brand":[],"product_cat":[26,101],"product_tag":[175,176,172,215,216,173,174],"class_list":{"0":"post-732","1":"product","2":"type-product","3":"status-publish","4":"has-post-thumbnail","6":"product_cat-vitaminler","7":"product_cat-takviye-edici-gidalar","8":"product_tag-b12","9":"product_tag-b6","10":"product_tag-erkekler-ozel","11":"product_tag-kadinlar","12":"product_tag-mineral","13":"product_tag-set","14":"product_tag-vitamin","16":"first","17":"instock","18":"sale","19":"taxable","20":"shipping-taxable","21":"purchasable","22":"product-type-simple"},"aioseo_notices":[],"_links":{"self":[{"href":"https:\/\/herbalkilokontrol.com.tr\/index.php\/wp-json\/wp\/v2\/product\/732"}],"collection":[{"href":"https:\/\/herbalkilokontrol.com.tr\/index.php\/wp-json\/wp\/v2\/product"}],"about":[{"href":"https:\/\/herbalkilokontrol.com.tr\/index.php\/wp-json\/wp\/v2\/types\/product"}],"replies":[{"embeddable":true,"href":"https:\/\/herbalkilokontrol.com.tr\/index.php\/wp-json\/wp\/v2\/comments?post=732"}],"wp:featuredmedia":[{"embeddable":true,"href":"https:\/\/herbalkilokontrol.com.tr\/index.php\/wp-json\/wp\/v2\/media\/574"}],"wp:attachment":[{"href":"https:\/\/herbalkilokontrol.com.tr\/index.php\/wp-json\/wp\/v2\/media?parent=732"}],"wp:term":[{"taxonomy":"product_brand","embeddable":true,"href":"https:\/\/herbalkilokontrol.com.tr\/index.php\/wp-json\/wp\/v2\/product_brand?post=732"},{"taxonomy":"product_cat","embeddable":true,"href":"https:\/\/herbalkilokontrol.com.tr\/index.php\/wp-json\/wp\/v2\/product_cat?post=732"},{"taxonomy":"product_tag","embeddable":true,"href":"https:\/\/herbalkilokontrol.com.tr\/index.php\/wp-json\/wp\/v2\/product_tag?post=732"}],"curies":[{"name":"wp","href":"https:\/\/api.w.org\/{rel}","templated":true}]}}