{"id":720,"date":"2024-01-31T02:02:35","date_gmt":"2024-01-30T23:02:35","guid":{"rendered":"https:\/\/herbalkilokontrol.com.tr\/?post_type=product&#038;p=720"},"modified":"2026-03-26T11:49:09","modified_gmt":"2026-03-26T08:49:09","slug":"vanilya-aromali-besleyici-shake-karisimi","status":"publish","type":"product","link":"https:\/\/herbalkilokontrol.com.tr\/index.php\/product\/vanilya-aromali-besleyici-shake-karisimi\/","title":{"rendered":"Vanilya Aromal\u0131 Besleyici Shake Kar\u0131\u015f\u0131m\u0131"},"content":{"rendered":"","protected":false},"excerpt":{"rendered":"<div class=\"wrapper flex flex-col items-start pb-14 md:pt-6 lg:pt-5 lg:flex-row px-4 md:pb-6 md:px-10 lg:px-0 lg:py-5 lg:pb-8 relative\">\n<div class=\"w-full lg:w-[39.236%] lg:pt-[45px] lg:pr-[6.555%] lg:pl-[4.416%] left-0 lg:relative\">\n<div class=\"pt-8 lg:py-0 xl:py-0\">\n<div class=\"sticky top-8 pdp-variants\">\n<p class=\"caption mt-8\">\u0130ster kilo kontrol hedeflerinizi desteklemek istiyor olun, ister sadece g\u00fcnl\u00fck dengeli beslenme i\u00e7in uygun bir se\u00e7enek ar\u0131yor olun, Form\u00fcl 1 \u00d6\u011f\u00fcn Yerine Ge\u00e7en Besleyici Shake Kar\u0131\u015f\u0131m\u0131, lezzet veya rahatl\u0131ktan \u00f6d\u00fcn vermeden v\u00fccudunuza ihtiyac\u0131 olan\u0131 vermenize yard\u0131mc\u0131 olabilir.*<\/p>\n<\/div>\n<\/div>\n<\/div>\n<\/div>\n","protected":false},"featured_media":708,"comment_status":"open","ping_status":"closed","template":"","meta":{"om_disable_all_campaigns":false,"_monsterinsights_skip_tracking":false,"_monsterinsights_sitenote_active":false,"_monsterinsights_sitenote_note":"","_monsterinsights_sitenote_category":0},"product_brand":[],"product_cat":[92,22],"product_tag":[208,206,203,202,204,205,207,188,209,174],"class_list":{"0":"post-720","1":"product","2":"type-product","3":"status-publish","4":"has-post-thumbnail","6":"product_cat-kilo-kontrol","7":"product_cat-beslenme","8":"product_tag-aksam","9":"product_tag-kahvalti","10":"product_tag-karbonhidrat","11":"product_tag-kilo-yonetimi","12":"product_tag-lif","13":"product_tag-mineraller","14":"product_tag-ogle","15":"product_tag-protein","16":"product_tag-vanilya","17":"product_tag-vitamin","19":"first","20":"instock","21":"sale","22":"taxable","23":"shipping-taxable","24":"purchasable","25":"product-type-simple"},"aioseo_notices":[],"_links":{"self":[{"href":"https:\/\/herbalkilokontrol.com.tr\/index.php\/wp-json\/wp\/v2\/product\/720"}],"collection":[{"href":"https:\/\/herbalkilokontrol.com.tr\/index.php\/wp-json\/wp\/v2\/product"}],"about":[{"href":"https:\/\/herbalkilokontrol.com.tr\/index.php\/wp-json\/wp\/v2\/types\/product"}],"replies":[{"embeddable":true,"href":"https:\/\/herbalkilokontrol.com.tr\/index.php\/wp-json\/wp\/v2\/comments?post=720"}],"wp:featuredmedia":[{"embeddable":true,"href":"https:\/\/herbalkilokontrol.com.tr\/index.php\/wp-json\/wp\/v2\/media\/708"}],"wp:attachment":[{"href":"https:\/\/herbalkilokontrol.com.tr\/index.php\/wp-json\/wp\/v2\/media?parent=720"}],"wp:term":[{"taxonomy":"product_brand","embeddable":true,"href":"https:\/\/herbalkilokontrol.com.tr\/index.php\/wp-json\/wp\/v2\/product_brand?post=720"},{"taxonomy":"product_cat","embeddable":true,"href":"https:\/\/herbalkilokontrol.com.tr\/index.php\/wp-json\/wp\/v2\/product_cat?post=720"},{"taxonomy":"product_tag","embeddable":true,"href":"https:\/\/herbalkilokontrol.com.tr\/index.php\/wp-json\/wp\/v2\/product_tag?post=720"}],"curies":[{"name":"wp","href":"https:\/\/api.w.org\/{rel}","templated":true}]}}