{"id":660,"date":"2024-01-29T13:03:41","date_gmt":"2024-01-29T10:03:41","guid":{"rendered":"https:\/\/herbalkilokontrol.com.tr\/?post_type=product&#038;p=660"},"modified":"2026-03-26T11:51:35","modified_gmt":"2026-03-26T08:51:35","slug":"herbalife-super-shaker-ozel-aparatli","status":"publish","type":"product","link":"https:\/\/herbalkilokontrol.com.tr\/index.php\/product\/herbalife-super-shaker-ozel-aparatli\/","title":{"rendered":"Herbalife S\u00fcper Shaker \u00d6zel Aparatl\u0131"},"content":{"rendered":"","protected":false},"excerpt":{"rendered":"<div class=\"product-short-desc\">\n<p>Resmi Herbalife<\/p>\n<h1 class=\"title\">S\u00fcper Shaker \u00d6zel Aparatl\u0131<\/h1>\n<p>Distribut\u00f6r Sayfas\u0131 Yeni Tarihli Orijinal \u00dcr\u00fcn %100 Fatural\u0131 H\u0131zl\u0131 Kargo<\/p>\n<\/div>\n<div class=\"product-reviews\">\n<div class=\"stars\"><\/div>\n<\/div>\n","protected":false},"featured_media":661,"comment_status":"open","ping_status":"closed","template":"","meta":{"om_disable_all_campaigns":false,"_monsterinsights_skip_tracking":false,"_monsterinsights_sitenote_active":false,"_monsterinsights_sitenote_note":"","_monsterinsights_sitenote_category":0},"product_brand":[],"product_cat":[127],"product_tag":[178,165],"class_list":{"0":"post-660","1":"product","2":"type-product","3":"status-publish","4":"has-post-thumbnail","6":"product_cat-baskili-urunler","7":"product_tag-alisveris-cantasi","8":"product_tag-herbalife","10":"first","11":"instock","12":"sale","13":"taxable","14":"shipping-taxable","15":"purchasable","16":"product-type-simple"},"aioseo_notices":[],"_links":{"self":[{"href":"https:\/\/herbalkilokontrol.com.tr\/index.php\/wp-json\/wp\/v2\/product\/660"}],"collection":[{"href":"https:\/\/herbalkilokontrol.com.tr\/index.php\/wp-json\/wp\/v2\/product"}],"about":[{"href":"https:\/\/herbalkilokontrol.com.tr\/index.php\/wp-json\/wp\/v2\/types\/product"}],"replies":[{"embeddable":true,"href":"https:\/\/herbalkilokontrol.com.tr\/index.php\/wp-json\/wp\/v2\/comments?post=660"}],"wp:featuredmedia":[{"embeddable":true,"href":"https:\/\/herbalkilokontrol.com.tr\/index.php\/wp-json\/wp\/v2\/media\/661"}],"wp:attachment":[{"href":"https:\/\/herbalkilokontrol.com.tr\/index.php\/wp-json\/wp\/v2\/media?parent=660"}],"wp:term":[{"taxonomy":"product_brand","embeddable":true,"href":"https:\/\/herbalkilokontrol.com.tr\/index.php\/wp-json\/wp\/v2\/product_brand?post=660"},{"taxonomy":"product_cat","embeddable":true,"href":"https:\/\/herbalkilokontrol.com.tr\/index.php\/wp-json\/wp\/v2\/product_cat?post=660"},{"taxonomy":"product_tag","embeddable":true,"href":"https:\/\/herbalkilokontrol.com.tr\/index.php\/wp-json\/wp\/v2\/product_tag?post=660"}],"curies":[{"name":"wp","href":"https:\/\/api.w.org\/{rel}","templated":true}]}}