{"id":650,"date":"2024-01-29T12:55:49","date_gmt":"2024-01-29T09:55:49","guid":{"rendered":"https:\/\/herbalkilokontrol.com.tr\/?post_type=product&#038;p=650"},"modified":"2024-01-29T12:59:21","modified_gmt":"2024-01-29T09:59:21","slug":"herbalife-alisveris-cantasi","status":"publish","type":"product","link":"https:\/\/herbalkilokontrol.com.tr\/index.php\/product\/herbalife-alisveris-cantasi\/","title":{"rendered":"Herbalife Al\u0131\u015fveri\u015f \u00c7antas\u0131"},"content":{"rendered":"","protected":false},"excerpt":{"rendered":"<div class=\"product-short-desc\">Resmi Herbalife<\/p>\n<h1 class=\"title\">Al\u0131\u015fveri\u015f \u00c7antas\u0131<\/h1>\n<p>Distribut\u00f6r Sayfas\u0131 Yeni Tarihli Orijinal \u00dcr\u00fcn %100 Fatural\u0131 H\u0131zl\u0131 Kargo<\/p><\/div>\n<div class=\"product-reviews\">\n<div class=\"stars\"><\/div>\n<\/div>\n","protected":false},"featured_media":657,"comment_status":"open","ping_status":"closed","template":"","meta":{"om_disable_all_campaigns":false,"_monsterinsights_skip_tracking":false,"_monsterinsights_sitenote_active":false,"_monsterinsights_sitenote_note":"","_monsterinsights_sitenote_category":0},"product_brand":[],"product_cat":[127],"product_tag":[178,165],"class_list":{"0":"post-650","1":"product","2":"type-product","3":"status-publish","4":"has-post-thumbnail","6":"product_cat-baskili-urunler","7":"product_tag-alisveris-cantasi","8":"product_tag-herbalife","10":"first","11":"outofstock","12":"sale","13":"taxable","14":"shipping-taxable","15":"purchasable","16":"product-type-simple"},"aioseo_notices":[],"_links":{"self":[{"href":"https:\/\/herbalkilokontrol.com.tr\/index.php\/wp-json\/wp\/v2\/product\/650"}],"collection":[{"href":"https:\/\/herbalkilokontrol.com.tr\/index.php\/wp-json\/wp\/v2\/product"}],"about":[{"href":"https:\/\/herbalkilokontrol.com.tr\/index.php\/wp-json\/wp\/v2\/types\/product"}],"replies":[{"embeddable":true,"href":"https:\/\/herbalkilokontrol.com.tr\/index.php\/wp-json\/wp\/v2\/comments?post=650"}],"wp:featuredmedia":[{"embeddable":true,"href":"https:\/\/herbalkilokontrol.com.tr\/index.php\/wp-json\/wp\/v2\/media\/657"}],"wp:attachment":[{"href":"https:\/\/herbalkilokontrol.com.tr\/index.php\/wp-json\/wp\/v2\/media?parent=650"}],"wp:term":[{"taxonomy":"product_brand","embeddable":true,"href":"https:\/\/herbalkilokontrol.com.tr\/index.php\/wp-json\/wp\/v2\/product_brand?post=650"},{"taxonomy":"product_cat","embeddable":true,"href":"https:\/\/herbalkilokontrol.com.tr\/index.php\/wp-json\/wp\/v2\/product_cat?post=650"},{"taxonomy":"product_tag","embeddable":true,"href":"https:\/\/herbalkilokontrol.com.tr\/index.php\/wp-json\/wp\/v2\/product_tag?post=650"}],"curies":[{"name":"wp","href":"https:\/\/api.w.org\/{rel}","templated":true}]}}