{"id":192,"date":"2024-01-31T01:25:48","date_gmt":"2024-01-30T22:25:48","guid":{"rendered":"https:\/\/herbalkilokontrol.com.tr\/?post_type=product&#038;p=192"},"modified":"2026-03-26T11:49:51","modified_gmt":"2026-03-26T08:49:51","slug":"multi-fiber-elma-aromali","status":"publish","type":"product","link":"https:\/\/herbalkilokontrol.com.tr\/index.php\/product\/multi-fiber-elma-aromali\/","title":{"rendered":"Multi-fiber Elma Aromal\u0131"},"content":{"rendered":"","protected":false},"excerpt":{"rendered":"<p>\u00c7\u00f6z\u00fcn\u00fcr ve \u00e7\u00f6z\u00fcnmez liflerin \u00f6zel bir kar\u0131\u015f\u0131m\u0131 olan Multi-fiber ile g\u00fcnl\u00fck lif al\u0131m\u0131n\u0131z\u0131 art\u0131r\u0131n.<\/p>\n<p>Multi-fiber tatland\u0131r\u0131c\u0131 i\u00e7ermez ve sadece be\u015f do\u011fal lif kayna\u011f\u0131 ile form\u00fcle edilmi\u015ftir \u2013 yulaf, elma, in\u00fclin, narenciye, akasya sak\u0131z\u0131. Bu lezzetli elma aromal\u0131 tozun her bir \u00f6l\u00e7\u00fc ka\u015f\u0131\u011f\u0131 5 gram lif sa\u011flar.<\/p>\n","protected":false},"featured_media":764,"comment_status":"open","ping_status":"closed","template":"","meta":{"om_disable_all_campaigns":false,"_monsterinsights_skip_tracking":false,"_monsterinsights_sitenote_active":false,"_monsterinsights_sitenote_note":"","_monsterinsights_sitenote_category":0},"product_brand":[],"product_cat":[25,122,92,101,22,18],"product_tag":[181,220,204,261],"class_list":{"0":"post-192","1":"product","2":"type-product","3":"status-publish","4":"has-post-thumbnail","6":"product_cat-araogun","7":"product_cat-icecekler-caylar","8":"product_cat-kilo-kontrol","9":"product_cat-takviye-edici-gidalar","10":"product_cat-beslenme","11":"product_cat-tum-urunler","12":"product_tag-ara-ogun","13":"product_tag-elma","14":"product_tag-lif","15":"product_tag-multifiber","17":"first","18":"instock","19":"sale","20":"taxable","21":"shipping-taxable","22":"purchasable","23":"product-type-simple"},"aioseo_notices":[],"_links":{"self":[{"href":"https:\/\/herbalkilokontrol.com.tr\/index.php\/wp-json\/wp\/v2\/product\/192"}],"collection":[{"href":"https:\/\/herbalkilokontrol.com.tr\/index.php\/wp-json\/wp\/v2\/product"}],"about":[{"href":"https:\/\/herbalkilokontrol.com.tr\/index.php\/wp-json\/wp\/v2\/types\/product"}],"replies":[{"embeddable":true,"href":"https:\/\/herbalkilokontrol.com.tr\/index.php\/wp-json\/wp\/v2\/comments?post=192"}],"wp:featuredmedia":[{"embeddable":true,"href":"https:\/\/herbalkilokontrol.com.tr\/index.php\/wp-json\/wp\/v2\/media\/764"}],"wp:attachment":[{"href":"https:\/\/herbalkilokontrol.com.tr\/index.php\/wp-json\/wp\/v2\/media?parent=192"}],"wp:term":[{"taxonomy":"product_brand","embeddable":true,"href":"https:\/\/herbalkilokontrol.com.tr\/index.php\/wp-json\/wp\/v2\/product_brand?post=192"},{"taxonomy":"product_cat","embeddable":true,"href":"https:\/\/herbalkilokontrol.com.tr\/index.php\/wp-json\/wp\/v2\/product_cat?post=192"},{"taxonomy":"product_tag","embeddable":true,"href":"https:\/\/herbalkilokontrol.com.tr\/index.php\/wp-json\/wp\/v2\/product_tag?post=192"}],"curies":[{"name":"wp","href":"https:\/\/api.w.org\/{rel}","templated":true}]}}