{"id":182,"date":"2022-08-16T14:22:20","date_gmt":"2022-08-16T14:22:20","guid":{"rendered":"https:\/\/herbalkilokontrol.com.tr\/?post_type=product&#038;p=182"},"modified":"2026-03-26T12:13:53","modified_gmt":"2026-03-26T09:13:53","slug":"herbalife-pro-core","status":"publish","type":"product","link":"https:\/\/herbalkilokontrol.com.tr\/index.php\/product\/herbalife-pro-core\/","title":{"rendered":"Herbalife Pro-core"},"content":{"rendered":"","protected":false},"excerpt":{"rendered":"<p>Ba\u011f\u0131\u015f\u0131kl\u0131k sistemi, v\u00fccudumuzun dayan\u0131kl\u0131l\u0131\u011f\u0131n\u0131 sa\u011flayan karma\u015f\u0131k bir savunma mekanizmas\u0131d\u0131r. <strong>Pro-core<\/strong>, bu \u00f6nemli sistemi desteklemek ve g\u00fc\u00e7lendirmek i\u00e7in \u00f6zel olarak form\u00fcle edilmi\u015f bir tam g\u0131da fermentat i\u00e7eri\u011fi olan <strong>EpiCor<\/strong>\u00ae ile donat\u0131lm\u0131\u015ft\u0131r. Ayr\u0131ca, <strong>C Vitamini, Selenyum, \u00c7inko ve D Vitami<\/strong>ni gibi temel vitamin ve minerallerle zenginle\u015ftirilmi\u015ftir.<\/p>\n<p>Her g\u00fcnl\u00fck porsiyon, orman meyvelerinin lezzetini ta\u015f\u0131yan kullan\u0131\u015fl\u0131 po\u015fetlerde sunulur. <strong>Pro-core<\/strong>, h\u00fccreleri oksidatif stresten korurken, ba\u011f\u0131\u015f\u0131kl\u0131k sistemini destekleyerek enerji dolu bir ya\u015fam i\u00e7in m\u00fckemmel bir tamamlay\u0131c\u0131d\u0131r. Hareket halindeyken veya g\u00fcn\u00fcn her an\u0131nda,<strong> Pro-core<\/strong> ile ba\u011f\u0131\u015f\u0131kl\u0131k sisteminizi g\u00fc\u00e7lendirin ve sa\u011fl\u0131kl\u0131 bir ya\u015fam\u0131n tad\u0131n\u0131 \u00e7\u0131kar\u0131n.<\/p>\n<p>\u0130\u00e7eri\u011finde 21 adet pro-core bulunur.<\/p>\n","protected":false},"featured_media":1122,"comment_status":"open","ping_status":"closed","template":"","meta":{"om_disable_all_campaigns":false,"_monsterinsights_skip_tracking":false,"_monsterinsights_sitenote_active":false,"_monsterinsights_sitenote_note":"","_monsterinsights_sitenote_category":0},"product_brand":[],"product_cat":[93,122,101,22,18,26],"product_tag":[199,197,194,201,200],"class_list":{"0":"post-182","1":"product","2":"type-product","3":"status-publish","4":"has-post-thumbnail","6":"product_cat-icecekler","7":"product_cat-icecekler-caylar","8":"product_cat-takviye-edici-gidalar","9":"product_cat-beslenme","10":"product_cat-tum-urunler","11":"product_cat-vitaminler","12":"product_tag-c-vitamini","13":"product_tag-cinko","14":"product_tag-d-vitamini","15":"product_tag-orman-meyvesi","16":"product_tag-selenyum","18":"first","19":"instock","20":"sale","21":"taxable","22":"shipping-taxable","23":"purchasable","24":"product-type-simple"},"aioseo_notices":[],"_links":{"self":[{"href":"https:\/\/herbalkilokontrol.com.tr\/index.php\/wp-json\/wp\/v2\/product\/182"}],"collection":[{"href":"https:\/\/herbalkilokontrol.com.tr\/index.php\/wp-json\/wp\/v2\/product"}],"about":[{"href":"https:\/\/herbalkilokontrol.com.tr\/index.php\/wp-json\/wp\/v2\/types\/product"}],"replies":[{"embeddable":true,"href":"https:\/\/herbalkilokontrol.com.tr\/index.php\/wp-json\/wp\/v2\/comments?post=182"}],"wp:featuredmedia":[{"embeddable":true,"href":"https:\/\/herbalkilokontrol.com.tr\/index.php\/wp-json\/wp\/v2\/media\/1122"}],"wp:attachment":[{"href":"https:\/\/herbalkilokontrol.com.tr\/index.php\/wp-json\/wp\/v2\/media?parent=182"}],"wp:term":[{"taxonomy":"product_brand","embeddable":true,"href":"https:\/\/herbalkilokontrol.com.tr\/index.php\/wp-json\/wp\/v2\/product_brand?post=182"},{"taxonomy":"product_cat","embeddable":true,"href":"https:\/\/herbalkilokontrol.com.tr\/index.php\/wp-json\/wp\/v2\/product_cat?post=182"},{"taxonomy":"product_tag","embeddable":true,"href":"https:\/\/herbalkilokontrol.com.tr\/index.php\/wp-json\/wp\/v2\/product_tag?post=182"}],"curies":[{"name":"wp","href":"https:\/\/api.w.org\/{rel}","templated":true}]}}