{"id":152,"date":"2022-08-16T14:10:34","date_gmt":"2022-08-16T14:10:34","guid":{"rendered":"https:\/\/herbalkilokontrol.com.tr\/?post_type=product&#038;p=152"},"modified":"2026-03-26T12:14:39","modified_gmt":"2026-03-26T09:14:39","slug":"tri-blend-select","status":"publish","type":"product","link":"https:\/\/herbalkilokontrol.com.tr\/index.php\/product\/tri-blend-select\/","title":{"rendered":"Tri Blend Select\u200b"},"content":{"rendered":"","protected":false},"excerpt":{"rendered":"<p>V\u00fccudunuzu bitkilerle g\u00fc\u00e7lendirilmi\u015f iyiliklerle besleyin.<\/p>\n<p>Tri Blend Select, \u00f6zenle se\u00e7ilmi\u015f bitki bazl\u0131 i\u00e7eriklerle haz\u0131rlanm\u0131\u015f besleyici bir shake&#8217;tir. Bezelye proteini, pirin\u00e7 proteini, kinoa ve keten tohumu kar\u0131\u015f\u0131m\u0131yla Tri Blend Select % 100 tavizsizdir ve her porsiyonu 20 gram vegan protein sa\u011flar.<\/p>\n","protected":false},"featured_media":469,"comment_status":"open","ping_status":"closed","template":"","meta":{"om_disable_all_campaigns":false,"_monsterinsights_skip_tracking":false,"_monsterinsights_sitenote_active":false,"_monsterinsights_sitenote_note":"","_monsterinsights_sitenote_category":0},"product_brand":[],"product_cat":[22,91,92,93,25],"product_tag":[199,204,164],"class_list":{"0":"post-152","1":"product","2":"type-product","3":"status-publish","4":"has-post-thumbnail","6":"product_cat-beslenme","7":"product_cat-vegans","8":"product_cat-kilo-kontrol","9":"product_cat-icecekler","10":"product_cat-araogun","11":"product_tag-c-vitamini","12":"product_tag-lif","13":"product_tag-protein-yvasi","15":"first","16":"instock","17":"sale","18":"taxable","19":"shipping-taxable","20":"purchasable","21":"product-type-simple"},"aioseo_notices":[],"_links":{"self":[{"href":"https:\/\/herbalkilokontrol.com.tr\/index.php\/wp-json\/wp\/v2\/product\/152"}],"collection":[{"href":"https:\/\/herbalkilokontrol.com.tr\/index.php\/wp-json\/wp\/v2\/product"}],"about":[{"href":"https:\/\/herbalkilokontrol.com.tr\/index.php\/wp-json\/wp\/v2\/types\/product"}],"replies":[{"embeddable":true,"href":"https:\/\/herbalkilokontrol.com.tr\/index.php\/wp-json\/wp\/v2\/comments?post=152"}],"wp:featuredmedia":[{"embeddable":true,"href":"https:\/\/herbalkilokontrol.com.tr\/index.php\/wp-json\/wp\/v2\/media\/469"}],"wp:attachment":[{"href":"https:\/\/herbalkilokontrol.com.tr\/index.php\/wp-json\/wp\/v2\/media?parent=152"}],"wp:term":[{"taxonomy":"product_brand","embeddable":true,"href":"https:\/\/herbalkilokontrol.com.tr\/index.php\/wp-json\/wp\/v2\/product_brand?post=152"},{"taxonomy":"product_cat","embeddable":true,"href":"https:\/\/herbalkilokontrol.com.tr\/index.php\/wp-json\/wp\/v2\/product_cat?post=152"},{"taxonomy":"product_tag","embeddable":true,"href":"https:\/\/herbalkilokontrol.com.tr\/index.php\/wp-json\/wp\/v2\/product_tag?post=152"}],"curies":[{"name":"wp","href":"https:\/\/api.w.org\/{rel}","templated":true}]}}