{"id":145,"date":"2022-08-16T14:09:23","date_gmt":"2022-08-16T14:09:23","guid":{"rendered":"https:\/\/herbalkilokontrol.com.tr\/?post_type=product&#038;p=145"},"modified":"2026-03-26T12:15:09","modified_gmt":"2026-03-26T09:15:09","slug":"liftoff","status":"publish","type":"product","link":"https:\/\/herbalkilokontrol.com.tr\/index.php\/product\/liftoff\/","title":{"rendered":"LiftOff\u00ae"},"content":{"rendered":"","protected":false},"excerpt":{"rendered":"<p><strong>&#8220;LiftOff\u00ae<\/strong>, enerji dolu bir ferahl\u0131k ve lezzet \u015f\u00f6leni sunan ince k\u00f6p\u00fckl\u00fc bir takviye edici g\u0131dad\u0131r! Sadece 10 kalori i\u00e7eren her porsiyonuyla, g\u00fcn\u00fcn\u00fcz\u00fc enerjik ve canl\u0131 ge\u00e7irmenin lezzetli bir yolunu ke\u015ffedin.<\/p>\n<p>Bu d\u00fc\u015f\u00fck kalorili efervesan tablet, <strong>C Vitamini ve B kompleksi<\/strong> vitaminleri ile zenginle\u015ftirilmi\u015f \u00f6zel bir form\u00fcl sunar. Ayr\u0131ca, do\u011fal kafein kayna\u011f\u0131 olan guarana bitkisinden elde edilen 75 miligram kafein i\u00e7erir, b\u00f6ylece enerjinizi art\u0131r\u0131rken ferahlat\u0131c\u0131 bir limon aromas\u0131yla lezzetlenir.<\/p>\n<p><strong>LiftOff\u00ae<\/strong> tabletleri, her biri ayr\u0131 cep boyutunda po\u015fetlere kolayca s\u0131\u011facak \u015fekilde paketlenmi\u015ftir, b\u00f6ylece her an, her yerde enerji patlamas\u0131 ya\u015fayabilirsiniz. Bir tablet bir bardak suda \u00e7\u00f6z\u00fcld\u00fc\u011f\u00fcnde ortaya \u00e7\u0131kan ferah i\u00e7ece\u011fi her yudumda tad\u0131n\u0131 \u00e7\u0131kar\u0131n. Haydi, enerjiyi hissedin ve g\u00fcn\u00fcn\u00fcz\u00fc y\u00fcksek tempoda ya\u015fay\u0131n, LiftOff\u00ae yan\u0131n\u0131zda!&#8221;<\/p>\n<p><strong>Not: Belirtilen kafein miktar\u0131na dikkat ederek g\u00fcnl\u00fck al\u0131m s\u0131n\u0131rlar\u0131n\u0131 a\u015fmamaya \u00f6zen g\u00f6steriniz.<\/strong><\/p>\n","protected":false},"featured_media":475,"comment_status":"open","ping_status":"closed","template":"","meta":{"om_disable_all_campaigns":false,"_monsterinsights_skip_tracking":false,"_monsterinsights_sitenote_active":false,"_monsterinsights_sitenote_note":"","_monsterinsights_sitenote_category":0},"product_brand":[],"product_cat":[93,108,110,101,18,26],"product_tag":[199,260,165,168,183],"class_list":{"0":"post-145","1":"product","2":"type-product","3":"status-publish","4":"has-post-thumbnail","6":"product_cat-icecekler","7":"product_cat-performans","8":"product_cat-spor-esnasinda","9":"product_cat-takviye-edici-gidalar","10":"product_cat-tum-urunler","11":"product_cat-vitaminler","12":"product_tag-c-vitamini","13":"product_tag-enerji","14":"product_tag-herbalife","15":"product_tag-liftoff","16":"product_tag-limon","18":"first","19":"instock","20":"sale","21":"taxable","22":"shipping-taxable","23":"purchasable","24":"product-type-simple"},"aioseo_notices":[],"_links":{"self":[{"href":"https:\/\/herbalkilokontrol.com.tr\/index.php\/wp-json\/wp\/v2\/product\/145"}],"collection":[{"href":"https:\/\/herbalkilokontrol.com.tr\/index.php\/wp-json\/wp\/v2\/product"}],"about":[{"href":"https:\/\/herbalkilokontrol.com.tr\/index.php\/wp-json\/wp\/v2\/types\/product"}],"replies":[{"embeddable":true,"href":"https:\/\/herbalkilokontrol.com.tr\/index.php\/wp-json\/wp\/v2\/comments?post=145"}],"wp:featuredmedia":[{"embeddable":true,"href":"https:\/\/herbalkilokontrol.com.tr\/index.php\/wp-json\/wp\/v2\/media\/475"}],"wp:attachment":[{"href":"https:\/\/herbalkilokontrol.com.tr\/index.php\/wp-json\/wp\/v2\/media?parent=145"}],"wp:term":[{"taxonomy":"product_brand","embeddable":true,"href":"https:\/\/herbalkilokontrol.com.tr\/index.php\/wp-json\/wp\/v2\/product_brand?post=145"},{"taxonomy":"product_cat","embeddable":true,"href":"https:\/\/herbalkilokontrol.com.tr\/index.php\/wp-json\/wp\/v2\/product_cat?post=145"},{"taxonomy":"product_tag","embeddable":true,"href":"https:\/\/herbalkilokontrol.com.tr\/index.php\/wp-json\/wp\/v2\/product_tag?post=145"}],"curies":[{"name":"wp","href":"https:\/\/api.w.org\/{rel}","templated":true}]}}