{"id":138,"date":"2024-01-31T04:12:22","date_gmt":"2024-01-31T01:12:22","guid":{"rendered":"https:\/\/herbalkilokontrol.com.tr\/?post_type=product&#038;p=138"},"modified":"2026-03-26T11:36:48","modified_gmt":"2026-03-26T08:36:48","slug":"thermo-complete","status":"publish","type":"product","link":"https:\/\/herbalkilokontrol.com.tr\/index.php\/product\/thermo-complete\/","title":{"rendered":"Thermo Complete\u00ae"},"content":{"rendered":"","protected":false},"excerpt":{"rendered":"<p>Ye\u015fil \u00e7ay ve yerba mate&#8217;nin dinamik bir kar\u0131\u015f\u0131m\u0131 olan Thermo Complete\u00ae ile zaman\u0131n \u00f6tesindeki bitkilerin faydalar\u0131n\u0131 ortaya \u00e7\u0131kar\u0131n.<\/p>\n<p>Ye\u015fil \u00e7ay \u00f6z\u00fc ve yerba mate \u00f6z\u00fc de dahil olmak \u00fczere se\u00e7ilmi\u015f bitkilerle \u00f6zel olarak form\u00fcle edilmi\u015f bu \u00f6zel kar\u0131\u015f\u0131m\u0131n her tableti 82 miligram kafein* ve 20 miligram C Vitamini sa\u011flayarak yorgunluk ve bitkinli\u011fin azalmas\u0131na katk\u0131da bulunur. C vitamini ayr\u0131ca normal enerji \u00fcretim metabolizmas\u0131na ve h\u00fccrelerin oksidatif stresten korunmas\u0131na katk\u0131da bulunur.<\/p>\n","protected":false},"featured_media":772,"comment_status":"open","ping_status":"closed","template":"","meta":{"om_disable_all_campaigns":false,"_monsterinsights_skip_tracking":false,"_monsterinsights_sitenote_active":false,"_monsterinsights_sitenote_note":"","_monsterinsights_sitenote_category":0},"product_brand":[],"product_cat":[25,106,108,110,101,26],"product_tag":[221],"class_list":{"0":"post-138","1":"product","2":"type-product","3":"status-publish","4":"has-post-thumbnail","6":"product_cat-araogun","7":"product_cat-hedefe-yonelik-destek","8":"product_cat-performans","9":"product_cat-spor-esnasinda","10":"product_cat-takviye-edici-gidalar","11":"product_cat-vitaminler","12":"product_tag-termo","14":"first","15":"instock","16":"sale","17":"taxable","18":"shipping-taxable","19":"purchasable","20":"product-type-simple"},"aioseo_notices":[],"_links":{"self":[{"href":"https:\/\/herbalkilokontrol.com.tr\/index.php\/wp-json\/wp\/v2\/product\/138"}],"collection":[{"href":"https:\/\/herbalkilokontrol.com.tr\/index.php\/wp-json\/wp\/v2\/product"}],"about":[{"href":"https:\/\/herbalkilokontrol.com.tr\/index.php\/wp-json\/wp\/v2\/types\/product"}],"replies":[{"embeddable":true,"href":"https:\/\/herbalkilokontrol.com.tr\/index.php\/wp-json\/wp\/v2\/comments?post=138"}],"wp:featuredmedia":[{"embeddable":true,"href":"https:\/\/herbalkilokontrol.com.tr\/index.php\/wp-json\/wp\/v2\/media\/772"}],"wp:attachment":[{"href":"https:\/\/herbalkilokontrol.com.tr\/index.php\/wp-json\/wp\/v2\/media?parent=138"}],"wp:term":[{"taxonomy":"product_brand","embeddable":true,"href":"https:\/\/herbalkilokontrol.com.tr\/index.php\/wp-json\/wp\/v2\/product_brand?post=138"},{"taxonomy":"product_cat","embeddable":true,"href":"https:\/\/herbalkilokontrol.com.tr\/index.php\/wp-json\/wp\/v2\/product_cat?post=138"},{"taxonomy":"product_tag","embeddable":true,"href":"https:\/\/herbalkilokontrol.com.tr\/index.php\/wp-json\/wp\/v2\/product_tag?post=138"}],"curies":[{"name":"wp","href":"https:\/\/api.w.org\/{rel}","templated":true}]}}