{"id":131,"date":"2024-01-31T10:59:25","date_gmt":"2024-01-31T07:59:25","guid":{"rendered":"https:\/\/herbalkilokontrol.com.tr\/?post_type=product&#038;p=131"},"modified":"2026-01-16T10:54:42","modified_gmt":"2026-01-16T07:54:42","slug":"herbalife-skin-aloe-ozlu-rahatlatici-yuz-temizleme-jeli","status":"publish","type":"product","link":"https:\/\/herbalkilokontrol.com.tr\/index.php\/product\/herbalife-skin-aloe-ozlu-rahatlatici-yuz-temizleme-jeli\/","title":{"rendered":"Herbalife SKIN Aloe \u00d6zl\u00fc Rahatlat\u0131c\u0131 Y\u00fcz Temizleme Jeli\u200b"},"content":{"rendered":"","protected":false},"excerpt":{"rendered":"<p>Aloe \u00d6zl\u00fc Rahatlat\u0131c\u0131 Y\u00fcz Temizleme Jeli ile cildinize biraz sevgi g\u00f6sterin.<\/p>\n<p>Aloe \u00d6zl\u00fc Rahatlat\u0131c\u0131 Y\u00fcz Temizleme Jeli, nazik bir y\u00fcz y\u0131kama sa\u011flamak i\u00e7in<em>\u00a0Aloe vera<\/em>\u00a0ile \u00f6zenle haz\u0131rlanm\u0131\u015ft\u0131r. Bu ultra ipeksi temizleyici, hindistan cevizi t\u00fcrevi temizleyici bile\u015fenler, B3 Vitamini ve antioksidan C ve E vitaminleri i\u00e7eren cilt dostu bir kar\u0131\u015f\u0131ma sahiptir.<\/p>\n","protected":false},"featured_media":798,"comment_status":"open","ping_status":"closed","template":"","meta":{"om_disable_all_campaigns":false,"_monsterinsights_skip_tracking":false,"_monsterinsights_sitenote_active":false,"_monsterinsights_sitenote_note":"","_monsterinsights_sitenote_category":0},"product_brand":[],"product_cat":[27,104,18],"product_tag":[85,84],"class_list":{"0":"post-131","1":"product","2":"type-product","3":"status-publish","4":"has-post-thumbnail","6":"product_cat-kisiselbakim","7":"product_cat-skin-serisi","8":"product_cat-tum-urunler","9":"product_tag-portable","10":"product_tag-tablet","12":"first","13":"outofstock","14":"sale","15":"taxable","16":"shipping-taxable","17":"purchasable","18":"product-type-simple"},"aioseo_notices":[],"_links":{"self":[{"href":"https:\/\/herbalkilokontrol.com.tr\/index.php\/wp-json\/wp\/v2\/product\/131"}],"collection":[{"href":"https:\/\/herbalkilokontrol.com.tr\/index.php\/wp-json\/wp\/v2\/product"}],"about":[{"href":"https:\/\/herbalkilokontrol.com.tr\/index.php\/wp-json\/wp\/v2\/types\/product"}],"replies":[{"embeddable":true,"href":"https:\/\/herbalkilokontrol.com.tr\/index.php\/wp-json\/wp\/v2\/comments?post=131"}],"wp:featuredmedia":[{"embeddable":true,"href":"https:\/\/herbalkilokontrol.com.tr\/index.php\/wp-json\/wp\/v2\/media\/798"}],"wp:attachment":[{"href":"https:\/\/herbalkilokontrol.com.tr\/index.php\/wp-json\/wp\/v2\/media?parent=131"}],"wp:term":[{"taxonomy":"product_brand","embeddable":true,"href":"https:\/\/herbalkilokontrol.com.tr\/index.php\/wp-json\/wp\/v2\/product_brand?post=131"},{"taxonomy":"product_cat","embeddable":true,"href":"https:\/\/herbalkilokontrol.com.tr\/index.php\/wp-json\/wp\/v2\/product_cat?post=131"},{"taxonomy":"product_tag","embeddable":true,"href":"https:\/\/herbalkilokontrol.com.tr\/index.php\/wp-json\/wp\/v2\/product_tag?post=131"}],"curies":[{"name":"wp","href":"https:\/\/api.w.org\/{rel}","templated":true}]}}