{"id":1300,"date":"2026-03-26T14:15:07","date_gmt":"2026-03-26T11:15:07","guid":{"rendered":"https:\/\/herbalkilokontrol.com.tr\/?post_type=product&#038;p=1300"},"modified":"2026-03-26T14:15:11","modified_gmt":"2026-03-26T11:15:11","slug":"hl-skin-besleyici-goz-kremi","status":"publish","type":"product","link":"https:\/\/herbalkilokontrol.com.tr\/index.php\/product\/hl-skin-besleyici-goz-kremi\/","title":{"rendered":"HL\/Skin Besleyici G\u00f6z Kremi"},"content":{"rendered":"<p>Bu hafif ve h\u0131zl\u0131 emilen HL\/Skin Besleyici G\u00f6z Kremi, Kore cilt bak\u0131m\u0131<\/p>\n<p>bilimi ile desteklenmi\u015f ve adenozin, niasinamid, skualen ve do\u011fal<\/p>\n<p><img loading=\"lazy\" decoding=\"async\" class=\"size-thumbnail wp-image-1301 alignright\" src=\"https:\/\/herbalkilokontrol.com.tr\/wp-content\/uploads\/2026\/03\/pc-515k-tr-300x268.webp\" alt=\"\" width=\"300\" height=\"268\" srcset=\"https:\/\/herbalkilokontrol.com.tr\/wp-content\/uploads\/2026\/03\/pc-515k-tr-300x268.webp 300w, https:\/\/herbalkilokontrol.com.tr\/wp-content\/uploads\/2026\/03\/pc-515k-tr-500x447.webp 500w, https:\/\/herbalkilokontrol.com.tr\/wp-content\/uploads\/2026\/03\/pc-515k-tr-768x687.webp 768w, https:\/\/herbalkilokontrol.com.tr\/wp-content\/uploads\/2026\/03\/pc-515k-tr-84x75.webp 84w, https:\/\/herbalkilokontrol.com.tr\/wp-content\/uploads\/2026\/03\/pc-515k-tr-480x430.webp 480w, https:\/\/herbalkilokontrol.com.tr\/wp-content\/uploads\/2026\/03\/pc-515k-tr-800x716.webp 800w, https:\/\/herbalkilokontrol.com.tr\/wp-content\/uploads\/2026\/03\/pc-515k-tr.webp 875w\" sizes=\"(max-width:767px) 300px, 300px\" \/><\/p>\n<p>ya\u011flar ile zenginle\u015ftirilmi\u015ftir. Hassas g\u00f6z \u00e7evresindeki k\u0131r\u0131\u015f\u0131kl\u0131klar\u0131,<\/p>\n<p>&nbsp;<\/p>\n<p>ince \u00e7izgileri ve kurulu\u011fu hedefler. Uzun s\u00fcreli nemlendirme sa\u011flar,<\/p>\n<p>nemi hapsetmeye yard\u0131mc\u0131 olur ve p\u00fcr\u00fczs\u00fczl\u00fck, parlakl\u0131k ve \u0131\u015f\u0131lt\u0131<\/p>\n<p>g\u00f6r\u00fcn\u00fcm\u00fcn\u00fc iyile\u015ftirir. Ya\u011fl\u0131 his b\u0131rakmaz ve makyaj alt\u0131na uygundur.<\/p>\n<p>En iyi sonu\u00e7lar i\u00e7in, t\u00fcm HL\/Skin serisiyle birlikte kullan\u0131n ve az miktarda<\/p>\n<p>\u00fcr\u00fcn\u00fc g\u00f6z \u00e7evresine masaj yaparak uygulay\u0131n.<\/p>\n<p>HL\/Skin Besleyici G\u00f6z Kremi:<\/p>\n<ul>\n<li>Geli\u015fmi\u015f Kore cilt bak\u0131m\u0131 bilimi taraf\u0131ndan desteklenmektedir<\/li>\n<li>Dermatolojik olarak test edilmi\u015ftir<\/li>\n<li>Oftalmolojik olarak test edilmi\u015ftir<\/li>\n<li>8 saat nemlendirme sa\u011flar\u00b9<\/li>\n<li>G\u00f6z \u00e7evresindeki k\u0131r\u0131\u015f\u0131kl\u0131klar\u0131n iyile\u015ftirilmesi\u00b2, yumu\u015fakl\u0131k\u00b2, \u0131\u015f\u0131lt\u0131\u00b3, s\u0131k\u0131l\u0131k\u00b3 ve koyu halkalarda iyile\u015fme\u00b2<\/li>\n<li>Deneyenlerin %100&#8217;\u00fc \u00fcr\u00fcn\u00fcn dokusunun ciltlerinde iyi hissettirdi\u011fini d\u00fc\u015f\u00fcn\u00fcyor\u2075<\/li>\n<li>Deneyenlerin %100&#8217;\u00fc ciltlerinin nem seviyesini iyile\u015ftirdi\u011fini hissettiklerini belirtiyor\u2075<\/li>\n<li>Deneyenlerin %94&#8217;\u00fc cildin elastikiyetini, yumu\u015fakl\u0131\u011f\u0131n\u0131 ve nemini art\u0131rd\u0131\u011f\u0131n\u0131 d\u00fc\u015f\u00fcn\u00fcyor\u2075<\/li>\n<li>Hafiftir, ya\u011fl\u0131 his b\u0131rakmaz ve h\u0131zl\u0131 emilir\u2074<\/li>\n<li>Makyaj alt\u0131nda kullan\u0131ma uygundur<\/li>\n<li>T\u00fcm cilt tipleri i\u00e7in uygundur<\/li>\n<\/ul>\n<p><i>\u00b9 25-60 ya\u015f aras\u0131 32 kad\u0131n \u00fczerinde test edilmi\u015ftir. Sonu\u00e7lar enstr\u00fcmantal \u00f6l\u00e7\u00fcmler kullan\u0131larak de\u011ferlendirilmi\u015ftir.<br \/>\n\u00b2 43-65 ya\u015f aras\u0131 33 kad\u0131n \u00fczerinde test edilmi\u015ftir. Sonu\u00e7lar 30 g\u00fcnl\u00fck kullan\u0131mdan sonra enstr\u00fcmantal \u00f6l\u00e7\u00fcmler kullan\u0131larak de\u011ferlendirilmi\u015ftir.<br \/>\n\u00b3 43-65 ya\u015f aras\u0131 33 kad\u0131n \u00fczerinde test edilmi\u015ftir. Sonu\u00e7lar 60 g\u00fcnl\u00fck kullan\u0131mdan sonra enstr\u00fcmantal \u00f6l\u00e7\u00fcmler kullan\u0131larak de\u011ferlendirilmi\u015ftir.<br \/>\n\u2074 Hemen kullan\u0131mdan sonra 43-65 ya\u015f aras\u0131 33 kad\u0131nla yap\u0131lan \u00f6z de\u011ferlendirme sonu\u00e7lar\u0131na dayanmaktad\u0131r.<br \/>\n\u2075 60 g\u00fcnl\u00fck kullan\u0131mdan sonra 43-65 ya\u015f aras\u0131 33 kad\u0131nla yap\u0131lan \u00f6z de\u011ferlendirme sonu\u00e7lar\u0131na dayanmaktad\u0131r.<\/i><\/p>\n<p class=\"mb-4\" data-testid=\"ingredientsLabel\">\u0130\u00e7indekiler<\/p>\n<div class=\"mb-6 lg:mb-16\">\n<div class=\"lg:col-start-2 lg:col-span-10 col-span-12 ingredientWrapper rte text-semantics-text-regular\" data-testid=\"ingredients\">\n<p>Aqua, Glycerin, Squalane, Polyglyceryl-3 Methylglucose Distearate, Niacinamide, Macadamia Integrifolia Seed Oil, Methyl Trimethicone, Propanediol, Butyrospermum Parkii (Shea) Butter, Cetyl Alcohol, Panthenol, Phytosteryl\/Behenyl\/ Octyldodecyl Lauroyl Glutamate, Adenosine, Ceramide NP, Tocopherol, Dimethicone\/Vinyl Dimethicone Crosspolymer, Polyglycery -2 Stearate, Polyacrylate-13, 1,2-Hexanediol, Glyceryl Stearate, Behenyl Alcohol, Dimethiconol, Trisiloxane, Stearyl Alcohol, Polyglyceryl-10 Myristate, Polyglyceryl-10 Stearate, Sodium Stearoyl Glutamate, Cetearyl Alcohol, Hydrogenated Lecithin, Hydroxyacetophenone, Hydrogenated Polyisobutene, Glyceryl Stearate SE, Parfum, Ethylhexylglycerin, Polyglyceryl-10 Laurate, Xanthan Gum, Ethylhexyl Palmitate, Cholesterol, Sorbitan Isostearate, Disodium EDTA, Tetramethyl Acetyloctahydronaphthalenes, Linalyl Acetate, Terpineol, Acetyl Cedrene, Pinene, Geranyl Acetate, Beta-Caryophyllene.<\/p>\n<p>Sabah ve ak\u015fam temizlenmi\u015f y\u00fcze uygulay\u0131n. T\u00fcpe hafif\u00e7e bast\u0131r\u0131n ve g\u00f6z \u00e7evresine az miktarda masaj yaparak uygulay\u0131n.<\/p>\n<p>G\u00fcn i\u00e7inde SPF korumas\u0131 kullanmay\u0131 unutmay\u0131n.<\/p>\n<\/div>\n<\/div>\n","protected":false},"excerpt":{"rendered":"<p>Geli\u015fmi\u015f Kore cilt bak\u0131m\u0131 bilimi taraf\u0131ndan desteklenmektedir. Dermatolojik olarak test edilmi\u015ftir. Oftalmolojik olarak test edilmi\u015ftir. 8 saat nemlendirme sa\u011flar.<\/p>\n","protected":false},"featured_media":1301,"comment_status":"open","ping_status":"closed","template":"","meta":{"om_disable_all_campaigns":false,"_monsterinsights_skip_tracking":false,"_monsterinsights_sitenote_active":false,"_monsterinsights_sitenote_note":"","_monsterinsights_sitenote_category":0},"product_brand":[],"product_cat":[18,27,104],"product_tag":[251,272,248,273],"class_list":{"0":"post-1300","1":"product","2":"type-product","3":"status-publish","4":"has-post-thumbnail","6":"product_cat-tum-urunler","7":"product_cat-kisiselbakim","8":"product_cat-skin-serisi","9":"product_tag-cilt","10":"product_tag-cilt-bakim","11":"product_tag-goz-kremi","12":"product_tag-kore","14":"first","15":"instock","16":"sale","17":"taxable","18":"shipping-taxable","19":"purchasable","20":"product-type-simple"},"aioseo_notices":[],"_links":{"self":[{"href":"https:\/\/herbalkilokontrol.com.tr\/index.php\/wp-json\/wp\/v2\/product\/1300"}],"collection":[{"href":"https:\/\/herbalkilokontrol.com.tr\/index.php\/wp-json\/wp\/v2\/product"}],"about":[{"href":"https:\/\/herbalkilokontrol.com.tr\/index.php\/wp-json\/wp\/v2\/types\/product"}],"replies":[{"embeddable":true,"href":"https:\/\/herbalkilokontrol.com.tr\/index.php\/wp-json\/wp\/v2\/comments?post=1300"}],"wp:featuredmedia":[{"embeddable":true,"href":"https:\/\/herbalkilokontrol.com.tr\/index.php\/wp-json\/wp\/v2\/media\/1301"}],"wp:attachment":[{"href":"https:\/\/herbalkilokontrol.com.tr\/index.php\/wp-json\/wp\/v2\/media?parent=1300"}],"wp:term":[{"taxonomy":"product_brand","embeddable":true,"href":"https:\/\/herbalkilokontrol.com.tr\/index.php\/wp-json\/wp\/v2\/product_brand?post=1300"},{"taxonomy":"product_cat","embeddable":true,"href":"https:\/\/herbalkilokontrol.com.tr\/index.php\/wp-json\/wp\/v2\/product_cat?post=1300"},{"taxonomy":"product_tag","embeddable":true,"href":"https:\/\/herbalkilokontrol.com.tr\/index.php\/wp-json\/wp\/v2\/product_tag?post=1300"}],"curies":[{"name":"wp","href":"https:\/\/api.w.org\/{rel}","templated":true}]}}