{"id":1298,"date":"2026-03-26T14:10:05","date_gmt":"2026-03-26T11:10:05","guid":{"rendered":"https:\/\/herbalkilokontrol.com.tr\/?post_type=product&#038;p=1298"},"modified":"2026-03-26T14:10:05","modified_gmt":"2026-03-26T11:10:05","slug":"hl-skin-yogun-sikilastirici-krem","status":"publish","type":"product","link":"https:\/\/herbalkilokontrol.com.tr\/index.php\/product\/hl-skin-yogun-sikilastirici-krem\/","title":{"rendered":"HL\/Skin Yo\u011fun S\u0131k\u0131la\u015ft\u0131r\u0131c\u0131 Krem"},"content":{"rendered":"<p>Geli\u015fmi\u015f Kore biliminin g\u00fcc\u00fcyle zenginle\u015ftirilmi\u015f, kadifemsi bir nemlendirici<\/p>\n<p><img loading=\"lazy\" decoding=\"async\" class=\"size-thumbnail wp-image-1299 alignright\" src=\"https:\/\/herbalkilokontrol.com.tr\/wp-content\/uploads\/2026\/03\/pc-513k-tr-300x268.webp\" alt=\"\" width=\"300\" height=\"268\" srcset=\"https:\/\/herbalkilokontrol.com.tr\/wp-content\/uploads\/2026\/03\/pc-513k-tr-300x268.webp 300w, https:\/\/herbalkilokontrol.com.tr\/wp-content\/uploads\/2026\/03\/pc-513k-tr-500x447.webp 500w, https:\/\/herbalkilokontrol.com.tr\/wp-content\/uploads\/2026\/03\/pc-513k-tr-768x687.webp 768w, https:\/\/herbalkilokontrol.com.tr\/wp-content\/uploads\/2026\/03\/pc-513k-tr-84x75.webp 84w, https:\/\/herbalkilokontrol.com.tr\/wp-content\/uploads\/2026\/03\/pc-513k-tr-480x430.webp 480w, https:\/\/herbalkilokontrol.com.tr\/wp-content\/uploads\/2026\/03\/pc-513k-tr-800x716.webp 800w, https:\/\/herbalkilokontrol.com.tr\/wp-content\/uploads\/2026\/03\/pc-513k-tr.webp 875w\" sizes=\"(max-width:767px) 300px, 300px\" \/><\/p>\n<p>olan HL\/Skin Yo\u011fun S\u0131k\u0131la\u015ft\u0131r\u0131c\u0131 Krem ile cildinizi \u015f\u0131mart\u0131n. Adenozin, niasinamid<\/p>\n<p>ve B5 vitamini ile form\u00fcle edilen bu krem, cildinizi 8 saate kadar nemlendirirken<\/p>\n<p>Bu besleyici krem, parlakl\u0131\u011f\u0131, \u0131\u015f\u0131lt\u0131y\u0131 ve elastikiyeti art\u0131r\u0131r, zamanla\u00b3 p\u00fcr\u00fczleri giderir<\/p>\n<p>&nbsp;<\/p>\n<p>cilt bariyerini g\u00fc\u00e7lendirerek cildinizin daha p\u00fcr\u00fczs\u00fcz, yumu\u015fak ve \u0131\u015f\u0131lt\u0131l\u0131<\/p>\n<p>g\u00f6r\u00fcnmesine yard\u0131mc\u0131 olur.<\/p>\n<p>ve cilt dokusunu iyile\u015ftirir. \u00c7e\u015fitli cilt tipleri i\u00e7in uygundur, nazik ancak etkilidir;<\/p>\n<p>cildin daha yumu\u015fak hissetmesine ve sa\u011fl\u0131kl\u0131, beslenmi\u015f ve \u0131\u015f\u0131lt\u0131l\u0131 g\u00f6r\u00fcnmesine yard\u0131mc\u0131 olur.<\/p>\n<p>HL\/Skin Yo\u011fun S\u0131k\u0131la\u015ft\u0131r\u0131c\u0131 Krem:<\/p>\n<ul>\n<li>Geli\u015fmi\u015f Kore cilt bak\u0131m\u0131 bilimi taraf\u0131ndan desteklenmektedir<\/li>\n<li>Dermatolojik olarak test edilmi\u015ftir<\/li>\n<li>Oftalmolojik olarak test edilmi\u015ftir<\/li>\n<li>8 saat nemlendirme sa\u011flar\u00b2<\/li>\n<li>Cilt elastikiyetinin ve cilt bariyerini iyile\u015ftirir\u00b3<\/li>\n<li>Cilt yumu\u015fakl\u0131\u011f\u0131n\u0131<sup>1,3<\/sup>\u00a0ve dokusunu iyile\u015ftirir<\/li>\n<li>Deneyenlerin %100&#8217;\u00fc \u00fcr\u00fcn\u00fcn esnekli\u011fini, yumu\u015fakl\u0131\u011f\u0131n\u0131 ve nemlendirmesini art\u0131rd\u0131\u011f\u0131n\u0131 d\u00fc\u015f\u00fcn\u00fcyor\u2074<\/li>\n<li>Deneyenlerin %97&#8217;si \u00fcr\u00fcn\u00fcn &#8220;cam deri&#8221; etkisine katk\u0131da bulundu\u011funu d\u00fc\u015f\u00fcn\u00fcyor\u2074<\/li>\n<li>Zengin ve kadifemsi bir dokuya sahiptir<\/li>\n<li>Makyaj alt\u0131 kullan\u0131m i\u00e7in uygundur<\/li>\n<li>T\u00fcm cilt tipleri i\u00e7in uygundur<\/li>\n<\/ul>\n<p><i>\u00b9 41-60 ya\u015f aras\u0131 35 kad\u0131n \u00fczerinde test edilmi\u015ftir. Sonu\u00e7lar, 30 g\u00fcnl\u00fck kullan\u0131mdan sonra enstr\u00fcmantal \u00f6l\u00e7\u00fcmler kullan\u0131larak de\u011ferlendirilmi\u015ftir.<br \/>\n\u00b2 25-60 ya\u015f aras\u0131 32 kad\u0131n \u00fczerinde test edilmi\u015ftir. Sonu\u00e7lar, enstr\u00fcmantal \u00f6l\u00e7\u00fcmler kullan\u0131larak de\u011ferlendirilmi\u015ftir.<br \/>\n\u00b3 41-60 ya\u015f aras\u0131 35 kad\u0131n \u00fczerinde test edilmi\u015ftir. Sonu\u00e7lar, 60 g\u00fcnl\u00fck kullan\u0131mdan sonra enstr\u00fcmantal \u00f6l\u00e7\u00fcmler kullan\u0131larak de\u011ferlendirilmi\u015ftir.<br \/>\n\u2074 41-60 ya\u015f aras\u0131 35 kad\u0131nla, 60 g\u00fcnl\u00fck kullan\u0131mdan sonra yap\u0131lan \u00f6z de\u011ferlendirme sonu\u00e7lar\u0131na dayanmaktad\u0131r.<\/i><\/p>\n<p>&nbsp;<\/p>\n<p class=\"mb-4\" data-testid=\"ingredientsLabel\">\u0130\u00e7indekiler<\/p>\n<div class=\"mb-6 lg:mb-16\">\n<div class=\"lg:col-start-2 lg:col-span-10 col-span-12 ingredientWrapper rte text-semantics-text-regular\" data-testid=\"ingredients\">\n<p>Aqua, Hydrogenated Polydecene, Dipropylene Glycol, Cetyl Ethylhexanoate, Glyceryl Stearate, Pentaerythrityl Tetraethylhexanoate, Methyl Trimethicone, Niacinamide, Cetearyl Alcohol, Polyglyceryl-6 Distearate, Panthenol, Adenosine, Sodium Hyaluronate, Tocopherol, Acetyl Hexapeptide-8, Copper Tripeptide-1, Palmitoyl Tetrapeptide-7, Nonapeptide-1, Tripeptide-1, Palmitoyl Pentapeptide-4, Palmitoyl Tripeptide-1, Hexapeptide-9, Dicaprylyl Ether, Polyglyceryl-10 Laurate, 1,2-Hexanediol, Beeswax, Cocos Nucifera (Coconut) Oil, Sodium Stearoyl Glutamate, Hydroxyethyl Acrylate\/Sodium Acryloyldimethyl Taurate Copolymer, Jojoba Esters, Hydroxyacetophenone, Cetyl Alcohol, Polyglyceryl-3 Beeswax, Parfum, Ethylhexylglycerin, Disodium EDTA, Sorbitan Isostearate, Malt Extract, Sodium Laurate, Butylene Glycol, Glycerin, Lauric Acid, Linalyl Acetate, Caprylyl Glycol.<\/p>\n<p>Her sabah temiz ve kuru cilde, yukar\u0131 do\u011fru hareketlerle y\u00fcz ve boyuna nazik\u00e7e masaj yaparak uygulay\u0131n.<\/p>\n<p>G\u00fcn i\u00e7inde SPF korumas\u0131 kullanmay\u0131 unutmay\u0131n.<\/p>\n<p>Beyaz Ye\u015fim Ta\u015f\u0131 Gua Sha Aletimiz ile cildinize nazik\u00e7e masaj yap\u0131n.<\/p>\n<\/div>\n<\/div>\n","protected":false},"excerpt":{"rendered":"<p>Geli\u015fmi\u015f Kore biliminin g\u00fcc\u00fcyle zenginle\u015ftirilmi\u015f, kadifemsi bir nemlendirici olan HL\/Skin Yo\u011fun S\u0131k\u0131la\u015ft\u0131r\u0131c\u0131 Krem ile cildinizi \u015f\u0131mart\u0131n. Adenozin, niasinamid ve B5 vitamini ile form\u00fcle edilen bu krem,<span class=\"excerpt-hellip\"> [\u2026]<\/span><\/p>\n","protected":false},"featured_media":1299,"comment_status":"open","ping_status":"closed","template":"","meta":{"om_disable_all_campaigns":false,"_monsterinsights_skip_tracking":false,"_monsterinsights_sitenote_active":false,"_monsterinsights_sitenote_note":"","_monsterinsights_sitenote_category":0},"product_brand":[],"product_cat":[27,104,18],"product_tag":[272,267,273,276,277],"class_list":{"0":"post-1298","1":"product","2":"type-product","3":"status-publish","4":"has-post-thumbnail","6":"product_cat-kisiselbakim","7":"product_cat-skin-serisi","8":"product_cat-tum-urunler","9":"product_tag-cilt-bakim","10":"product_tag-kisisel-bakim","11":"product_tag-kore","12":"product_tag-nemlendirici","13":"product_tag-sikilastirici","15":"first","16":"instock","17":"sale","18":"taxable","19":"shipping-taxable","20":"purchasable","21":"product-type-simple"},"aioseo_notices":[],"_links":{"self":[{"href":"https:\/\/herbalkilokontrol.com.tr\/index.php\/wp-json\/wp\/v2\/product\/1298"}],"collection":[{"href":"https:\/\/herbalkilokontrol.com.tr\/index.php\/wp-json\/wp\/v2\/product"}],"about":[{"href":"https:\/\/herbalkilokontrol.com.tr\/index.php\/wp-json\/wp\/v2\/types\/product"}],"replies":[{"embeddable":true,"href":"https:\/\/herbalkilokontrol.com.tr\/index.php\/wp-json\/wp\/v2\/comments?post=1298"}],"wp:featuredmedia":[{"embeddable":true,"href":"https:\/\/herbalkilokontrol.com.tr\/index.php\/wp-json\/wp\/v2\/media\/1299"}],"wp:attachment":[{"href":"https:\/\/herbalkilokontrol.com.tr\/index.php\/wp-json\/wp\/v2\/media?parent=1298"}],"wp:term":[{"taxonomy":"product_brand","embeddable":true,"href":"https:\/\/herbalkilokontrol.com.tr\/index.php\/wp-json\/wp\/v2\/product_brand?post=1298"},{"taxonomy":"product_cat","embeddable":true,"href":"https:\/\/herbalkilokontrol.com.tr\/index.php\/wp-json\/wp\/v2\/product_cat?post=1298"},{"taxonomy":"product_tag","embeddable":true,"href":"https:\/\/herbalkilokontrol.com.tr\/index.php\/wp-json\/wp\/v2\/product_tag?post=1298"}],"curies":[{"name":"wp","href":"https:\/\/api.w.org\/{rel}","templated":true}]}}