{"id":1294,"date":"2026-03-26T13:59:30","date_gmt":"2026-03-26T10:59:30","guid":{"rendered":"https:\/\/herbalkilokontrol.com.tr\/?post_type=product&#038;p=1294"},"modified":"2026-03-26T13:59:30","modified_gmt":"2026-03-26T10:59:30","slug":"hl-skin-yenileyici-jel-temizleyici","status":"publish","type":"product","link":"https:\/\/herbalkilokontrol.com.tr\/index.php\/product\/hl-skin-yenileyici-jel-temizleyici\/","title":{"rendered":"HL\/Skin Yenileyici Jel Temizleyici"},"content":{"rendered":"<p style=\"text-align: left\">Cildi soymadan ar\u0131nd\u0131ran hafif, k\u00f6p\u00fcren bir jel olan HL\/Skin Yenileyici<\/p>\n<p style=\"text-align: left\">Jel Temizleyici ile g\u00fcnl\u00fck temizli\u011finizi canland\u0131r\u0131c\u0131 bir rit\u00fcele d\u00f6n\u00fc\u015ft\u00fcr\u00fcn.<\/p>\n<p><img loading=\"lazy\" decoding=\"async\" class=\"wp-image-1295 alignright\" src=\"https:\/\/herbalkilokontrol.com.tr\/wp-content\/uploads\/2026\/03\/pc-511k-tr-300x268.webp\" alt=\"\" width=\"309\" height=\"275\" srcset=\"https:\/\/herbalkilokontrol.com.tr\/wp-content\/uploads\/2026\/03\/pc-511k-tr-300x268.webp 300w, https:\/\/herbalkilokontrol.com.tr\/wp-content\/uploads\/2026\/03\/pc-511k-tr-500x447.webp 500w, https:\/\/herbalkilokontrol.com.tr\/wp-content\/uploads\/2026\/03\/pc-511k-tr-768x687.webp 768w, https:\/\/herbalkilokontrol.com.tr\/wp-content\/uploads\/2026\/03\/pc-511k-tr-84x75.webp 84w\" sizes=\"(max-width:767px) 309px, 309px\" \/><\/p>\n<p style=\"text-align: left\">K\u00f6kleri geli\u015fmi\u015f Kore cilt bak\u0131m bilimine dayanan bu nazik temizleyici,<\/p>\n<p style=\"text-align: left\">makyaj\u0131, kirleri ve fazla sebumu a\u015f\u0131r\u0131 kurutmadan temizlemek i\u00e7in \u00f6zenle<\/p>\n<p style=\"text-align: left\">form\u00fcle edilmi\u015ftir. HL\/Skin Yenileyici Jel Temizleyici cildinizin ya\u011flanmas\u0131n\u0131<\/p>\n<p style=\"text-align: left\">an\u0131nda azalt\u0131rken cildinizin yumu\u015fak ve p\u00fcr\u00fczs\u00fcz hissetmesini sa\u011flar.<\/p>\n<p style=\"text-align: left\">Cildinizi nazik\u00e7e temizlemek i\u00e7in sabah ve gece kullan\u0131n &#8211; her seferinde bir y\u0131kama.<\/p>\n<p>&nbsp;<\/p>\n<p>HL\/Skin Yenileyici Jel Temizleyici:<\/p>\n<ul>\n<li>Geli\u015fmi\u015f Kore cilt bak\u0131m\u0131 bilimi taraf\u0131ndan desteklenmektedir<\/li>\n<li>Dermatolojik olarak test edilmi\u015ftir<\/li>\n<li>Oftalmolojik olarak test edilmi\u015ftir<\/li>\n<li>A\u015f\u0131r\u0131 kurutmadan nazik\u00e7e temizler\u00b9<\/li>\n<li>Makyaj\u0131, kiri\u00b3, ve fazla sebumu\u00b9 temizleyerek cildin yenilenmesine yard\u0131mc\u0131 olur<\/li>\n<li>Y\u00fczdeki ya\u011fl\u0131l\u0131\u011f\u0131 azaltt\u0131\u011f\u0131n\u0131 ve t\u00fcm kir ve kal\u0131nt\u0131lar\u0131 temizledi\u011fini d\u00fc\u015f\u00fcnenlerin oran\u0131 %100\u00b3<\/li>\n<li>Deneyenlerin %96&#8217;s\u0131 g\u00f6zenekleri ar\u0131nd\u0131r\u0131p temizledi\u011fini ve cildin sa\u011fl\u0131kl\u0131 g\u00f6r\u00fcnmesini ve hissetmesini sa\u011flad\u0131\u011f\u0131n\u0131 d\u00fc\u015f\u00fcn\u00fcyor\u00b3<\/li>\n<li>Deneyenlerin %93&#8217;\u00fc tek kullan\u0131mdan sonra ciltlerinin an\u0131nda yumu\u015fad\u0131\u011f\u0131n\u0131 s\u00f6yl\u00fcyor\u00b2<\/li>\n<li>Cildi temiz, dengeli ve tazelenmi\u015f hissettirir<\/li>\n<li>T\u00fcm cilt tipleri i\u00e7in uygundur<\/li>\n<\/ul>\n<p><i>\u00b9 25-60 ya\u015f aras\u0131 32 kad\u0131n \u00fczerinde test edilmi\u015ftir. Sonu\u00e7lar, hemen ve 30 g\u00fcnl\u00fck kullan\u0131mdan sonra enstr\u00fcmantal \u00f6l\u00e7\u00fcmler kullan\u0131larak de\u011ferlendirilmi\u015ftir.<br \/>\n\u00b2 25-60 ya\u015f aras\u0131 32 kad\u0131nla hemen kullan\u0131mdan sonra yap\u0131lan \u00f6z de\u011ferlendirme sonu\u00e7lar\u0131na dayanmaktad\u0131r.<br \/>\n\u00b3 25-60 ya\u015f aras\u0131 32 kad\u0131nla 30 g\u00fcnl\u00fck kullan\u0131mdan sonra yap\u0131lan \u00f6z de\u011ferlendirme sonu\u00e7lar\u0131na dayanmaktad\u0131r.<\/i><\/p>\n<p class=\"mb-4\" data-testid=\"ingredientsLabel\">\u0130\u00e7indekiler<\/p>\n<div class=\"mb-6 lg:mb-16\">\n<div class=\"lg:col-start-2 lg:col-span-10 col-span-12 ingredientWrapper rte text-semantics-text-regular\" data-testid=\"ingredients\">\n<p>Aqua, Glycerin, Disodium Cocoamphodiacetate, Disodium Cocoyl Glutamate, Sodium Chloride, Betaine, Citric Acid, Hydroxypropyl Starch Phosphate, Eclipta Prostrata Leaf Extract, Fructooligosaccharides, Centella Asiatica Extract, Ficus Carica (Fig) Fruit Extract, Beta-Glucan, Hydrolyzed Hyaluronic Acid, Ceramide NP, Sodium Hyaluronate, Sodium Acetylated Hyaluronate, Acrylates\/C10-30 Alkyl Acrylate Crosspolymer, Coco-Betaine, Sodium Methyl Oleoyl Taurate, 1,2-Hexanediol, Caprylyl Glycol, Polyglyceryl-10 Laurate, Potassium Benzoate, Glyceryl Caprylate, Parfum, Coco-Glucoside, Ethylhexylglycerin, Tetramethyl Acetyloctahydronaphthalenes, Hexylene Glycol, Sodium Phytate, Dipropylene Glycol, Butylene Glycol, Linalyl Acetate, Laminaria Japonica Extract, Terpineol, Acetyl Cedrene, Pinene, Hydrogenated Lecithin, Zea Mays (Corn) Germ Oil, Caprylic\/Capric Triglyceride, Pentaerythrityl Tetra-Di-T-butyl Hydroxyhydrocinnamate.<\/p>\n<\/div>\n<p>Islak ellere uygulay\u0131n ve hafif bir k\u00f6p\u00fck haline getirin. Y\u00fcz ve boyun \u00fczerinde dairesel hareketlerle nazik\u00e7e masaj yap\u0131n. Il\u0131k suyla iyice durulay\u0131n ve kurulay\u0131n. En iyi sonu\u00e7 i\u00e7in sabah ve ak\u015fam kullan\u0131n.<\/p>\n<p>En iyi ki\u015fisel bak\u0131m rit\u00fceli i\u00e7in Pamuk Sa\u00e7 Band\u0131 ve Temizleyici Silikon F\u0131r\u00e7a ile e\u015fle\u015ftirin.<\/p>\n<\/div>\n","protected":false},"excerpt":{"rendered":"<p>Cildi soymadan ar\u0131nd\u0131ran hafif, k\u00f6p\u00fcren bir jel olan HL\/Skin Yenileyici Jel Temizleyici ile g\u00fcnl\u00fck temizli\u011finizi canland\u0131r\u0131c\u0131 bir rit\u00fcele d\u00f6n\u00fc\u015ft\u00fcr\u00fcn. K\u00f6kleri geli\u015fmi\u015f Kore cilt bak\u0131m bilimine dayanan<span class=\"excerpt-hellip\"> [\u2026]<\/span><\/p>\n","protected":false},"featured_media":1295,"comment_status":"open","ping_status":"closed","template":"","meta":{"om_disable_all_campaigns":false,"_monsterinsights_skip_tracking":false,"_monsterinsights_sitenote_active":false,"_monsterinsights_sitenote_note":"","_monsterinsights_sitenote_category":0},"product_brand":[],"product_cat":[27,104,18],"product_tag":[251,272,267,273,246],"class_list":{"0":"post-1294","1":"product","2":"type-product","3":"status-publish","4":"has-post-thumbnail","6":"product_cat-kisiselbakim","7":"product_cat-skin-serisi","8":"product_cat-tum-urunler","9":"product_tag-cilt","10":"product_tag-cilt-bakim","11":"product_tag-kisisel-bakim","12":"product_tag-kore","13":"product_tag-temizleyici","15":"first","16":"instock","17":"sale","18":"taxable","19":"shipping-taxable","20":"purchasable","21":"product-type-simple"},"aioseo_notices":[],"_links":{"self":[{"href":"https:\/\/herbalkilokontrol.com.tr\/index.php\/wp-json\/wp\/v2\/product\/1294"}],"collection":[{"href":"https:\/\/herbalkilokontrol.com.tr\/index.php\/wp-json\/wp\/v2\/product"}],"about":[{"href":"https:\/\/herbalkilokontrol.com.tr\/index.php\/wp-json\/wp\/v2\/types\/product"}],"replies":[{"embeddable":true,"href":"https:\/\/herbalkilokontrol.com.tr\/index.php\/wp-json\/wp\/v2\/comments?post=1294"}],"wp:featuredmedia":[{"embeddable":true,"href":"https:\/\/herbalkilokontrol.com.tr\/index.php\/wp-json\/wp\/v2\/media\/1295"}],"wp:attachment":[{"href":"https:\/\/herbalkilokontrol.com.tr\/index.php\/wp-json\/wp\/v2\/media?parent=1294"}],"wp:term":[{"taxonomy":"product_brand","embeddable":true,"href":"https:\/\/herbalkilokontrol.com.tr\/index.php\/wp-json\/wp\/v2\/product_brand?post=1294"},{"taxonomy":"product_cat","embeddable":true,"href":"https:\/\/herbalkilokontrol.com.tr\/index.php\/wp-json\/wp\/v2\/product_cat?post=1294"},{"taxonomy":"product_tag","embeddable":true,"href":"https:\/\/herbalkilokontrol.com.tr\/index.php\/wp-json\/wp\/v2\/product_tag?post=1294"}],"curies":[{"name":"wp","href":"https:\/\/api.w.org\/{rel}","templated":true}]}}