{"id":1291,"date":"2026-03-26T13:38:26","date_gmt":"2026-03-26T10:38:26","guid":{"rendered":"https:\/\/herbalkilokontrol.com.tr\/?post_type=product&#038;p=1291"},"modified":"2026-03-26T13:38:26","modified_gmt":"2026-03-26T10:38:26","slug":"pro-drink","status":"publish","type":"product","link":"https:\/\/herbalkilokontrol.com.tr\/index.php\/product\/pro-drink\/","title":{"rendered":"Pro-Drink"},"content":{"rendered":"<p>Pro-Drink ile g\u00fcnl\u00fck protein ve vitamin &amp; mineral al\u0131m\u0131n\u0131z\u0131 destekleyin.<\/p>\n<p>Pro-Drink %100 bitki bazl\u0131, y\u00fcksek proteinli, glutensiz aromal\u0131 bir i\u00e7ecek tozudur.<img loading=\"lazy\" decoding=\"async\" class=\" wp-image-1293 alignright\" src=\"https:\/\/herbalkilokontrol.com.tr\/wp-content\/uploads\/2026\/03\/pp-pdm-vanilla-300x268.webp\" alt=\"\" width=\"378\" height=\"338\" srcset=\"https:\/\/herbalkilokontrol.com.tr\/wp-content\/uploads\/2026\/03\/pp-pdm-vanilla-300x268.webp 300w, https:\/\/herbalkilokontrol.com.tr\/wp-content\/uploads\/2026\/03\/pp-pdm-vanilla-500x447.webp 500w, https:\/\/herbalkilokontrol.com.tr\/wp-content\/uploads\/2026\/03\/pp-pdm-vanilla-768x687.webp 768w, https:\/\/herbalkilokontrol.com.tr\/wp-content\/uploads\/2026\/03\/pp-pdm-vanilla-84x75.webp 84w, https:\/\/herbalkilokontrol.com.tr\/wp-content\/uploads\/2026\/03\/pp-pdm-vanilla-480x430.webp 480w, https:\/\/herbalkilokontrol.com.tr\/wp-content\/uploads\/2026\/03\/pp-pdm-vanilla-800x716.webp 800w, https:\/\/herbalkilokontrol.com.tr\/wp-content\/uploads\/2026\/03\/pp-pdm-vanilla.webp 875w\" sizes=\"(max-width:767px) 378px, 378px\" \/><\/p>\n<p>Bu \u00fcr\u00fcn\u00fc, her 28 gram ile haz\u0131rlanan porsiyonunda 14 gram protein ve<\/p>\n<p>21 temel vitamin ve mineral i\u00e7eren y\u00fcksek proteinli bir at\u0131\u015ft\u0131rmal\u0131k olarak<\/p>\n<p>tek ba\u015f\u0131na t\u00fcketebilir veya ekstra protein al\u0131m\u0131 i\u00e7in en sevdi\u011finiz shake<\/p>\n<p>veya smoothie&#8217;nize ekleyebilirsiniz.<\/p>\n<p>Bu \u00e7ok y\u00f6nl\u00fc y\u00fcksek proteinli aromal\u0131 i\u00e7ecek tozunu g\u00fcnl\u00fck rutininize<\/p>\n<p>kolayca dahil edin. Pro-Drink, hafif bir vanilya aromas\u0131na sahiptir ve<\/p>\n<p>ya\u015fam tarz\u0131n\u0131za, damak zevkinize ve beslenme ihtiya\u00e7lar\u0131n\u0131za g\u00f6re<\/p>\n<p>\u00f6zelle\u015ftirilebilir. Vegan bir i\u00e7ecek i\u00e7in suyla kar\u0131\u015ft\u0131r\u0131n veya en sevdi\u011finiz<\/p>\n<p>Form\u00fcl 1 \u00d6\u011f\u00fcn Yerine Ge\u00e7en Besleyici Shake Kar\u0131\u015f\u0131m\u0131&#8217;n\u0131za ekleyin.<\/p>\n<p>Haz\u0131rlamas\u0131 h\u0131zl\u0131 ve kolay, vanilya aromal\u0131 y\u00fcksek proteinli aromal\u0131 i\u00e7ecek<\/p>\n<p>tozu ile g\u00fcnl\u00fck protein al\u0131m\u0131n\u0131z\u0131 art\u0131r\u0131n. Beslenme ihtiya\u00e7lar\u0131n\u0131z\u0131 kontrol<\/p>\n<p>alt\u0131na al\u0131n ve ihtiya\u00e7 duydu\u011funuz her an protein takviyesi al\u0131n.<\/p>\n<p>Pro-Drink:<\/p>\n<ul>\n<li>%100 vegand\u0131r<\/li>\n<li>Porsiyon ba\u015f\u0131na 15 gram protein i\u00e7erir*<\/li>\n<li>21 vitamin ve mineral i\u00e7erir<\/li>\n<li>Glutensizdir<\/li>\n<li>Diledi\u011finiz yerde t\u00fcketime uygundur<\/li>\n<li>19 porsiyon i\u00e7erir<\/li>\n<\/ul>\n<p><i>*Etiketteki kullan\u0131m talimatlar\u0131na g\u00f6re haz\u0131rland\u0131\u011f\u0131nda<\/i><\/p>\n<p class=\"mb-4\" data-testid=\"ingredientsLabel\">\u0130\u00e7indekiler<\/p>\n<div class=\"mb-6 lg:mb-16\">\n<div class=\"lg:col-start-2 lg:col-span-10 col-span-12 ingredientWrapper rte text-semantics-text-regular\" data-testid=\"ingredients\">\n<p>Bezelye proteini izolat\u0131, maltodekstrin, mineral ve vitamin kar\u0131\u015f\u0131m\u0131 (potasyum sitrat, potasyum klor\u00fcr, sitrik asidin kalsiyum tuzlar\u0131, ortofosforik asidin kalsiyum tuzlar\u0131, L-askorbik asit, DL-alfa-tokoferil asetat, beta-karoten, nikotinamid, \u00e7inko sitrat, D-pantotenat, kalsiyum, D-biyotin, sodyum selenit, manganez karbonat, siyanokobalamin, kolekalsiferol, pteroilmonoglutamik asit, piridoksin hidroklor\u00fcr, potasyum iyod\u00fcr, riboflavin, tiamin mononitrat, bak\u0131r sitrat), pirin\u00e7 proteini, em\u00fclgat\u00f6r (lesitinler (kanola)), do\u011fal aroma verici, k\u0131vam artt\u0131r\u0131c\u0131 (ksantam gam, guar gam), sodyum klor\u00fcr, tatland\u0131r\u0131c\u0131 (steviadan steviol glikozitler).<\/p>\n<p>KULLANIM B\u0130LG\u0130S\u0130: \u00dc\u00e7 \u00e7orba ka\u015f\u0131\u011f\u0131 (yakla\u015f\u0131k 28 gram) tozu 250 ml so\u011fuk suya veya daha fazla protein eklemek i\u00e7in d\u00f6rt bu\u00e7uk \u00e7orba ka\u015f\u0131\u011f\u0131 (yakla\u015f\u0131k 42 gram) tozu 375 ml so\u011fuk suya ekleyin, \u00e7alkalay\u0131n ve t\u00fcketin. G\u00fcnl\u00fck ki\u015fisel protein gereksinimlerinizi kar\u015f\u0131laman\u0131za yard\u0131mc\u0131 olmas\u0131 i\u00e7in sabah saatlerinde veya \u00f6\u011fleden sonra al\u0131n. Dengeli ve \u00e7e\u015fitli g\u0131dalardan olu\u015fan bir beslenme d\u00fczeni ile sa\u011fl\u0131kl\u0131 ve aktif bir ya\u015fam tarz\u0131n\u0131n s\u00fcrd\u00fcr\u00fclmesi \u00f6nemlidir.<\/p>\n<\/div>\n<\/div>\n","protected":false},"excerpt":{"rendered":"<p>Pro-Drink ile g\u00fcnl\u00fck protein ve vitamin &amp; mineral al\u0131m\u0131n\u0131z\u0131 destekleyin.<\/p>\n<p>Pro-Drink %100 bitki bazl\u0131, y\u00fcksek proteinli, glutensiz aromal\u0131 bir i\u00e7ecek tozudur.<\/p>\n","protected":false},"featured_media":1292,"comment_status":"open","ping_status":"closed","template":"","meta":{"om_disable_all_campaigns":false,"_monsterinsights_skip_tracking":false,"_monsterinsights_sitenote_active":false,"_monsterinsights_sitenote_note":"","_monsterinsights_sitenote_category":0},"product_brand":[],"product_cat":[28,106,119,92,120,108,101,22,18,91,94],"product_tag":[271,166,252,188,270],"class_list":{"0":"post-1291","1":"product","2":"type-product","3":"status-publish","4":"has-post-thumbnail","6":"product_cat-avantaj","7":"product_cat-hedefe-yonelik-destek","8":"product_cat-kilo-alma","9":"product_cat-kilo-kontrol","10":"product_cat-kilo-verme","11":"product_cat-performans","12":"product_cat-takviye-edici-gidalar","13":"product_cat-beslenme","14":"product_cat-tum-urunler","15":"product_cat-vegans","16":"product_cat-vejeteryan","17":"product_tag-glutensiz","18":"product_tag-kilo-kontrol","19":"product_tag-kilo-verme","20":"product_tag-protein","21":"product_tag-vegan","23":"first","24":"instock","25":"sale","26":"taxable","27":"shipping-taxable","28":"purchasable","29":"product-type-simple"},"aioseo_notices":[],"_links":{"self":[{"href":"https:\/\/herbalkilokontrol.com.tr\/index.php\/wp-json\/wp\/v2\/product\/1291"}],"collection":[{"href":"https:\/\/herbalkilokontrol.com.tr\/index.php\/wp-json\/wp\/v2\/product"}],"about":[{"href":"https:\/\/herbalkilokontrol.com.tr\/index.php\/wp-json\/wp\/v2\/types\/product"}],"replies":[{"embeddable":true,"href":"https:\/\/herbalkilokontrol.com.tr\/index.php\/wp-json\/wp\/v2\/comments?post=1291"}],"wp:featuredmedia":[{"embeddable":true,"href":"https:\/\/herbalkilokontrol.com.tr\/index.php\/wp-json\/wp\/v2\/media\/1292"}],"wp:attachment":[{"href":"https:\/\/herbalkilokontrol.com.tr\/index.php\/wp-json\/wp\/v2\/media?parent=1291"}],"wp:term":[{"taxonomy":"product_brand","embeddable":true,"href":"https:\/\/herbalkilokontrol.com.tr\/index.php\/wp-json\/wp\/v2\/product_brand?post=1291"},{"taxonomy":"product_cat","embeddable":true,"href":"https:\/\/herbalkilokontrol.com.tr\/index.php\/wp-json\/wp\/v2\/product_cat?post=1291"},{"taxonomy":"product_tag","embeddable":true,"href":"https:\/\/herbalkilokontrol.com.tr\/index.php\/wp-json\/wp\/v2\/product_tag?post=1291"}],"curies":[{"name":"wp","href":"https:\/\/api.w.org\/{rel}","templated":true}]}}