{"id":123,"date":"2022-08-16T13:28:15","date_gmt":"2022-08-16T13:28:15","guid":{"rendered":"https:\/\/herbalkilokontrol.com.tr\/?post_type=product&#038;p=123"},"modified":"2026-05-07T12:22:53","modified_gmt":"2026-05-07T09:22:53","slug":"herbalife-hizli-baslangic-seti","status":"publish","type":"product","link":"https:\/\/herbalkilokontrol.com.tr\/index.php\/product\/herbalife-hizli-baslangic-seti\/","title":{"rendered":"Herbalife H\u0131zl\u0131 Ba\u015flang\u0131\u00e7 Seti"},"content":{"rendered":"","protected":false},"excerpt":{"rendered":"<p>1<strong> Adet Form\u00fcl 1 Besleyici Shake Kar\u0131\u015f\u0131m\u0131 \u00c7ikolata Aromal\u0131 550 g<\/strong>\u00a0(f\u0131nd\u0131k,beyaz \u00e7ikolata ve ahududu,vanilya lezzetlerini tercih ediyorsan\u0131z l\u00fctfen belirtiniz.)<\/p>\n<p><strong>1 Adet Bitkisel Konsantre \u00c7aylar Klasik 100 g<\/strong><\/p>\n<p><strong>1 Adet Multi-fiber Multi-Fiber Lifli ve Aromal\u0131 \u0130\u00e7ecek Tozu Elma 204 g<\/strong><\/p>\n<p><strong>1 Adet Herbal Aloe Konsantre \u0130\u00e7ecek 473 ml<\/strong><\/p>\n<p>&nbsp;<\/p>\n<p>Protein ve temel besinlerin birle\u015fiminden olu\u015fan lezzetli bir \u00f6\u011f\u00fcnd\u00fcr. Form\u00fcl 1, aralar\u0131nda B vitaminleri, C Vitamini, kalsiyum ve demir bulunan 22 vitamin ve mineral i\u00e7erir. Kilo kontrol\u00fc i\u00e7in, g\u00fcnde iki \u00f6\u011f\u00fcn bu lezzetli Shake&#8217;i tercih edip ve bir \u00f6\u011f\u00fcn sa\u011fl\u0131kl\u0131 yemek yiyebilirsiniz. \u0130deal kilonuzu koruyabilmek i\u00e7in g\u00fcnde bir \u00f6\u011f\u00fcn bu lezzetli Shake&#8217;i tercih edip ve iki \u00f6\u011f\u00fcn sa\u011fl\u0131kl\u0131 yemek yiyebilirsiniz.<\/p>\n<p>Yar\u0131m \u00e7ay ka\u015f\u0131\u011f\u0131 ile haz\u0131rlanan i\u00e7ecek, porsiyon ba\u015f\u0131na yakla\u015f\u0131k 6 kcal i\u00e7erir. Bu tazeleyici i\u00e7ece\u011fi s\u0131cak ve so\u011fuk olarak keyifle i\u00e7ebilirsiniz.<\/p>\n<p>Multi-fiber i\u00e7ecek g\u00fcnl\u00fck lif al\u0131m\u0131n\u0131za katk\u0131da bulunan pratik bir i\u00e7ecek tozudur. Suda \u00e7\u00f6z\u00fcnen ve \u00e7\u00f6z\u00fcnmeyen liflerden olu\u015fan y\u00fcksek lif i\u00e7eri\u011fine sahiptir. \u0130\u00e7erisinde elma, yulaf, narenciye ve in\u00fclin kaynakl\u0131 lif \u00e7e\u015fitleri bulunmaktad\u0131r. 1 porsiyonu 5g lif i\u00e7erir ve 15 kcal\u2019dir.<\/p>\n<p>Aloe Vera jelinden elde edilmi\u015ftir. Ferahlat\u0131c\u0131 narenciye aromas\u0131n\u0131n tad\u0131n\u0131 \u00e7\u0131kartmak i\u00e7in bu konsantreyi suya ekleyiniz.<\/p>\n","protected":false},"featured_media":806,"comment_status":"open","ping_status":"closed","template":"","meta":{"om_disable_all_campaigns":false,"_monsterinsights_skip_tracking":false,"_monsterinsights_sitenote_active":false,"_monsterinsights_sitenote_note":"","_monsterinsights_sitenote_category":0},"product_brand":[],"product_cat":[28,112,108,30,91],"product_tag":[69,67,68,70],"class_list":{"0":"post-123","1":"product","2":"type-product","3":"status-publish","4":"has-post-thumbnail","6":"product_cat-avantaj","7":"product_cat-kadin-set","8":"product_cat-performans","9":"product_cat-sporcu-urunleri","10":"product_cat-vegans","11":"product_tag-audio","12":"product_tag-earphones","13":"product_tag-phones","14":"product_tag-sound","16":"first","17":"instock","18":"sale","19":"taxable","20":"shipping-taxable","21":"purchasable","22":"product-type-variable"},"aioseo_notices":[],"_links":{"self":[{"href":"https:\/\/herbalkilokontrol.com.tr\/index.php\/wp-json\/wp\/v2\/product\/123"}],"collection":[{"href":"https:\/\/herbalkilokontrol.com.tr\/index.php\/wp-json\/wp\/v2\/product"}],"about":[{"href":"https:\/\/herbalkilokontrol.com.tr\/index.php\/wp-json\/wp\/v2\/types\/product"}],"replies":[{"embeddable":true,"href":"https:\/\/herbalkilokontrol.com.tr\/index.php\/wp-json\/wp\/v2\/comments?post=123"}],"wp:featuredmedia":[{"embeddable":true,"href":"https:\/\/herbalkilokontrol.com.tr\/index.php\/wp-json\/wp\/v2\/media\/806"}],"wp:attachment":[{"href":"https:\/\/herbalkilokontrol.com.tr\/index.php\/wp-json\/wp\/v2\/media?parent=123"}],"wp:term":[{"taxonomy":"product_brand","embeddable":true,"href":"https:\/\/herbalkilokontrol.com.tr\/index.php\/wp-json\/wp\/v2\/product_brand?post=123"},{"taxonomy":"product_cat","embeddable":true,"href":"https:\/\/herbalkilokontrol.com.tr\/index.php\/wp-json\/wp\/v2\/product_cat?post=123"},{"taxonomy":"product_tag","embeddable":true,"href":"https:\/\/herbalkilokontrol.com.tr\/index.php\/wp-json\/wp\/v2\/product_tag?post=123"}],"curies":[{"name":"wp","href":"https:\/\/api.w.org\/{rel}","templated":true}]}}