{"id":117,"date":"2022-08-16T13:01:47","date_gmt":"2022-08-16T13:01:47","guid":{"rendered":"https:\/\/herbalkilokontrol.com.tr\/?post_type=product&#038;p=117"},"modified":"2026-03-26T12:17:11","modified_gmt":"2026-03-26T09:17:11","slug":"herbalife-kilo-kontrol-antioksidan-set","status":"publish","type":"product","link":"https:\/\/herbalkilokontrol.com.tr\/index.php\/product\/herbalife-kilo-kontrol-antioksidan-set\/","title":{"rendered":"Herbalife Kilo Kontrol Antioksidan Set"},"content":{"rendered":"","protected":false},"excerpt":{"rendered":"<p><span style=\"font-family: Arial Black\">PAKET \u0130\u00c7ER\u0130\u011e\u0130<\/span><\/p>\n<p><span style=\"font-family: Arial Black\">1.Aloe konsantre i\u00e7ece\u011fi 473 ml.<\/span><\/p>\n<p><span style=\"font-family: Arial Black\">2.Bitkisel klasik aromal\u0131 konsantre \u00e7ay 100 gr\u00a0<\/span><\/p>\n<p><span style=\"font-family: Arial Black\">3.Liftoff,efervesan y\u00fcksek c vitaminli enerji i\u00e7ece\u011fi.<\/span><\/p>\n<p>\u00dcr\u00fcn Aromalar\u0131n\u0131 De\u011fi\u015ftirmek \u0130sterseniz L\u00fctfen Whatsapp Kanal\u0131yla \u0130leti\u015fime Ge\u00e7in.<\/p>\n<p>\u00fcr\u00fcn Kullan\u0131m\u0131 Ki\u015fiye \u00d6zeldir, fiziksel Duruma, g\u00fcnl\u00fck Aktiviteye Ve Beslenme Durumuna G\u00f6re De\u011fi\u015fiklik G\u00f6sterir.<br \/>\nSize En Uygun Kullan\u0131m Program\u0131n\u0131 \u00d6\u011frenmek Ve \u00dccretsiz Dan\u0131\u015fmanl\u0131k \u0130\u00e7in Bizimle Mutlaka \u0130leti\u015fime Ge\u00e7in&#8230;.<\/p>\n","protected":false},"featured_media":472,"comment_status":"open","ping_status":"closed","template":"","meta":{"om_disable_all_campaigns":false,"_monsterinsights_skip_tracking":false,"_monsterinsights_sitenote_active":false,"_monsterinsights_sitenote_note":"","_monsterinsights_sitenote_category":0},"product_brand":[],"product_cat":[28,111,93,122,112,92,120,108,101,22,18],"product_tag":[170,167,169,165,166,171,168],"class_list":{"0":"post-117","1":"product","2":"type-product","3":"status-publish","4":"has-post-thumbnail","6":"product_cat-avantaj","7":"product_cat-erkekler-set","8":"product_cat-icecekler","9":"product_cat-icecekler-caylar","10":"product_cat-kadin-set","11":"product_cat-kilo-kontrol","12":"product_cat-kilo-verme","13":"product_cat-performans","14":"product_cat-takviye-edici-gidalar","15":"product_cat-beslenme","16":"product_cat-tum-urunler","17":"product_tag-aloe","18":"product_tag-antioksidan","19":"product_tag-bitkisel-klasik-aromali-konsantre-cay","20":"product_tag-herbalife","21":"product_tag-kilo-kontrol","22":"product_tag-kilo-kontrol-antioksidan-set","23":"product_tag-liftoff","25":"first","26":"instock","27":"sale","28":"taxable","29":"shipping-taxable","30":"purchasable","31":"product-type-variable"},"aioseo_notices":[],"_links":{"self":[{"href":"https:\/\/herbalkilokontrol.com.tr\/index.php\/wp-json\/wp\/v2\/product\/117"}],"collection":[{"href":"https:\/\/herbalkilokontrol.com.tr\/index.php\/wp-json\/wp\/v2\/product"}],"about":[{"href":"https:\/\/herbalkilokontrol.com.tr\/index.php\/wp-json\/wp\/v2\/types\/product"}],"replies":[{"embeddable":true,"href":"https:\/\/herbalkilokontrol.com.tr\/index.php\/wp-json\/wp\/v2\/comments?post=117"}],"wp:featuredmedia":[{"embeddable":true,"href":"https:\/\/herbalkilokontrol.com.tr\/index.php\/wp-json\/wp\/v2\/media\/472"}],"wp:attachment":[{"href":"https:\/\/herbalkilokontrol.com.tr\/index.php\/wp-json\/wp\/v2\/media?parent=117"}],"wp:term":[{"taxonomy":"product_brand","embeddable":true,"href":"https:\/\/herbalkilokontrol.com.tr\/index.php\/wp-json\/wp\/v2\/product_brand?post=117"},{"taxonomy":"product_cat","embeddable":true,"href":"https:\/\/herbalkilokontrol.com.tr\/index.php\/wp-json\/wp\/v2\/product_cat?post=117"},{"taxonomy":"product_tag","embeddable":true,"href":"https:\/\/herbalkilokontrol.com.tr\/index.php\/wp-json\/wp\/v2\/product_tag?post=117"}],"curies":[{"name":"wp","href":"https:\/\/api.w.org\/{rel}","templated":true}]}}