{"id":640,"date":"2024-01-29T04:22:30","date_gmt":"2024-01-29T01:22:30","guid":{"rendered":"https:\/\/herbalkilokontrol.com.tr\/?page_id=640"},"modified":"2024-01-29T04:25:48","modified_gmt":"2024-01-29T01:25:48","slug":"mesafeli-satis-sozlesmesi","status":"publish","type":"page","link":"https:\/\/herbalkilokontrol.com.tr\/index.php\/mesafeli-satis-sozlesmesi\/","title":{"rendered":"Mesafeli Sat\u0131\u015f S\u00f6zle\u015fmesi"},"content":{"rendered":"<p><strong>Madde 1 \u2013 S\u00f6zle\u015fmenin Taraflar\u0131<\/strong><br>SATICI: <a href=\"https:\/\/herbalkilokontrol.com.tr\/\">https:\/\/herbalkilokontrol.com.tr<\/a><br>Telefon: <a href=\"tel:+905422169493\" title=\"+90 542 216 94 93\">+90 542 216 94 93<\/a><br>Adres : <a href=\"https:\/\/maps.app.goo.gl\/kn1Uko5PyGBg1M3N7\" title=\"Mansuro\u011flu Mahallesi, 260. Sk. No:7\/B, 35050 Bayrakl\u0131\/\u0130zmir\">Mansuro\u011flu Mahallesi, 260. Sk. No:7\/B, 35050 Bayrakl\u0131\/\u0130zmir<\/a><br>Email: <a href=\"mailto:info@herbalkilokontrol.com.tr\">info@herbalkilokontrol.com.tr<\/a><br>ALICI: <strong>M\u00fc\u015fteri<\/strong><\/p><p><strong>Madde 2 \u2013 S\u00f6zle\u015fmenin Konusu<\/strong><br>\u0130\u015f bu s\u00f6zle\u015fmenin konusu, Al\u0131c\u0131n\u0131n Sat\u0131c\u0131ya ait <a href=\"https:\/\/herbalkilokontrol.com.tr\/\">https:\/\/herbalkilokontrol.com.tr<\/a> web sitesinden elektronik ortamda sipari\u015f verdi\u011fi, s\u00f6zle\u015fmede bahsi ge\u00e7en nitelikleri haiz ve yine s\u00f6zle\u015fmede sat\u0131\u015f fiyat\u0131 belirtilen mal\/hizmetin sat\u0131\u015f\u0131 ve teslimi ile ilgili olarak 4077 say\u0131l\u0131 T\u00fcketicilerin Korunmas\u0131 Hakk\u0131ndaki Kanun ve Mesafeli S\u00f6zle\u015fmeler Uygulama Esas ve Usulleri Hakk\u0131nda Y\u00f6netmelik h\u00fck\u00fcmleri gere\u011fince taraflar\u0131n hak ve y\u00fck\u00fcml\u00fcl\u00fcklerinin saptanmas\u0131d\u0131r. Al\u0131c\u0131, sat\u0131\u015fa konu mal\/hizmetlerin temel nitelikleri, sat\u0131\u015f fiyat\u0131, \u00f6deme \u015fekli, teslimat ko\u015fullar\u0131 vs. sat\u0131\u015fa konu mal\/hizmet ile ilgili t\u00fcm \u00f6n bilgiler ve \u201ccayma\u201d hakk\u0131 konusunda bilgi sahibi oldu\u011funu, bu \u00f6n bilgileri elektronik ortamda teyit etti\u011fini ve sonras\u0131nda mal\/hizmeti sipari\u015f verdi\u011fini is bu s\u00f6zle\u015fme h\u00fck\u00fcmlerince kabul ve beyan eder. <a href=\"https:\/\/herbalkilokontrol.com.tr\/\">https:\/\/herbalkilokontrol.com.tr<\/a> sitesinde \u00f6deme sayfas\u0131nda yer alan \u00f6n bilgilendirme ve fatura i\u015f bu s\u00f6zle\u015fmenin ayr\u0131lmaz par\u00e7alar\u0131d\u0131r.<\/p><p><strong>Madde 3 \u2013 S\u00f6zle\u015fme Tarihi<\/strong><br>Sat\u0131c\u0131 taraf\u0131ndan daha \u00f6nce imzalanm\u0131\u015f bulunan i\u015f bu iki n\u00fcsha s\u00f6zle\u015fme al\u0131c\u0131 taraf\u0131ndan \u00f6deme sayfas\u0131nda s\u00f6zle\u015fmeyi kabul edip \u00f6deme yapt\u0131\u011f\u0131 tarih ve saatte s\u00f6zle\u015fme imzalanarak kabul edilmi\u015f say\u0131l\u0131r. Bir n\u00fcshas\u0131 al\u0131c\u0131n\u0131n mail adresine g\u00f6nderilecektir.<\/p><p><strong>Madde 4 \u2013 Mal veya Hizmetin Teslimi, S\u00f6zle\u015fmenin \u0130fa Yeri ve Teslim \u015eekli<\/strong><br>Mal\/hizmet, al\u0131c\u0131n\u0131n teslimini talep etmi\u015f oldu\u011fu adresinde mesai saatleri i\u00e7inde&nbsp;teslim edilecektir.<\/p><p><strong>Madde 5 \u2013 Teslimat Masraflar\u0131 ve \u0130fas\u0131<\/strong><br>Teslimat masraflar\u0131 al\u0131c\u0131ya aittir. Sat\u0131c\u0131, web sitesinde, ilan etti\u011fi rakam\u0131n \u00fczerinde al\u0131\u015fveri\u015f yapanlar\u0131n teslimat \u00fccretinin kendisince kar\u015f\u0131lanaca\u011f\u0131n\u0131 yada kampanya dahilinde \u00fccretsiz teslimat yapaca\u011f\u0131n\u0131 beyan etmi\u015fse, teslimat masraf\u0131 sat\u0131c\u0131ya aittir. Teslimat; stokun m\u00fcsait olmas\u0131 ve mal bedelinin sat\u0131c\u0131n\u0131n hesab\u0131na ge\u00e7mesinden sonra en k\u0131sa s\u00fcrede yap\u0131l\u0131r. Sat\u0131c\u0131, mal\/hizmetin sipari\u015finden itibaren 5 (Be\u015f) g\u00fcn i\u00e7inde teslim eder ve bu s\u00fcre i\u00e7inde yaz\u0131l\u0131 bildirimle ek 7 (Yedi) g\u00fcnl\u00fck s\u00fcre uzat\u0131m hakk\u0131n\u0131 sakl\u0131 tutar. Herhangi bir nedenle mal\/hizmet bedeli \u00f6denmez veya banka kay\u0131tlar\u0131nda iptal edilir ise, sat\u0131c\u0131 mal\/hizmetin teslimi y\u00fck\u00fcml\u00fcl\u00fc\u011f\u00fcnden kurtulmu\u015f kabul edilir.<\/p><p><strong>Madde 6 \u2013 \u00d6deme ve \u00dccretlendirme<\/strong><br>Havale ve kredi kart\u0131 ile g\u00fcvenli \u00f6deme se\u00e7ene\u011fini se\u00e7erek \u00f6demelerinizi g\u00fcvenli bir \u015fekilde hi\u00e7bir ekstra \u00fccret \u00f6demeden yapabilirsiniz.<\/p><p><strong>Madde 7 \u2013 Al\u0131c\u0131n\u0131n Beyan ve Taahh\u00fctleri&nbsp;<\/strong><br>Al\u0131c\u0131, s\u00f6zle\u015fme konusu mal\/hizmeti teslim almadan \u00f6nce muayene edecek; ezik, k\u0131r\u0131k, ambalaj\u0131 y\u0131rt\u0131lm\u0131\u015f vb. hasarl\u0131 ve ay\u0131pl\u0131 mal\/hizmeti kargo \u015firketinden teslim almayacakt\u0131r. Teslim al\u0131nan mal\/hizmetin hasars\u0131z ve sa\u011flam oldu\u011fu kabul edilecektir. Teslimden sonra mal\/hizmetin \u00f6zenle korunmas\u0131 borcu, al\u0131c\u0131ya aittir. Cayma hakk\u0131 kullan\u0131lacaksa mal\/hizmet kullan\u0131lmamal\u0131d\u0131r. Fatura iade edilmelidir. Mal\/hizmetin tesliminden sonra al\u0131c\u0131ya ait kredi kart\u0131n\u0131n al\u0131c\u0131n\u0131n kusurundan kaynaklanmayan bir \u015fekilde yetkisiz ki\u015filerce haks\u0131z veya hukuka ayk\u0131r\u0131 olarak kullan\u0131lmas\u0131 nedeni ile ilgili banka veya finans kurulu\u015funun mal\/hizmet bedelini sat\u0131c\u0131ya \u00f6dememesi halinde, Al\u0131c\u0131 kendisine teslim edilmi\u015f olmas\u0131 kayd\u0131yla mal\/hizmeti 3 (\u00dc\u00e7) g\u00fcn i\u00e7inde sat\u0131c\u0131ya g\u00f6ndermekle y\u00fck\u00fcml\u00fcd\u00fcr. Bu takdirde teslimat giderleri al\u0131c\u0131ya aittir.<\/p><p><strong>Madde 8 \u2013 Sat\u0131c\u0131n\u0131n Beyan ve Taahh\u00fctleri<\/strong><br>Sat\u0131c\u0131, s\u00f6zle\u015fme konusu mal\/hizmetin sa\u011flam, eksiksiz, sipari\u015fte belirtilen niteliklere uygun ve varsa garanti belgeleri ve kullan\u0131m k\u0131lavuzlar\u0131 ile teslim edilmesinden sorumludur. S\u00f6zle\u015fme konusu mal\/hizmet, al\u0131c\u0131dan ba\u015fka bir ki\u015fi\/kurulu\u015fa teslim edilecek ise, teslim edilecek ki\u015fi\/kurulu\u015fun teslimat\u0131 kabul etmemesinden sat\u0131c\u0131 sorumlu tutulamaz. Sat\u0131c\u0131, cayma beyan\u0131n\u0131n kendisine ula\u015fmas\u0131ndan sonra 10 (on) g\u00fcn i\u00e7inde mal\/hizmet bedelini, varsa k\u0131ymetli evrak\u0131 iade eder. Mal\/hizmeti 20 (yirmi) g\u00fcn i\u00e7inde iade al\u0131r. Hakl\u0131 gerek\u00e7elerle sat\u0131c\u0131, s\u00f6zle\u015fmedeki ifa s\u00fcresi dolmadan al\u0131c\u0131ya e\u015fit kalite ve fiyatta tedarik edebilir. Sat\u0131c\u0131 mal\/hizmetin ifas\u0131n\u0131n imk\u00e2ns\u0131zla\u015ft\u0131\u011f\u0131n\u0131 d\u00fc\u015f\u00fcn\u00fcyorsa, s\u00f6zle\u015fmenin ifa s\u00fcresi dolmadan al\u0131c\u0131ya bildirir. \u00d6denen bedel ve varsa belgeler 10 (on) g\u00fcn i\u00e7inde iade edilir. Garanti belgesi ile sat\u0131lan mal\/hizmetlerden olan veya olmayan mal\/hizmetlerden ar\u0131zal\u0131 veya bozuk olan mal\/hizmetler, garanti \u015fartlar\u0131 i\u00e7inde gerekli onar\u0131m\u0131n yap\u0131lmas\u0131 i\u00e7in sat\u0131c\u0131ya g\u00f6nderilebilir, bu takdirde teslimat giderleri sat\u0131c\u0131 taraf\u0131ndan kar\u015f\u0131lanacakt\u0131r.<\/p><p><strong>Madde 9 \u2013 S\u00f6zle\u015fmeye Konu Olan Mal veya Hizmetin \u00d6zellikleri<\/strong><br>Mal\/hizmetin cinsi ve t\u00fcr\u00fc, miktar\u0131, marka\/modeli, rengi ve t\u00fcm \u00e7ergiler d\u00e2hil sat\u0131\u015f bedeli <a href=\"https:\/\/herbalkilokontrol.com.tr\/\">https:\/\/herbalkilokontrol.com.tr<\/a> adl\u0131 web sitesindeki mal\/hizmet tan\u0131t\u0131m sayfas\u0131nda yer alan bilgilerde ve i\u015f bu s\u00f6zle\u015fmenin ayr\u0131lmaz par\u00e7as\u0131 say\u0131lan faturada belirtildi\u011fi gibidir.<\/p><p><strong>Madde 10 \u2013 Mal veya Hizmetin Pe\u015fin Fiyat\u0131<\/strong><br>Mal\/hizmetin pe\u015fin fiyat\u0131 sipari\u015f sonu mail at\u0131lan \u00f6rnek fatura ve \u00fcr\u00fcn ile birlikte m\u00fc\u015fteriye g\u00f6nderilen fatura i\u00e7eri\u011finde mevcuttur.<\/p><p><strong>Madde 11 \u2013 Vadeli Fiyat<\/strong><br>Mal\/hizmetin sat\u0131\u015f fiyat\u0131na yap\u0131lan vadeye g\u00f6re fiyat\u0131 sipari\u015f sonu mail at\u0131lan \u00f6rnek fatura ve \u00fcr\u00fcn ile birlikte m\u00fc\u015fteriye g\u00f6nderilen fatura i\u00e7eri\u011finde mevcuttur.<\/p><p><strong>Madde 12 \u2013 Faiz<\/strong><br>Her y\u0131l T\u00fcrkiye Cumhuriyeti H\u00fck\u00fcmetinin belirledi\u011fi faiz oran\u0131ndan ve her halde %30`dan fazla olamaz. Al\u0131c\u0131 \u00e7al\u0131\u015ft\u0131\u011f\u0131 bankaya kar\u015f\u0131 sorumludur.<\/p><p><strong>Madde 13 \u2013 Pe\u015finat Tutar\u0131<\/strong><br>Mal\/hizmetin pe\u015finat tutar\u0131 sipari\u015f sonu mail at\u0131lan \u00f6rnek fatura ve \u00fcr\u00fcn ile birlikte m\u00fc\u015fteriye g\u00f6nderilen fatura i\u00e7eri\u011finde mevcuttur.<\/p><p><strong>Madde 14 \u2013 \u00d6deme Plan\u0131<\/strong><br>Al\u0131c\u0131n\u0131n, kredi kart\u0131 ile ve taksitle al\u0131\u015fveri\u015f yapmas\u0131 durumunda siteden se\u00e7mi\u015f oldu\u011fu taksit bi\u00e7imi ge\u00e7erlidir. Taksitlendirme i\u015flemlerinde, al\u0131c\u0131 ile kart sahibi banka aras\u0131nda imzalam\u0131\u015f bulunan s\u00f6zle\u015fmenin ilgili h\u00fck\u00fcmleri ge\u00e7erlidir. Kredi kart\u0131 \u00f6deme tarihi banka ile al\u0131c\u0131 aras\u0131ndaki s\u00f6zle\u015fme h\u00fck\u00fcmlerince belirlenir. Al\u0131c\u0131, ayr\u0131ca bankan\u0131n g\u00f6nderdi\u011fi hesap \u00f6zetinden taksit say\u0131s\u0131n\u0131 ve \u00f6demelerini takip edebilir.<\/p><p><strong>Madde 15 \u2013 Cayma Hakk\u0131<\/strong><br>Al\u0131c\u0131, s\u00f6zle\u015fme konusu mal\/hizmetin kendisine veya g\u00f6sterdi\u011fi adresteki ki\u015fi\/kurulu\u015fa tesliminden itibaren 14 (on d\u00f6rt) g\u00fcn i\u00e7inde cayma hakk\u0131n\u0131 kullanabilir. Cayma hakk\u0131n\u0131n kullan\u0131lmas\u0131 i\u00e7in ayn\u0131 s\u00fcre i\u00e7inde sat\u0131c\u0131n\u0131n m\u00fc\u015fteri hizmetlerine e-posta veya telefon ile bildirimde bulunulmas\u0131 ve mal\/hizmetin 15. Madde h\u00fck\u00fcmleri \u00e7er\u00e7evesinde ve i\u015f bu s\u00f6zle\u015fmenin ayr\u0131lmaz par\u00e7as\u0131 olan ve <a href=\"https:\/\/herbalkilokontrol.com.tr\/\">https:\/\/herbalkilokontrol.com.tr<\/a> web sitesinde yay\u0131nlanm\u0131\u015f olan \u00f6nbilgiler gere\u011fince, kullan\u0131lmam\u0131\u015f olmas\u0131 \u015fartt\u0131r. Bu hakk\u0131n kullan\u0131lmas\u0131 halinde, 3. ki\u015fiye veya al\u0131c\u0131ya teslim edilen mal\/hizmete ili\u015fkin fatura asl\u0131n\u0131n iadesi zorunludur. Cayma hakk\u0131na ili\u015fkin ihbar\u0131n ula\u015fmas\u0131n\u0131 takip eden 7 g\u00fcn i\u00e7inde mal\/hizmet bedeli al\u0131c\u0131ya iade edilir ve 20 (yirmi) g\u00fcnl\u00fck s\u00fcre i\u00e7inde mal\/hizmet iade al\u0131n\u0131r. Fatura asl\u0131 g\u00f6nderilmezse al\u0131c\u0131ya KDV ve varsa di\u011fer yasal y\u00fck\u00fcml\u00fcl\u00fckler iade edilemez. Cayma hakk\u0131 nedeni ile iade edilen mal\/hizmetin teslimat bedeli sat\u0131c\u0131 taraf\u0131ndan kar\u015f\u0131lan\u0131r.<\/p><p><strong>Madde 16 \u2013 Cayma Hakk\u0131 Kullan\u0131lamayacak Mal ve Hizmetler<\/strong><br>Niteli\u011fi itibar\u0131yla iade edilemeyecek mal\/hizmetler, h\u0131zla bozulan ve son kullanma tarihi ge\u00e7en mal\/hizmetler, tek kullan\u0131ml\u0131k mal\/hizmetler, hijyenik mal\/hizmetler, abiye mal\/hizmetler, kopyalanabilir her t\u00fcrl\u00fc yaz\u0131l\u0131m ve programlard\u0131r. Ayr\u0131ca, her t\u00fcrl\u00fc yaz\u0131l\u0131m ve programlar\u0131nda, \u00c7e\u015fitli medyalar\u0131n (DVD, CD vb.), bilgisayar ve k\u0131rtasiye sarf malzemelerinde (toner, kartu\u015f, \u015ferit vb.) ile kozmetik malzemelerinde cayma hakk\u0131n\u0131n kullan\u0131labilmesi i\u00e7in mal\/hizmetin ambalaj\u0131n\u0131n a\u00e7\u0131lmam\u0131\u015f, bozulmam\u0131\u015f ve kullan\u0131lmam\u0131\u015f olmalar\u0131 \u015fart\u0131 bulunmaktad\u0131r.<\/p><p><strong>Madde 17 \u2013 Temerr\u00fct Hali ve Hukuki Sonu\u00e7lar\u0131&nbsp;<\/strong><br>Al\u0131c\u0131, kredi kart\u0131 ile yapm\u0131\u015f oldu\u011fu i\u015flemlerinde temerr\u00fcde d\u00fc\u015fmesi halinde kart sahibi bankan\u0131n kendisi ile yapm\u0131\u015f oldu\u011fu kredi kart\u0131 s\u00f6zle\u015fmesi \u00e7er\u00e7evesinde faiz \u00f6deyecek ve bankaya kar\u015f\u0131 sorumlu olacakt\u0131r. Bu durumda ilgili banka hukuki yollara ba\u015fvurabilir; do\u011facak masraflar\u0131 ve vekalet \u00fccretini al\u0131c\u0131dan talep edebilir ve her ko\u015fulda al\u0131c\u0131n\u0131n borcundan dolay\u0131 temerr\u00fcde d\u00fc\u015fmesi halinde, al\u0131c\u0131, borcun gecikmeli ifas\u0131ndan dolay\u0131 sat\u0131c\u0131n\u0131n olu\u015fan zarar ve ziyan\u0131n\u0131 \u00f6demeyi kabul eder.<\/p><p><strong>Madde 18 \u2013 Yetkili Mahkeme<\/strong><br>\u0130\u015f bu s\u00f6zle\u015fmeden kaynaklanabilecek ihtilaflarda, Sanayi ve Ticaret Bakanl\u0131\u011f\u0131nca ilan edilen de\u011fere kadar T\u00fcketici Hakem Heyetleri, belirtilen de\u011fer \u00fcst\u00fcne T\u00fcketici Mahkemeleri; bulunamayan yerlerde Asliye Hukuk Mahkemeleri yetkilidir.<\/p>","protected":false},"excerpt":{"rendered":"<p>Madde 1 \u2013 S\u00f6zle\u015fmenin Taraflar\u0131SATICI: https:\/\/herbalkilokontrol.com.trTelefon: +90 542 216 94 93Adres : Mansuro\u011flu Mahallesi, 260. Sk. No:7\/B, 35050 Bayrakl\u0131\/\u0130zmirEmail: info@herbalkilokontrol.com.trALICI: M\u00fc\u015fteri Madde 2 \u2013 S\u00f6zle\u015fmenin Konusu\u0130\u015f<span class=\"excerpt-hellip\"> [\u2026]<\/span><\/p>\n","protected":false},"author":1,"featured_media":0,"parent":0,"menu_order":0,"comment_status":"closed","ping_status":"closed","template":"","meta":{"om_disable_all_campaigns":false,"_monsterinsights_skip_tracking":false,"_monsterinsights_sitenote_active":false,"_monsterinsights_sitenote_note":"","_monsterinsights_sitenote_category":0,"footnotes":""},"class_list":["post-640","page","type-page","status-publish","hentry"],"aioseo_notices":[],"_links":{"self":[{"href":"https:\/\/herbalkilokontrol.com.tr\/index.php\/wp-json\/wp\/v2\/pages\/640"}],"collection":[{"href":"https:\/\/herbalkilokontrol.com.tr\/index.php\/wp-json\/wp\/v2\/pages"}],"about":[{"href":"https:\/\/herbalkilokontrol.com.tr\/index.php\/wp-json\/wp\/v2\/types\/page"}],"author":[{"embeddable":true,"href":"https:\/\/herbalkilokontrol.com.tr\/index.php\/wp-json\/wp\/v2\/users\/1"}],"replies":[{"embeddable":true,"href":"https:\/\/herbalkilokontrol.com.tr\/index.php\/wp-json\/wp\/v2\/comments?post=640"}],"version-history":[{"count":3,"href":"https:\/\/herbalkilokontrol.com.tr\/index.php\/wp-json\/wp\/v2\/pages\/640\/revisions"}],"predecessor-version":[{"id":644,"href":"https:\/\/herbalkilokontrol.com.tr\/index.php\/wp-json\/wp\/v2\/pages\/640\/revisions\/644"}],"wp:attachment":[{"href":"https:\/\/herbalkilokontrol.com.tr\/index.php\/wp-json\/wp\/v2\/media?parent=640"}],"curies":[{"name":"wp","href":"https:\/\/api.w.org\/{rel}","templated":true}]}}