{"id":631,"date":"2024-01-29T03:30:15","date_gmt":"2024-01-29T00:30:15","guid":{"rendered":"https:\/\/herbalkilokontrol.com.tr\/?page_id=631"},"modified":"2024-01-29T03:30:17","modified_gmt":"2024-01-29T00:30:17","slug":"iade-ve-degisim-kosullari","status":"publish","type":"page","link":"https:\/\/herbalkilokontrol.com.tr\/index.php\/iade-ve-degisim-kosullari\/","title":{"rendered":"\u0130ade ve De\u011fi\u015fim Ko\u015fullar\u0131"},"content":{"rendered":"<p><strong>\u0130ADE &amp; KO\u015eULLAR<\/strong><\/p><p>De\u011ferli M\u00fc\u015fterimiz,<\/p><p>Sat\u0131n alm\u0131\u015f oldu\u011funuz \u00fcr\u00fcn\u00fcn iade ve de\u011fi\u015fimi i\u00e7in a\u015fa\u011f\u0131daki hususlara dikkat etmelisiniz<\/p><p>\u0130ade Hakk\u0131: <a href=\"http:\/\/herbalkilokontrol.com.tr\/\" title=\"www.herbalkilokontrol.com.tr\u2019\">www.herbalkilokontrol.com.tr\u2019<\/a>dan ald\u0131\u011f\u0131n\u0131z \u00fcr\u00fcnleri teslim al\u0131nma tarihinden itibaren olmak \u00fczere 14 g\u00fcn i\u00e7erisinde yapabilirsiniz. \u00dcr\u00fcnlerin iade veya de\u011fi\u015fimin kabul edilmesi i\u00e7in iade ko\u015fullar\u0131na uymas\u0131 gerekmektedir.<\/p><p><strong>\u0130ade &amp; De\u011fi\u015fim Ko\u015fullar\u0131:<\/strong><\/p><p>\u0130nternet sitesinden sat\u0131n al\u0131nan \u00fcr\u00fcnlerin; hasar g\u00f6rmemi\u015f, kullan\u0131lmam\u0131\u015f, paketi hasar g\u00f6rmemi\u015f, tekrar sat\u0131labilir \u00f6zelli\u011fini kaybetmemi\u015f olmas\u0131 gerekmektedir.<br><br>\u00dcr\u00fcn iadesi kargo \u00fccreti al\u0131c\u0131ya aittir, Kap\u0131da \u00f6deme veya Havale ile vermi\u015f oldu\u011funuz bir sipari\u015fi iade etmek istedi\u011finizde, iade formunun i\u00e7eri\u011fi doldurularak ve imzalanmak sureti, 3. ki\u015fiye veya M\u00fc\u015fteri\u2019ye teslim edilen \u00fcr\u00fcn\u00fcn faturas\u0131 ve 14 g\u00fcnl\u00fck s\u00fcre i\u00e7erisinde iade edilecek \u00fcr\u00fcnlerin kutusu, ambalaj\u0131, varsa standart aksesuarlar\u0131 ile birlikte eksiksiz ve hasars\u0131z olarak a\u015fa\u011f\u0131da yaz\u0131l\u0131 adrese g\u00f6nderilmesi gerekmektedir.<\/p><p>\u0130ade Adresi:\u00a0<a href=\"https:\/\/maps.app.goo.gl\/kn1Uko5PyGBg1M3N7\" rel=\"nofollow\" title=\"Mansuro\u011flu Mahallesi, 260. Sk. No:7\/B, 35050 Bayrakl\u0131\/\u0130zmir\">Mansuro\u011flu Mahallesi, 260. Sk. No:7\/B, 35050 Bayrakl\u0131\/\u0130zmir<\/a><\/p><p><strong>Geri \u00d6demeler:<\/strong><\/p><p>\u0130ade etti\u011finiz \u00fcr\u00fcnler iade \u015fartlar\u0131na uydu\u011fu takdirde, firmam\u0131z taraf\u0131ndan geri \u00f6demeler 14 g\u00fcn i\u00e7erisinde bankaya iletilmektedir. Ma\u011fazalar\u0131m\u0131za yapaca\u011f\u0131n\u0131z iadelerde geri \u00f6deme, sipari\u015fte kulland\u0131\u011f\u0131n\u0131z \u00f6deme metodu kullan\u0131larak ger\u00e7ekle\u015ftirilmektedir. Ancak, havale\/EFT ve kap\u0131da nakit \u00f6deme metodlar\u0131ndan biriyle olu\u015fturulan sipari\u015flerin geri \u00f6demesi IBAN bilgileriniz al\u0131narak banka hesab\u0131n\u0131za yap\u0131lmaktad\u0131r. Havale\/EFT ile olu\u015fturmu\u015f oldu\u011funuz sipari\u015flerin iadesi durumunda \u00f6deme yap\u0131l\u0131rken banka taraf\u0131ndan tahsis edilen tutar\u0131n iadesi yap\u0131lamamaktad\u0131r. \u0130ade edilen tutar\u0131n kredi kartlar\u0131na yans\u0131mas\u0131 ortalama 1-3 i\u015f g\u00fcn\u00fc iken banka kartlar\u0131nda bu s\u00fcre\u00e7 daha uzun s\u00fcrebilir. Banka uygulamalar\u0131 gere\u011fi, taksitli ger\u00e7ekle\u015ftirilen i\u015flemler ayn\u0131 \u015fekilde taksit olarak iade edilmektedir.<\/p><p>\u00dcr\u00fcn\u00fc kargoya teslim ettikten sonra <a href=\"tel:905422169493\" title=\"+90 542 216 94 93\">+90 542 216 94 93<\/a> numaral\u0131 telefondan taraf\u0131m\u0131za ula\u015farak iadenin yap\u0131laca\u011f\u0131 banka hesap bilginizi ya da IBAN numaran\u0131z\u0131 iletmeniz gereklidir. Ya da iade etmek istedi\u011fin \u00fcr\u00fcn\u00fc\u00a0kargoya teslim ederken i\u00e7erisine iade nedeninizi ve hesap veya IBAN bilginizi payla\u015fabilirsiniz.<\/p>","protected":false},"excerpt":{"rendered":"<p>\u0130ADE &amp; KO\u015eULLAR De\u011ferli M\u00fc\u015fterimiz, Sat\u0131n alm\u0131\u015f oldu\u011funuz \u00fcr\u00fcn\u00fcn iade ve de\u011fi\u015fimi i\u00e7in a\u015fa\u011f\u0131daki hususlara dikkat etmelisiniz \u0130ade Hakk\u0131: www.herbalkilokontrol.com.tr\u2019dan ald\u0131\u011f\u0131n\u0131z \u00fcr\u00fcnleri teslim al\u0131nma tarihinden itibaren<span class=\"excerpt-hellip\"> [\u2026]<\/span><\/p>\n","protected":false},"author":1,"featured_media":0,"parent":0,"menu_order":0,"comment_status":"closed","ping_status":"closed","template":"","meta":{"om_disable_all_campaigns":false,"_monsterinsights_skip_tracking":false,"_monsterinsights_sitenote_active":false,"_monsterinsights_sitenote_note":"","_monsterinsights_sitenote_category":0,"footnotes":""},"class_list":["post-631","page","type-page","status-publish","hentry"],"aioseo_notices":[],"_links":{"self":[{"href":"https:\/\/herbalkilokontrol.com.tr\/index.php\/wp-json\/wp\/v2\/pages\/631"}],"collection":[{"href":"https:\/\/herbalkilokontrol.com.tr\/index.php\/wp-json\/wp\/v2\/pages"}],"about":[{"href":"https:\/\/herbalkilokontrol.com.tr\/index.php\/wp-json\/wp\/v2\/types\/page"}],"author":[{"embeddable":true,"href":"https:\/\/herbalkilokontrol.com.tr\/index.php\/wp-json\/wp\/v2\/users\/1"}],"replies":[{"embeddable":true,"href":"https:\/\/herbalkilokontrol.com.tr\/index.php\/wp-json\/wp\/v2\/comments?post=631"}],"version-history":[{"count":2,"href":"https:\/\/herbalkilokontrol.com.tr\/index.php\/wp-json\/wp\/v2\/pages\/631\/revisions"}],"predecessor-version":[{"id":633,"href":"https:\/\/herbalkilokontrol.com.tr\/index.php\/wp-json\/wp\/v2\/pages\/631\/revisions\/633"}],"wp:attachment":[{"href":"https:\/\/herbalkilokontrol.com.tr\/index.php\/wp-json\/wp\/v2\/media?parent=631"}],"curies":[{"name":"wp","href":"https:\/\/api.w.org\/{rel}","templated":true}]}}