{"id":627,"date":"2024-01-29T03:20:59","date_gmt":"2024-01-29T00:20:59","guid":{"rendered":"https:\/\/herbalkilokontrol.com.tr\/?page_id=627"},"modified":"2024-01-29T03:23:14","modified_gmt":"2024-01-29T00:23:14","slug":"teslimat-sureci-ve-bilgileri","status":"publish","type":"page","link":"https:\/\/herbalkilokontrol.com.tr\/index.php\/teslimat-sureci-ve-bilgileri\/","title":{"rendered":"Teslimat S\u00fcreci ve Bilgileri"},"content":{"rendered":"<h2 class=\"wp-block-heading\"><strong>\u00dcr\u00fcn\u00fcm\u00fc Nas\u0131l Teslim Alabilirim ?<\/strong><\/h2><ul class=\"wp-block-list\"><li><a href=\"https:\/\/maps.app.goo.gl\/kn1Uko5PyGBg1M3N7\">Hedef Kilo Kontrol Merkezi <\/a>&#8216;mize gelerek alabilirsiniz. ( Mansuro\u011flu Mahallesi, 260. Sk. No:7\/B, 35050 Bayrakl\u0131\/\u0130zmir )<\/li>\n\n<li>Kargolama y\u00f6ntemiyle belirtmi\u015f oldu\u011funuz teslimat adresinden kargo firmas\u0131 yetkilisinden.<\/li><\/ul><h2 class=\"wp-block-heading\"><strong>Sipari\u015fim ne kadar s\u00fcrede teslim edilir?<\/strong><\/h2><p>Sipari\u015finizin teslimat s\u00fcresi kargo firmas\u0131 ve adresinize ba\u011fl\u0131 olarak de\u011fi\u015fmekte olup ortalama 2-4 i\u015f g\u00fcn\u00fc aras\u0131ndad\u0131r.<\/p><h2 class=\"wp-block-heading\"><strong>Sipari\u015fim ne zaman kargoya verilir?<\/strong><\/h2><p>Sipari\u015finizin kargo \u00f6ncesi haz\u0131rl\u0131k s\u00fcreci g\u00f6nderici firman\u0131n i\u015f yo\u011funlu\u011funa g\u00f6re de\u011fi\u015fiklik g\u00f6stermekle beraber \u00f6zel \u00fcr\u00fcnler hari\u00e7 tahmini 1 i\u015f g\u00fcn\u00fcd\u00fcr. Ancak \u00f6zel \u00fcr\u00fcnler veya stok t\u00fckenmesi durumlar\u0131 i\u00e7in tedarik s\u00fcreci de\u011fi\u015fkenlik g\u00f6sterebilir. Bu durumda dan\u0131\u015fmanlar\u0131m\u0131z sizi detayl\u0131 bilgilendirir.<\/p><p>Sipari\u015fler sipari\u015f verildi\u011fi g\u00fcn saat 14:30&#8217;a kadar ayn\u0131 g\u00fcn haz\u0131rlan\u0131p kargoya verilir. Sipari\u015f saatiniz 14:30 ve sonra ki saat dilimde olmas\u0131 durumunda ertesi g\u00fcn kargo ekibine teslim edilir.<\/p><p><strong>Kargo \u00fccretleri nelerdir?<\/strong><\/p><p>Kargo \u00fccreti T\u00fcm T\u00fcrkiye&#8217;ye 79 TL olup 1000 TL ve \u00fczeri sipari\u015flerde \u00dccretsiz Kargo Kampanyas\u0131ndan faydalanabilirsiniz.<\/p><p>Kap\u0131da \u00d6deme Hizmetimiz bulunmamaktad\u0131r.<\/p><p>Yurtd\u0131\u015f\u0131 kargo \u00fccretleri bulundu\u011funuz \u00fclkeye g\u00f6re de\u011fi\u015fmekte ve sipari\u015f tutar\u0131n\u0131za g\u00f6re \u00fccretsiz de olabilmektedir. Yurtd\u0131\u015f\u0131 kargo \u00fccretleri i\u00e7in ileti\u015fime ge\u00e7iniz.<\/p><p><strong>Hangi kargo firmalar\u0131yla \u00e7al\u0131\u015f\u0131yorsunuz?<\/strong><\/p><p>Yurti\u00e7i g\u00f6nderilerinde tedarik\u00e7i firmalar\u0131n s\u00f6zle\u015fmeli oldu\u011fu firmalar ile \u00e7al\u0131\u015f\u0131lmaktad\u0131r.<\/p><p>\u00c7al\u0131\u015f\u0131lan baz\u0131 kargo firmalar\u0131:&nbsp; Yurti\u00e7i Kargo, MNG Kargo, Ptt Kargo ve baz\u0131 di\u011fer kargo firmalar\u0131.<\/p><p><strong>Kargomu teslim al\u0131rken nelere dikkat etmeliyim?<\/strong><\/p><p>Kargo \u015firketinden paketinizi teslim al\u0131rken g\u00f6nderide a\u00e7\u0131lma, y\u0131rt\u0131lma, ezilme, \u0131slanma vb. bir sorun olup olmad\u0131\u011f\u0131n\u0131 kontrol ediniz. E\u011fer paketiniz hasar g\u00f6rm\u00fc\u015f bir \u015fekilde gelmi\u015fse, g\u00f6nderiyi teslim almadan \u00f6nce kargo firman\u0131zdan hasar tespit tutana\u011f\u0131 alarak 3 g\u00fcn i\u00e7inde firma yetkililerine durumu bildiriniz.<br><br><strong>Kargom geldi\u011finde teslimat adresinde de\u011fildim, ne yapmal\u0131y\u0131m?<\/strong><br>Belirtilen adreste bulunamad\u0131\u011f\u0131n\u0131z durumunda; sipari\u015finiz en yak\u0131n kargo \u015fubesine teslim edilir. Sipari\u015f numaran\u0131z ile birlikte kargo firmas\u0131na ba\u015fvurarak teslimat\u0131n yeniden g\u00f6nderilmesini talep edebilir ya da en yak\u0131n \u015fubeden teslim alabilirsiniz.<br>*Sipari\u015finizin tedarik\u00e7isine iade edilmemesi i\u00e7in 3 g\u00fcn i\u00e7erisinde (Kargo firmas\u0131na g\u00f6re de\u011fi\u015fkenlik g\u00f6sterebilir) g\u00f6nderinizi belirtilen kargo \u015fubesinden almal\u0131s\u0131n\u0131z.<br><br><strong>G\u00f6nderilen kargoyu \u015fubeden alabilir miyim?<\/strong><br>Hesab\u0131m b\u00f6l\u00fcm\u00fcnden kargo takip numaran\u0131z\u0131 alarak ilgili kargo firmas\u0131 ile ileti\u015fime ge\u00e7ebilirsiniz. Akabinde kargo firmas\u0131n\u0131n y\u00f6nlendirmesi dahilinde kargonuzu \u015fubeden teslim alabilirsiniz.<br><br><strong>Farkl\u0131 veya Ayn\u0131 zamanlarda verdi\u011fim sipari\u015fler birlikte g\u00f6nderilebilir mi?<\/strong><br>Her sipari\u015finiz ayr\u0131 bir g\u00f6nderi olarak de\u011ferlendirilmektedir. Farkl\u0131 zamanlarda verdi\u011finiz sipari\u015flerin ayn\u0131 anda teslim edilmez.<br><br><strong>Sipari\u015fimin g\u00f6nderi adresi de\u011fi\u015ftirilebilir mi?<\/strong><br>Sipari\u015finiz g\u00f6nderisi firma taraf\u0131ndan i\u015fleme al\u0131nmadan \u00f6nce sipari\u015finizin teslimat adresini Sipari\u015flerim b\u00f6l\u00fcm\u00fcnden de\u011fi\u015ftirebilirsiniz.<\/p><p><strong>Hangi \u00fclkelere g\u00f6nderim yap\u0131yorsunuz?<\/strong><br>T\u00fcrkiye i\u00e7erisinde t\u00fcm il ve il\u00e7elere ve 90 dan fazla \u00fclkeye kargo hizmetimiz bulunmaktad\u0131r. T\u00fcrkiye sipari\u015flerinizi direkt sitemiz \u00fczerinden verebilirsiniz.<\/p><p>T\u00fcrkiye d\u0131\u015f\u0131ndan sipari\u015f vermek i\u00e7in ileti\u015fime ge\u00e7iniz.<\/p><p>G\u00f6nderim yapt\u0131\u011f\u0131m\u0131z \u00fclkeler,<\/p><p><strong>The Americas<\/strong><\/p><ul class=\"wp-block-list\"><li>Argentina &#8211; Espa\u00f1ol<\/li>\n\n<li>Aruba &#8211; Espa\u00f1ol<\/li>\n\n<li>Bolivia &#8211; Espa\u00f1ol<\/li>\n\n<li>Brazil &#8211; Portugu\u00eas<\/li>\n\n<li>Canada &#8211; English<\/li>\n\n<li>Canada &#8211; Fran\u00e7ais<\/li>\n\n<li>Chile &#8211; Espa\u00f1ol<\/li>\n\n<li>Colombia &#8211; Espa\u00f1ol<\/li>\n\n<li>Costa Rica &#8211; Espa\u00f1ol<\/li>\n\n<li>Ecuador &#8211; Espa\u00f1ol<\/li>\n\n<li>El Salvador &#8211; Espa\u00f1ol<\/li>\n\n<li>Guatemala &#8211; Espa\u00f1ol<\/li>\n\n<li>Honduras &#8211; Espa\u00f1ol<\/li>\n\n<li>Jamaica &#8211; English<\/li>\n\n<li>Mexico &#8211; Espa\u00f1ol<\/li>\n\n<li>Nicaragua &#8211; Espa\u00f1ol<\/li>\n\n<li>Panam\u00e1 &#8211; Espa\u00f1ol<\/li>\n\n<li>Paraguay &#8211; Espa\u00f1ol<\/li>\n\n<li>Per\u00fa &#8211; Espa\u00f1ol<\/li>\n\n<li>Puerto Rico &#8211; Espa\u00f1ol<\/li>\n\n<li>Rep\u00fablica Dominicana &#8211; Espa\u00f1ol<\/li>\n\n<li>Trinidad &amp; Tobago &#8211; English<\/li>\n\n<li>United States &#8211; English<\/li>\n\n<li>United States &#8211; Espa\u00f1ol<\/li>\n\n<li>Uruguay &#8211; Espa\u00f1ol<\/li>\n\n<li>Venezuela &#8211; Espa\u00f1ol<\/li><\/ul><p><strong>Europe<\/strong><\/p><ul class=\"wp-block-list\"><li>Armenia &#8211; \u0570\u0561\u0575\u0565\u0580\u0565\u0576<\/li>\n\n<li>Austria &#8211; Deutsch<\/li>\n\n<li>Azerbaijan &#8211; Az\u0259rbaycan<\/li>\n\n<li>Belarus &#8211; Py\u0441\u0441\u043a\u0438\u0439<\/li>\n\n<li>Belgium &#8211; Fran\u00e7ais<\/li>\n\n<li>Belgium &#8211; Nederlands<\/li>\n\n<li>Bosnia i Hercegovina &#8211; Bosnian<\/li>\n\n<li>Bulgaria &#8211; \u0431\u044a\u043b\u0433\u0430\u0440\u0441\u043a\u0438<\/li>\n\n<li>Croatia &#8211; Hrvatski<\/li>\n\n<li>Cyprus &#8211; \u0395\u03bb\u03bb\u03b7\u03bd\u03b9\u03ba\u03ac<\/li>\n\n<li>Czech Republic &#8211; \u010ce\u0161tina<\/li>\n\n<li>Denmark &#8211; Dansk<\/li>\n\n<li>Estonia &#8211; Eesti<\/li>\n\n<li>Finland &#8211; Suomi<\/li>\n\n<li>Finland &#8211; Svenska<\/li>\n\n<li>France &#8211; Fran\u00e7ais<\/li>\n\n<li>French Polynesia &#8211; Fran\u00e7ais<\/li>\n\n<li>Georgia &#8211; \u10e5\u10d0\u10e0\u10d7\u10e3\u10da\u10d8<\/li>\n\n<li>Germany &#8211; Deutsch<\/li>\n\n<li>Greece &#8211; \u0395\u03bb\u03bb\u03b7\u03bd\u03b9\u03ba\u03ac<\/li>\n\n<li>Hungary &#8211; Magyar<\/li>\n\n<li>Iceland &#8211; \u00cdslenska<\/li>\n\n<li>Ireland &#8211; English<\/li>\n\n<li>Italy &#8211; Italiano<\/li>\n\n<li>Kazakhstan &#8211; Py\u0441\u0441\u043a\u0438\u0439<\/li>\n\n<li>Kyrgyzstan &#8211; \u0420\u0443\u0441\u0441\u043a\u0438\u0439<\/li>\n\n<li>Latvia &#8211; Latvie\u0161u<\/li>\n\n<li>Lithuania &#8211; lietuvi\u0173<\/li>\n\n<li>Malta &#8211; English<\/li>\n\n<li>Moldova &#8211; Rom\u00e2n<\/li>\n\n<li>Mongolia &#8211; \u041c\u043e\u043d\u0433\u043e\u043b \u0445\u044d\u043b<\/li>\n\n<li>Netherlands &#8211; Nederlands<\/li>\n\n<li>North Macedonia &#8211; \u043c\u0430\u043a\u0435\u0434\u043e\u043d\u0441\u043a\u0438 \u0458\u0430\u0437\u0438\u043a<\/li>\n\n<li>Norway &#8211; Norsk<\/li>\n\n<li>Poland &#8211; Polski<\/li>\n\n<li>Portugal &#8211; Portugu\u00eas<\/li>\n\n<li>Romania &#8211; Rom\u00e2n\u0103<\/li>\n\n<li>Russia &#8211; \u0420\u0443\u0441\u0441\u043a\u0438\u0439<\/li>\n\n<li>Serbia &#8211; Srpski<\/li>\n\n<li>Slovak Republic &#8211; Sloven\u010dina<\/li>\n\n<li>Slovenia &#8211; Slovene<\/li>\n\n<li>Spain &#8211; Espa\u00f1ol<\/li>\n\n<li>Sweden &#8211; Svenska<\/li>\n\n<li>Switzerland &#8211; Deutsch<\/li>\n\n<li>Switzerland &#8211; Fran\u00e7ais<\/li>\n\n<li>Switzerland &#8211; Italian<\/li>\n\n<li>Ukraine \u2013 \u0423\u043a\u0440\u0430\u0457\u043d\u0441\u044c\u043a\u0430<\/li>\n\n<li>United Kingdom &#8211; English<\/li>\n\n<li>Uzbekistan \u2013 \u0420\u0443\u0441\u0441\u043a\u0438\u0439<\/li>\n\n<li>Uzbekistan \u2013 O&#8217;zbek<\/li>\n\n<li>Middle East &amp; Africa<\/li>\n\n<li>Botswana &#8211; English<\/li>\n\n<li>Ghana &#8211; English<\/li>\n\n<li>Israel &#8211; \u0627\u0644\u0639\u0631\u0628\u064a\u0629<\/li>\n\n<li>Israel &#8211; \u05e2\u05d1\u05e8\u05d9\u05ea<\/li>\n\n<li>Israel &#8211; Py\u0441\u0441\u043a\u0438\u0439<\/li>\n\n<li>Lebanon &#8211; English<\/li>\n\n<li>Lesotho &#8211; English<\/li>\n\n<li>Namibia &#8211; English<\/li>\n\n<li>South Africa -English<\/li>\n\n<li>Swaziland &#8211; English<\/li>\n\n<li>Turkey &#8211; T\u00fcrk\u00e7e<\/li>\n\n<li>Zambia &#8211; English<\/li><\/ul><p><strong>Asia Pacific<\/strong><\/p><ul class=\"wp-block-list\"><li>Australia &#8211; English<\/li>\n\n<li>Cambodia &#8211; English<\/li>\n\n<li>Cambodia &#8211; \u1797\u17b6\u179f\u17b6\u1781\u17d2\u1798\u17c2\u179a<\/li>\n\n<li>Hong Kong &#8211; English<\/li>\n\n<li>Hong Kong &#8211; \u7cb5\u8a9e<\/li>\n\n<li>India &#8211; English<\/li>\n\n<li>India &#8211; \u0939\u093f\u0902\u0926\u0940<\/li>\n\n<li>Indonesia &#8211; Bahasa Indonesia<\/li>\n\n<li>Indonesia &#8211; English<\/li>\n\n<li>Japan &#8211; \u65e5\u672c\u8a9e<\/li>\n\n<li>Korea &#8211; \ud55c\uad6d\uc5b4<\/li>\n\n<li>Macau &#8211; \u4e2d\u6587<\/li>\n\n<li>Malaysia &#8211; Bahasa Melayu<\/li>\n\n<li>Malaysia &#8211; English<\/li>\n\n<li>Malaysia &#8211; \u4e2d\u6587<\/li>\n\n<li>New Zealand &#8211; English<\/li>\n\n<li>Philippines &#8211; English<\/li>\n\n<li>Singapore &#8211; English<\/li>\n\n<li>Taiwan &#8211; \u4e2d\u6587<\/li>\n\n<li>Thailand &#8211; \u0e44\u0e17\u0e22<\/li>\n\n<li>Vietnam &#8211; ti\u1ebfng Vi\u1ec7t<\/li><\/ul>","protected":false},"excerpt":{"rendered":"<p>\u00dcr\u00fcn\u00fcm\u00fc Nas\u0131l Teslim Alabilirim ? Sipari\u015fim ne kadar s\u00fcrede teslim edilir? Sipari\u015finizin teslimat s\u00fcresi kargo firmas\u0131 ve adresinize ba\u011fl\u0131 olarak de\u011fi\u015fmekte olup ortalama 2-4 i\u015f g\u00fcn\u00fc<span class=\"excerpt-hellip\"> [\u2026]<\/span><\/p>\n","protected":false},"author":1,"featured_media":0,"parent":0,"menu_order":0,"comment_status":"closed","ping_status":"closed","template":"","meta":{"om_disable_all_campaigns":false,"_monsterinsights_skip_tracking":false,"_monsterinsights_sitenote_active":false,"_monsterinsights_sitenote_note":"","_monsterinsights_sitenote_category":0,"footnotes":""},"class_list":["post-627","page","type-page","status-publish","hentry"],"aioseo_notices":[],"_links":{"self":[{"href":"https:\/\/herbalkilokontrol.com.tr\/index.php\/wp-json\/wp\/v2\/pages\/627"}],"collection":[{"href":"https:\/\/herbalkilokontrol.com.tr\/index.php\/wp-json\/wp\/v2\/pages"}],"about":[{"href":"https:\/\/herbalkilokontrol.com.tr\/index.php\/wp-json\/wp\/v2\/types\/page"}],"author":[{"embeddable":true,"href":"https:\/\/herbalkilokontrol.com.tr\/index.php\/wp-json\/wp\/v2\/users\/1"}],"replies":[{"embeddable":true,"href":"https:\/\/herbalkilokontrol.com.tr\/index.php\/wp-json\/wp\/v2\/comments?post=627"}],"version-history":[{"count":3,"href":"https:\/\/herbalkilokontrol.com.tr\/index.php\/wp-json\/wp\/v2\/pages\/627\/revisions"}],"predecessor-version":[{"id":630,"href":"https:\/\/herbalkilokontrol.com.tr\/index.php\/wp-json\/wp\/v2\/pages\/627\/revisions\/630"}],"wp:attachment":[{"href":"https:\/\/herbalkilokontrol.com.tr\/index.php\/wp-json\/wp\/v2\/media?parent=627"}],"curies":[{"name":"wp","href":"https:\/\/api.w.org\/{rel}","templated":true}]}}