{"id":625,"date":"2024-01-29T02:59:12","date_gmt":"2024-01-28T23:59:12","guid":{"rendered":"https:\/\/herbalkilokontrol.com.tr\/?page_id=625"},"modified":"2024-01-29T02:59:13","modified_gmt":"2024-01-28T23:59:13","slug":"kullanici-sozlesmesi","status":"publish","type":"page","link":"https:\/\/herbalkilokontrol.com.tr\/index.php\/kullanici-sozlesmesi\/","title":{"rendered":"Kullan\u0131c\u0131 S\u00f6zle\u015fmesi"},"content":{"rendered":"<p><strong>Herbalkilokontrol.com.tr internet sitesine girmeniz veya Herbalkilokontrol.com.tr internet sitesindeki herhangi bir bilgiyi kullanman\u0131z a\u015fa\u011f\u0131daki ko\u015fullar\u0131 kabul etti\u011finiz anlam\u0131na gelir.<\/strong><\/p><p>Bu internet sitesine girilmesi, sitenin ya da sitedeki bilgilerin ve di\u011fer verilerin programlar\u0131n vs. kullan\u0131lmas\u0131 sebebiyle, s\u00f6zle\u015fmenin ihlali, haks\u0131z fiil, ya da ba\u015fkaca sebeplere binaen, do\u011fabilecek do\u011frudan ya da dolayl\u0131 hi\u00e7bir zarardan Herbalkilokontrol.com.tr sorumlu de\u011fildir. Herbalkilokontrol.com.tr, s\u00f6zle\u015fmenin ihlali, haks\u0131z fiil, ihmal veya di\u011fer sebepler neticesinde; i\u015flemin kesintiye u\u011framas\u0131, hata, ihmal, kesinti hususunda herhangi bir sorumluluk kabul etmez.<\/p><p>Herbalkilokontrol.com.tr, i\u015fbu site ve site uzant\u0131s\u0131nda mevcut her t\u00fcr hizmet, \u00fcr\u00fcn, siteyi kullanma ko\u015fullar\u0131 ile sitede sunulan bilgileri \u00f6nceden bir ihtara gerek olmaks\u0131z\u0131n de\u011fi\u015ftirme, siteyi yeniden organize etme, yay\u0131n\u0131 durdurma hakk\u0131n\u0131 sakl\u0131 tutar. De\u011fi\u015fiklikler sitede yay\u0131m an\u0131nda y\u00fcr\u00fcrl\u00fc\u011fe girer. Sitenin kullan\u0131m\u0131 ya da siteye giri\u015f ile bu de\u011fi\u015fiklikler de kabul edilmi\u015f say\u0131l\u0131r. Bu ko\u015fullar link verilen di\u011fer web sayfalar\u0131 i\u00e7in de ge\u00e7erlidir.<\/p><p>Herbalkilokontrol.com.tr, s\u00f6zle\u015fmenin ihlali, haks\u0131z fiil, ihmal veya di\u011fer sebepler neticesinde; i\u015flemin kesintiye u\u011framas\u0131, hata, ihmal, kesinti, silinme, kay\u0131p, i\u015flemin veya ileti\u015fimin gecikmesi, bilgisayar vir\u00fcs\u00fc, ileti\u015fim hatas\u0131, h\u0131rs\u0131zl\u0131k, imha veya izinsiz olarak kay\u0131tlara girilmesi, de\u011fi\u015ftirilmesi veya kullan\u0131lmas\u0131 hususunda herhangi bir sorumluluk kabul etmez.<\/p><p>Bu internet sitesi Herbalkilokontrol.com.tr kontrol\u00fc alt\u0131nda olmayan ba\u015fka internet sitelerine ba\u011flant\u0131 veya referans i\u00e7erebilir. Herbalkilokontrol.com.tr bu sitelerin i\u00e7erikleri veya i\u00e7erdikleri di\u011fer ba\u011flant\u0131lardan sorumlu de\u011fildir.<\/p><p>Herbalkilokontrol.com.tr Herbalkilokontrol.com.tr internet sitesinin genel g\u00f6r\u00fcn\u00fcm ve dizayn\u0131 ile internet sitesindeki t\u00fcm bilgi, resim, www.Herbalkilokontrol.com.tr alan ad\u0131, logo, ikon, demonstratif, yaz\u0131l\u0131, elektronik, grafik veya makinede okunabilir \u015fekilde sunulan teknik veriler, bilgisayar yaz\u0131l\u0131mlar\u0131, uygulanan sat\u0131\u015f sistemi, i\u015f metodu ve i\u015f modeli de dahil t\u00fcm materyallerin (&#8220;Materyaller&#8221;) ve bunlara ili\u015fkin fikri ve s\u0131nai m\u00fclkiyet haklar\u0131n\u0131n sahibi veya lisans sahibidir ve yasal koruma alt\u0131ndad\u0131r. Internet sitesinde bulunan hi\u00e7bir Materyal; \u00f6nceden izin al\u0131nmadan ve kaynak g\u00f6sterilmeden, kod ve yaz\u0131l\u0131m da dahil olmak \u00fczere, de\u011fi\u015ftirilemez, kopyalanamaz, \u00e7o\u011falt\u0131lamaz, ba\u015fka bir lisana \u00e7evrilemez, yeniden yay\u0131mlanamaz, ba\u015fka bir bilgisayara y\u00fcklenemez, postalanamaz, iletilemez, sunulamaz ya da da\u011f\u0131t\u0131lamaz. Internet sitesinin b\u00fct\u00fcn\u00fc veya bir k\u0131sm\u0131 ba\u015fka bir internet sitesinde izinsiz olarak kullan\u0131lamaz. Aksine hareketler hukuki ve cezai sorumlulu\u011fu gerektirir.<\/p><p>Herbalkilokontrol.com.tr&#8217;un burada a\u00e7\u0131k\u00e7a belirtilmeyen di\u011fer t\u00fcm haklar\u0131 sakl\u0131d\u0131r.<\/p><p>Herbalkilokontrol.com.tr, diledi\u011fi zaman bu yasal uyar\u0131 sayfas\u0131n\u0131n i\u00e7eri\u011fini g\u00fcncelleme yetkisini sakl\u0131 tutmaktad\u0131r ve kullan\u0131c\u0131lar\u0131na siteye her giri\u015fte yasal uyar\u0131 sayfas\u0131n\u0131 ziyaret etmelerini tavsiye etmektedir.<\/p><h2 class=\"wp-block-heading\">G\u00dcVENL\u0130K<\/h2><p>Sitemizde kredi kart\u0131 i\u015flemi i\u00e7in haberle\u015fmede her a\u015fama g\u00fcvenlik alt\u0131na al\u0131nm\u0131\u015ft\u0131r.<\/p><h2 class=\"wp-block-heading\">Site-Ziyaret\u00e7i Haberle\u015fme G\u00fcvenli\u011fi:<\/h2><p>Sitemizin sipari\u015f sayfalar\u0131nda site ile ziyaret\u00e7i aras\u0131ndaki haberle\u015fme 128 bit SSL standart\u0131nda ger\u00e7ekle\u015fmektedir. S\u00f6z konusu haberle\u015fme standard\u0131 \u00e7ok say\u0131da i\u015flem g\u00f6ren sitelerde dahi g\u00fcvenle kullan\u0131lan bir niteliktedir. Kredi kart\u0131 bilgilerinin verilece\u011fi sayfada bu haberle\u015fme bi\u00e7iminin bulunup bulunmad\u0131\u011f\u0131n\u0131, sayfaya eri\u015fildi\u011finde adres \u00e7ubu\u011funda yazan ifadenin http:\/\/.. bi\u00e7iminde de\u011fil, https:\/\/.. bi\u00e7iminde olu\u015fu ifade etmektedir. Bu nitelikteki sayfalara eri\u015fti\u011finizde taray\u0131c\u0131n\u0131n domain yazan k\u0131sm\u0131n \u00f6n\u00fcnde kilit i\u015fareti de yer almaktad\u0131r.<\/p><h2 class=\"wp-block-heading\">Site-Banka Haberle\u015fme G\u00fcvenli\u011fi:<\/h2><p>Kredi kart\u0131 bilgilerinin siteden bankaya aktar\u0131lmas\u0131 ile ilgili g\u00fcvenlik, Banka&#8217;n\u0131n sundu\u011fu maksimum g\u00fcvenlik ile ger\u00e7ekle\u015fmektedir. S\u00f6z konusu g\u00fcvenli\u011fin \u00e7ok say\u0131da bile\u015fenin yan\u0131nda, CVV2\/CVC2 kodu da \u00e7al\u0131nt\u0131 kart veya kart bilgileri ile al\u0131\u015fveri\u015fe kar\u015f\u0131 \u00f6nlem olarak sitemizde kullan\u0131lmaktad\u0131r.<\/p><h2 class=\"wp-block-heading\">Site i\u00e7i Veri G\u00fcvenli\u011fi:<\/h2><p>G\u00fcvenli ortamda yapaca\u011f\u0131n\u0131z i\u015flemlerde siz ve kredi kart\u0131n\u0131 size tahsis eden banka haricinde hi\u00e7bir ki\u015fi, kurum ve kurulu\u015f bilgilerinize ula\u015famamaktad\u0131r. Kredi kart\u0131 i\u015flem sayfas\u0131 kart bilgilerini do\u011frudan Sanal POS sistemine iletmekte ve i\u015flem sonucunu m\u00fc\u015fteriye bildirmektedir. Kredi kart\u0131 bilgileri e-posta veya benzeri y\u00f6ntemlerle aktar\u0131lmamaktad\u0131r. Online i\u015flemin bir sonucu olarak aktar\u0131lan kredi kart bilgilerine taraf\u0131m\u0131zdan dahi eri\u015filmesi m\u00fcmk\u00fcn de\u011fildir.<\/p><h2 class=\"wp-block-heading\">G\u0130ZL\u0130L\u0130K<\/h2><p>Herbalkilokontrol.com.tr, m\u00fc\u015fterilerine daha iyi hizmet verebilmek amac\u0131yla baz\u0131 ki\u015fisel bilgilerinizi (isim, ya\u015f, ilgi alanlar\u0131n\u0131z, e-posta vb.) sizlerden talep etmektedir. Herbalkilokontrol.com.tr bilgisayarlar\u0131nda toplanan bu bilgiler, d\u00f6nemsel kampanya \u00e7al\u0131\u015fmalar\u0131, m\u00fc\u015fteri profillerine y\u00f6nelik \u00f6zel promosyon faaliyetlerinin kurgulanmas\u0131 ve istenmeyen e-postalar\u0131n iletilmemesine y\u00f6nelik m\u00fc\u015fteri &#8220;s\u0131n\u0131fland\u0131rma&#8221; \u00e7al\u0131\u015fmalar\u0131nda sadece Herbalkilokontrol.com.tr b\u00fcnyesinde kullan\u0131lmaktad\u0131r.<\/p><p>Herbalkilokontrol.com.tr, \u00fcyelik formlar\u0131ndan toplad\u0131\u011f\u0131 bilgileri, s\u00f6z konusu \u00fcyenin haberi ya da aksi bir talimat\u0131 olmaks\u0131z\u0131n, \u00fc\u00e7\u00fcnc\u00fc \u015fah\u0131slarla kesinlikle payla\u015fmamakta, faaliyet d\u0131\u015f\u0131 hi\u00e7bir nedenle ticari ama\u00e7la kullanmamakta ve de satmamaktad\u0131r.<\/p><p>Herbalkilokontrol.com.tr, e-posta adresleri ve \u00fcyelik formlar\u0131nda istedi\u011fi ki\u015fisel bilgilerin haricinde site kullan\u0131m\u0131 s\u0131ras\u0131nda izledi\u011fi, ziyaret\u00e7i hareket ve tercihlerini analiz ederek yorumlamaktad\u0131r. Ki\u015fisel bilgiler i\u00e7ermeyen bu istatistiksel veriler, Herbalkilokontrol.com.tr m\u00fc\u015fterilerine daha \u00f6zel ve etkin bir al\u0131\u015fveri\u015f deneyimi ya\u015fatmak amac\u0131yla Herbalkilokontrol.com.tr i\u015f ortaklar\u0131 ile payla\u015f\u0131labilmektedir.<\/p><p>M\u00fc\u015fteri bilgileri, ancak resmi makamlarca usul\u00fc dairesinde bu bilgilerin talep edilmesi halinde ve y\u00fcr\u00fcrl\u00fckteki emredici mevzuat h\u00fck\u00fcmleri gere\u011fince resmi makamlara a\u00e7\u0131klama yapmak zorunda oldu\u011fu durumlarda resmi makamlara a\u00e7\u0131klanabilecektir.<\/p><p>M\u00fc\u015fterinin sisteme girdi\u011fi t\u00fcm bilgilere sadece M\u00fc\u015fteri ula\u015fabilmekte ve bu bilgileri sadece M\u00fc\u015fteri de\u011fi\u015ftirebilmektedir. Bir ba\u015fkas\u0131n\u0131n bu bilgilere ula\u015fmas\u0131 ve bunlar\u0131 de\u011fi\u015ftirmesi m\u00fcmk\u00fcn de\u011fildir.<\/p><p>\u00d6deme sayfas\u0131nda istenen kredi kart\u0131 bilgileriniz, siteden al\u0131\u015fveri\u015f yapan siz de\u011ferli m\u00fc\u015fterilerimizin g\u00fcvenli\u011fini en \u00fcst seviyede tutmak amac\u0131yla hi\u00e7bir \u015fekilde Herbalkilokontrol.com.tr veya ona hizmet veren \u015firketlerin sunucular\u0131nda tutulmamaktad\u0131r. Bu \u015fekilde \u00f6demeye y\u00f6nelik t\u00fcm i\u015flemlerin Herbalkilokontrol.com.tr ara y\u00fcz\u00fc \u00fczerinden banka ve bilgisayar\u0131n\u0131z aras\u0131nda ger\u00e7ekle\u015fmesi sa\u011flanmaktad\u0131r.<\/p>","protected":false},"excerpt":{"rendered":"<p>Herbalkilokontrol.com.tr internet sitesine girmeniz veya Herbalkilokontrol.com.tr internet sitesindeki herhangi bir bilgiyi kullanman\u0131z a\u015fa\u011f\u0131daki ko\u015fullar\u0131 kabul etti\u011finiz anlam\u0131na gelir. Bu internet sitesine girilmesi, sitenin ya da sitedeki<span class=\"excerpt-hellip\"> [\u2026]<\/span><\/p>\n","protected":false},"author":1,"featured_media":0,"parent":0,"menu_order":0,"comment_status":"closed","ping_status":"closed","template":"","meta":{"om_disable_all_campaigns":false,"_monsterinsights_skip_tracking":false,"_monsterinsights_sitenote_active":false,"_monsterinsights_sitenote_note":"","_monsterinsights_sitenote_category":0,"footnotes":""},"class_list":["post-625","page","type-page","status-publish","hentry"],"aioseo_notices":[],"_links":{"self":[{"href":"https:\/\/herbalkilokontrol.com.tr\/index.php\/wp-json\/wp\/v2\/pages\/625"}],"collection":[{"href":"https:\/\/herbalkilokontrol.com.tr\/index.php\/wp-json\/wp\/v2\/pages"}],"about":[{"href":"https:\/\/herbalkilokontrol.com.tr\/index.php\/wp-json\/wp\/v2\/types\/page"}],"author":[{"embeddable":true,"href":"https:\/\/herbalkilokontrol.com.tr\/index.php\/wp-json\/wp\/v2\/users\/1"}],"replies":[{"embeddable":true,"href":"https:\/\/herbalkilokontrol.com.tr\/index.php\/wp-json\/wp\/v2\/comments?post=625"}],"version-history":[{"count":1,"href":"https:\/\/herbalkilokontrol.com.tr\/index.php\/wp-json\/wp\/v2\/pages\/625\/revisions"}],"predecessor-version":[{"id":626,"href":"https:\/\/herbalkilokontrol.com.tr\/index.php\/wp-json\/wp\/v2\/pages\/625\/revisions\/626"}],"wp:attachment":[{"href":"https:\/\/herbalkilokontrol.com.tr\/index.php\/wp-json\/wp\/v2\/media?parent=625"}],"curies":[{"name":"wp","href":"https:\/\/api.w.org\/{rel}","templated":true}]}}